{"id":11599,"date":"2021-08-20T04:08:20","date_gmt":"2021-08-20T02:08:20","guid":{"rendered":"https:\/\/www.agilelabs.co.za\/?page_id=11493"},"modified":"2021-08-20T04:08:20","modified_gmt":"2021-08-20T02:08:20","slug":"field-calibrator-utility","status":"publish","type":"page","link":"https:\/\/www.agilelabs.co.za\/es\/field-calibrator-utility\/","title":{"rendered":"Utilidad de calibrador de campo"},"content":{"rendered":"<p><strong>Utilidad de calibrador de campo y calibradores de documentaci\u00f3n<\/strong><\/p>\n\n\n\n<p><\/p>\n\n\n\n<p>Aumente la productividad con calibraciones totalmente sin papel<\/p>\n\n\n\n<p><\/p>\n\n\n\n<p>El software ProCalV5 con Fluke Documenting Process Calibrators ofrece la soluci\u00f3n de calibraci\u00f3n sin papel, competitiva en costos y totalmente automatizada que mejorar\u00e1 la productividad en 50% o m\u00e1s en comparaci\u00f3n con las pr\u00e1cticas anticuadas de uso intensivo de papel. Para el t\u00e9cnico de un solo usuario hasta los gerentes de nivel empresarial, este sistema integral elimina los errores humanos tanto en el campo como durante la revisi\u00f3n de calidad posterior.<\/p>\n\n\n\n<p>Al utilizar un calibrador de campo de documentaci\u00f3n, como un Fluke 754, est\u00e1 asegurando la calidad de los resultados de la calibraci\u00f3n y que no haya errores causados por la escritura a mano de los resultados. Para garantizar que esos resultados se transfieran a la base de datos principal, la utilidad Field Calibrator carga y descarga autom\u00e1ticamente todos los datos necesarios para completar los procedimientos de calibraci\u00f3n que tiene implementados de manera uniforme.<\/p>\n\n\n\n<p><strong>Beneficios de utilizar la utilidad Field Calibrator y ProCalV5<\/strong><\/p>\n\n\n\n<figure class=\"wp-block-table alignleft\"><table><tbody><tr><td class=\"has-text-align-left\" data-align=\"left\"><strong>Fluke con ProCalV5<\/strong><\/td><td class=\"has-text-align-left\" data-align=\"left\"><strong>La mayor\u00eda de los dem\u00e1s software compatibles con DPC<\/strong><\/td><\/tr><tr><td class=\"has-text-align-left\" data-align=\"left\">Posibilidad de cargar resultados ad-hoc guardados desde la tecla programable &quot;Como se encontr\u00f3&quot; a cualquier etiqueta del sistema.<\/td><td class=\"has-text-align-left\" data-align=\"left\">Los usuarios deben descargar las tareas primero antes de los resultados ad-hoc.<\/td><\/tr><tr><td class=\"has-text-align-left\" data-align=\"left\">Al descargar tareas, el usuario puede definir indicaciones espec\u00edficas en el calibrador para campos como Horas hombre, Tipo de calibraci\u00f3n, Motivo de la falla, Temperatura y Humedad. Los datos se guardan autom\u00e1ticamente durante la carga.<\/td><td class=\"has-text-align-left\" data-align=\"left\">El usuario siempre debe ingresar datos adicionales en el sistema despu\u00e9s de la carga.<\/td><\/tr><tr><td class=\"has-text-align-left\" data-align=\"left\">Posibilidad de cargar datos registrados.<\/td><td class=\"has-text-align-left\" data-align=\"left\">No disponible.<\/td><\/tr><tr><td class=\"has-text-align-left\" data-align=\"left\">Posibilidad de descargar calibraciones manuales de pasa \/ falla al calibrador para ingresar el estado de pasa \/ falla en el campo.<\/td><td class=\"has-text-align-left\" data-align=\"left\">Solo se encuentran disponibles pruebas de conmutaci\u00f3n y anal\u00f3gicas \/ proporcionales.<\/td><\/tr><tr><td class=\"has-text-align-left\" data-align=\"left\">Posibilidad de configurar unidades personalizadas usando una unidad base y un rango para mostrar una unidad diferente.<\/td><td class=\"has-text-align-left\" data-align=\"left\">No disponible.<\/td><\/tr><tr><td class=\"has-text-align-left\" data-align=\"left\">Capacidad para utilizar el tipo de pantalla % of Scale para medir y \/ o generar fuentes en sus tareas de descarga<\/td><td class=\"has-text-align-left\" data-align=\"left\">No disponible.<\/td><\/tr><tr><td class=\"has-text-align-left\" data-align=\"left\">Permite mostrar el texto del procedimiento SOP asociado como una configuraci\u00f3n de varias p\u00e1ginas o un mensaje de resumen.<\/td><td class=\"has-text-align-left\" data-align=\"left\">Sin vista de documentos SOP en paralelo, las indicaciones se limitan a una pantalla a la vez.<\/td><\/tr><tr><td class=\"has-text-align-left\" data-align=\"left\">Ofrece un modo fotovoltaico digital para transmisores HART<\/td><td class=\"has-text-align-left\" data-align=\"left\">No disponible.<\/td><\/tr><tr><td class=\"has-text-align-left\" data-align=\"left\">Permite al usuario seleccionar f\u00e1cilmente entre la fuente de corriente (&quot;Fuente mA&quot;) y el disipador de corriente (&quot;Simular transmisor&quot;) en cualquier etiqueta de instrumento que se va a descargar.<\/td><td class=\"has-text-align-left\" data-align=\"left\">El uso del modo Simular transmisor requiere una soluci\u00f3n de configuraci\u00f3n en la mayor\u00eda de los casos.<\/td><\/tr><\/tbody><\/table><\/figure>\n\n\n\n<div class=\"wp-block-image\"><figure class=\"aligncenter size-full\"><img decoding=\"async\" src=\"https:\/\/www.agilelabs.co.za\/wp-content\/uploads\/2021\/08\/MonitorsAndFlukeReportsandMasterRecord.jpg\" alt=\"\" class=\"wp-image-11429\"\/><\/figure><\/div>","protected":false},"excerpt":{"rendered":"<p>Field Calibrator Utility &amp; Documenting Calibrators Boost Productivity with Fully Paperless Calibrations ProCalV5 software with Fluke Documenting Process Calibrators offers the \u201cBest of Breed\u201d fully-automated, cost competitive, paperless calibration solution that will improve productivity by 50% or more over antiquated paper intensive practices. For the single-user technician up to enterprise level managers, this comprehensive system<\/p>\n<p class=\"more-link\"><a href=\"https:\/\/www.agilelabs.co.za\/es\/field-calibrator-utility\/\" class=\"themebutton\">Lee mas<\/a><\/p>","protected":false},"author":1,"featured_media":0,"parent":0,"menu_order":0,"comment_status":"closed","ping_status":"closed","template":"","meta":{"_acf_changed":false,"_monsterinsights_skip_tracking":false,"_monsterinsights_sitenote_active":false,"_monsterinsights_sitenote_note":"","_monsterinsights_sitenote_category":0,"footnotes":""},"categories":[],"tags":[],"class_list":["post-11599","page","type-page","status-publish","hentry"],"acf":[],"aioseo_notices":[],"aioseo_head":"\n\t\t<!-- All in One SEO Pro 4.7.0 - aioseo.com -->\n\t\t<meta name=\"description\" content=\"Field Calibrator Utility &amp; Documenting Calibrators Boost Productivity with Fully Paperless Calibrations ProCalV5 software with Fluke Documenting Process Calibrators offers the \u201cBest of Breed\u201d fully-automated, cost competitive, paperless calibration solution that will improve productivity by 50% or more over antiquated paper intensive practices. For the single-user technician up to enterprise level managers, this comprehensive system\" \/>\n\t\t<meta name=\"robots\" content=\"max-image-preview:large\" \/>\n\t\t<meta name=\"google-site-verification\" content=\"Nku-_1g-wtMYqihMzrUWbm5pdgO5gPY2D7l1ya5YPAU\" \/>\n\t\t<meta name=\"msvalidate.01\" content=\"9fc30828a433413eb7b3b5d32174774f\" \/>\n\t\t<meta name=\"yandex-verification\" content=\"c2122235dabe51e3\" \/>\n\t\t<link rel=\"canonical\" href=\"https:\/\/www.agilelabs.co.za\/es\/field-calibrator-utility\/\" \/>\n\t\t<meta name=\"generator\" content=\"All in One SEO Pro (AIOSEO) 4.7.0\" \/>\n\t\t<meta property=\"og:locale\" content=\"es_ES\" \/>\n\t\t<meta property=\"og:site_name\" content=\"Agile Labs - Industry and laboratory software solutions\" \/>\n\t\t<meta property=\"og:type\" content=\"article\" \/>\n\t\t<meta property=\"og:title\" content=\"Field Calibrator Utility - Agile Labs\" \/>\n\t\t<meta property=\"og:description\" content=\"Field Calibrator Utility &amp; Documenting Calibrators Boost Productivity with Fully Paperless Calibrations ProCalV5 software with Fluke Documenting Process Calibrators offers the \u201cBest of Breed\u201d fully-automated, cost competitive, paperless calibration solution that will improve productivity by 50% or more over antiquated paper intensive practices. For the single-user technician up to enterprise level managers, this comprehensive system\" \/>\n\t\t<meta property=\"og:url\" content=\"https:\/\/www.agilelabs.co.za\/es\/field-calibrator-utility\/\" \/>\n\t\t<meta property=\"og:image\" content=\"https:\/\/www.agilelabs.co.za\/wp-content\/uploads\/2021\/08\/TwitterLogo.png?wsr\" \/>\n\t\t<meta property=\"og:image:secure_url\" content=\"https:\/\/www.agilelabs.co.za\/wp-content\/uploads\/2021\/08\/TwitterLogo.png?wsr\" \/>\n\t\t<meta property=\"og:image:width\" content=\"189\" \/>\n\t\t<meta property=\"og:image:height\" content=\"168\" \/>\n\t\t<meta property=\"article:published_time\" content=\"2021-08-20T02:08:20+00:00\" \/>\n\t\t<meta property=\"article:modified_time\" content=\"2021-08-20T02:08:20+00:00\" \/>\n\t\t<meta property=\"article:publisher\" content=\"https:\/\/www.facebook.com\/AgileLabsTeam\" \/>\n\t\t<meta property=\"article:author\" content=\"https:\/\/www.facebook.com\/AgileLabsTeam\" \/>\n\t\t<meta name=\"twitter:card\" content=\"summary\" \/>\n\t\t<meta name=\"twitter:site\" content=\"@InfoAgileLabs\" \/>\n\t\t<meta name=\"twitter:title\" content=\"Field Calibrator Utility - Agile Labs\" \/>\n\t\t<meta name=\"twitter:description\" content=\"Field Calibrator Utility &amp; Documenting Calibrators Boost Productivity with Fully Paperless Calibrations ProCalV5 software with Fluke Documenting Process Calibrators offers the \u201cBest of Breed\u201d fully-automated, cost competitive, paperless calibration solution that will improve productivity by 50% or more over antiquated paper intensive practices. For the single-user technician up to enterprise level managers, this comprehensive system\" \/>\n\t\t<meta name=\"twitter:creator\" content=\"@InfoAgileLabs\" \/>\n\t\t<meta name=\"twitter:image\" content=\"https:\/\/www.agilelabs.co.za\/wp-content\/uploads\/2021\/08\/TwitterLogo.png?wsr\" \/>\n\t\t<script type=\"application\/ld+json\" class=\"aioseo-schema\">\n\t\t\t{\"@context\":\"https:\\\/\\\/schema.org\",\"@graph\":[{\"@type\":\"BreadcrumbList\",\"@id\":\"https:\\\/\\\/www.agilelabs.co.za\\\/es\\\/field-calibrator-utility\\\/#breadcrumblist\",\"itemListElement\":[{\"@type\":\"ListItem\",\"@id\":\"https:\\\/\\\/www.agilelabs.co.za\\\/es\\\/#listItem\",\"position\":1,\"name\":\"Home\",\"item\":\"https:\\\/\\\/www.agilelabs.co.za\\\/es\\\/\",\"nextItem\":\"https:\\\/\\\/www.agilelabs.co.za\\\/es\\\/field-calibrator-utility\\\/#listItem\"},{\"@type\":\"ListItem\",\"@id\":\"https:\\\/\\\/www.agilelabs.co.za\\\/es\\\/field-calibrator-utility\\\/#listItem\",\"position\":2,\"name\":\"Field Calibrator Utility\",\"previousItem\":\"https:\\\/\\\/www.agilelabs.co.za\\\/es\\\/#listItem\"}]},{\"@type\":\"Organization\",\"@id\":\"https:\\\/\\\/www.agilelabs.co.za\\\/es\\\/#organization\",\"name\":\"Agile Labs\",\"url\":\"https:\\\/\\\/www.agilelabs.co.za\\\/es\\\/\",\"logo\":{\"@type\":\"ImageObject\",\"url\":\"https:\\\/\\\/www.agilelabs.co.za\\\/wp-content\\\/uploads\\\/2021\\\/08\\\/LogoTransparant.gif?wsr\",\"@id\":\"https:\\\/\\\/www.agilelabs.co.za\\\/es\\\/field-calibrator-utility\\\/#organizationLogo\",\"width\":125,\"height\":113},\"image\":{\"@id\":\"https:\\\/\\\/www.agilelabs.co.za\\\/es\\\/field-calibrator-utility\\\/#organizationLogo\"},\"sameAs\":[\"https:\\\/\\\/www.facebook.com\\\/AgileLabsTeam\",\"https:\\\/\\\/twitter.com\\\/InfoAgileLabs\"]},{\"@type\":\"WebPage\",\"@id\":\"https:\\\/\\\/www.agilelabs.co.za\\\/es\\\/field-calibrator-utility\\\/#webpage\",\"url\":\"https:\\\/\\\/www.agilelabs.co.za\\\/es\\\/field-calibrator-utility\\\/\",\"name\":\"Field Calibrator Utility - Agile Labs\",\"description\":\"Field Calibrator Utility & Documenting Calibrators Boost Productivity with Fully Paperless Calibrations ProCalV5 software with Fluke Documenting Process Calibrators offers the \\u201cBest of Breed\\u201d fully-automated, cost competitive, paperless calibration solution that will improve productivity by 50% or more over antiquated paper intensive practices. For the single-user technician up to enterprise level managers, this comprehensive system\",\"inLanguage\":\"es-ES\",\"isPartOf\":{\"@id\":\"https:\\\/\\\/www.agilelabs.co.za\\\/es\\\/#website\"},\"breadcrumb\":{\"@id\":\"https:\\\/\\\/www.agilelabs.co.za\\\/es\\\/field-calibrator-utility\\\/#breadcrumblist\"},\"datePublished\":\"2021-08-20T04:08:20+02:00\",\"dateModified\":\"2021-08-20T04:08:20+02:00\"},{\"@type\":\"WebSite\",\"@id\":\"https:\\\/\\\/www.agilelabs.co.za\\\/es\\\/#website\",\"url\":\"https:\\\/\\\/www.agilelabs.co.za\\\/es\\\/\",\"name\":\"Agile Labs\",\"description\":\"Industry and laboratory software solutions\",\"inLanguage\":\"es-ES\",\"publisher\":{\"@id\":\"https:\\\/\\\/www.agilelabs.co.za\\\/es\\\/#organization\"}}]}\n\t\t<\/script>\n\t\t<script type=\"text\/javascript\">\n\t\t\t(function(c,l,a,r,i,t,y){\n\t\t\tc[a]=c[a]||function(){(c[a].q=c[a].q||[]).push(arguments)};t=l.createElement(r);t.async=1;\n\t\t\tt.src=\"https:\/\/www.clarity.ms\/tag\/\"+i+\"?ref=aioseo\";y=l.getElementsByTagName(r)[0];y.parentNode.insertBefore(t,y);\n\t\t})(window, document, \"clarity\", \"script\", \"b88vlc75di\");\n\t\t<\/script>\n\t\t<!-- All in One SEO Pro -->\r\n\t\t<title>Field Calibrator Utility - Agile Labs<\/title>\n\n","aioseo_head_json":{"title":"Field Calibrator Utility - Agile Labs","description":"Field Calibrator Utility & Documenting Calibrators Boost Productivity with Fully Paperless Calibrations ProCalV5 software with Fluke Documenting Process Calibrators offers the \u201cBest of Breed\u201d fully-automated, cost competitive, paperless calibration solution that will improve productivity by 50% or more over antiquated paper intensive practices. For the single-user technician up to enterprise level managers, this comprehensive system","canonical_url":"https:\/\/www.agilelabs.co.za\/es\/field-calibrator-utility\/","robots":"max-image-preview:large","keywords":"","webmasterTools":{"google-site-verification":"Nku-_1g-wtMYqihMzrUWbm5pdgO5gPY2D7l1ya5YPAU","msvalidate.01":"9fc30828a433413eb7b3b5d32174774f","yandex-verification":"c2122235dabe51e3","miscellaneous":""},"og:locale":"es_ES","og:site_name":"Agile Labs - Industry and laboratory software solutions","og:type":"article","og:title":"Field Calibrator Utility - Agile Labs","og:description":"Field Calibrator Utility &amp; Documenting Calibrators Boost Productivity with Fully Paperless Calibrations ProCalV5 software with Fluke Documenting Process Calibrators offers the \u201cBest of Breed\u201d fully-automated, cost competitive, paperless calibration solution that will improve productivity by 50% or more over antiquated paper intensive practices. For the single-user technician up to enterprise level managers, this comprehensive system","og:url":"https:\/\/www.agilelabs.co.za\/es\/field-calibrator-utility\/","og:image":"https:\/\/www.agilelabs.co.za\/wp-content\/uploads\/2021\/08\/TwitterLogo.png?wsr","og:image:secure_url":"https:\/\/www.agilelabs.co.za\/wp-content\/uploads\/2021\/08\/TwitterLogo.png?wsr","og:image:width":189,"og:image:height":168,"article:published_time":"2021-08-20T02:08:20+00:00","article:modified_time":"2021-08-20T02:08:20+00:00","article:publisher":"https:\/\/www.facebook.com\/AgileLabsTeam","article:author":"https:\/\/www.facebook.com\/AgileLabsTeam","twitter:card":"summary","twitter:site":"@InfoAgileLabs","twitter:title":"Field Calibrator Utility - Agile Labs","twitter:description":"Field Calibrator Utility &amp; Documenting Calibrators Boost Productivity with Fully Paperless Calibrations ProCalV5 software with Fluke Documenting Process Calibrators offers the \u201cBest of Breed\u201d fully-automated, cost competitive, paperless calibration solution that will improve productivity by 50% or more over antiquated paper intensive practices. For the single-user technician up to enterprise level managers, this comprehensive system","twitter:creator":"@InfoAgileLabs","twitter:image":"https:\/\/www.agilelabs.co.za\/wp-content\/uploads\/2021\/08\/TwitterLogo.png?wsr","schema":{"@context":"https:\/\/schema.org","@graph":[{"@type":"BreadcrumbList","@id":"https:\/\/www.agilelabs.co.za\/es\/field-calibrator-utility\/#breadcrumblist","itemListElement":[{"@type":"ListItem","@id":"https:\/\/www.agilelabs.co.za\/es\/#listItem","position":1,"name":"Home","item":"https:\/\/www.agilelabs.co.za\/es\/","nextItem":"https:\/\/www.agilelabs.co.za\/es\/field-calibrator-utility\/#listItem"},{"@type":"ListItem","@id":"https:\/\/www.agilelabs.co.za\/es\/field-calibrator-utility\/#listItem","position":2,"name":"Field Calibrator Utility","previousItem":"https:\/\/www.agilelabs.co.za\/es\/#listItem"}]},{"@type":"Organization","@id":"https:\/\/www.agilelabs.co.za\/es\/#organization","name":"Agile Labs","url":"https:\/\/www.agilelabs.co.za\/es\/","logo":{"@type":"ImageObject","url":"https:\/\/www.agilelabs.co.za\/wp-content\/uploads\/2021\/08\/LogoTransparant.gif?wsr","@id":"https:\/\/www.agilelabs.co.za\/es\/field-calibrator-utility\/#organizationLogo","width":125,"height":113},"image":{"@id":"https:\/\/www.agilelabs.co.za\/es\/field-calibrator-utility\/#organizationLogo"},"sameAs":["https:\/\/www.facebook.com\/AgileLabsTeam","https:\/\/twitter.com\/InfoAgileLabs"]},{"@type":"WebPage","@id":"https:\/\/www.agilelabs.co.za\/es\/field-calibrator-utility\/#webpage","url":"https:\/\/www.agilelabs.co.za\/es\/field-calibrator-utility\/","name":"Field Calibrator Utility - Agile Labs","description":"Field Calibrator Utility & Documenting Calibrators Boost Productivity with Fully Paperless Calibrations ProCalV5 software with Fluke Documenting Process Calibrators offers the \u201cBest of Breed\u201d fully-automated, cost competitive, paperless calibration solution that will improve productivity by 50% or more over antiquated paper intensive practices. For the single-user technician up to enterprise level managers, this comprehensive system","inLanguage":"es-ES","isPartOf":{"@id":"https:\/\/www.agilelabs.co.za\/es\/#website"},"breadcrumb":{"@id":"https:\/\/www.agilelabs.co.za\/es\/field-calibrator-utility\/#breadcrumblist"},"datePublished":"2021-08-20T04:08:20+02:00","dateModified":"2021-08-20T04:08:20+02:00"},{"@type":"WebSite","@id":"https:\/\/www.agilelabs.co.za\/es\/#website","url":"https:\/\/www.agilelabs.co.za\/es\/","name":"Agile Labs","description":"Industry and laboratory software solutions","inLanguage":"es-ES","publisher":{"@id":"https:\/\/www.agilelabs.co.za\/es\/#organization"}}]}},"aioseo_meta_data":{"post_id":"11599","title":null,"description":null,"keywords":null,"keyphrases":null,"primary_term":null,"canonical_url":null,"og_title":null,"og_description":null,"og_object_type":"default","og_image_type":"default","og_image_url":null,"og_image_width":null,"og_image_height":null,"og_image_custom_url":null,"og_image_custom_fields":null,"og_video":null,"og_custom_url":null,"og_article_section":null,"og_article_tags":null,"twitter_use_og":false,"twitter_card":"default","twitter_image_type":"default","twitter_image_url":null,"twitter_image_custom_url":null,"twitter_image_custom_fields":null,"twitter_title":null,"twitter_description":null,"schema":{"blockGraphs":[],"customGraphs":[],"default":{"data":{"Article":[],"Course":[],"Dataset":[],"FAQPage":[],"Movie":[],"Person":[],"Product":[],"Recipe":[],"Service":[],"SoftwareApplication":[],"WebPage":[]},"graphName":"","isEnabled":true},"graphs":[]},"schema_type":"default","schema_type_options":null,"pillar_content":false,"robots_default":true,"robots_noindex":false,"robots_noarchive":false,"robots_nosnippet":false,"robots_nofollow":false,"robots_noimageindex":false,"robots_noodp":false,"robots_notranslate":false,"robots_max_snippet":null,"robots_max_videopreview":null,"robots_max_imagepreview":"large","priority":null,"frequency":null,"local_seo":null,"limit_modified_date":false,"open_ai":null,"created":"2022-02-09 02:39:01","updated":"2022-09-13 21:16:28"},"_links":{"self":[{"href":"https:\/\/www.agilelabs.co.za\/es\/wp-json\/wp\/v2\/pages\/11599","targetHints":{"allow":["GET"]}}],"collection":[{"href":"https:\/\/www.agilelabs.co.za\/es\/wp-json\/wp\/v2\/pages"}],"about":[{"href":"https:\/\/www.agilelabs.co.za\/es\/wp-json\/wp\/v2\/types\/page"}],"author":[{"embeddable":true,"href":"https:\/\/www.agilelabs.co.za\/es\/wp-json\/wp\/v2\/users\/1"}],"replies":[{"embeddable":true,"href":"https:\/\/www.agilelabs.co.za\/es\/wp-json\/wp\/v2\/comments?post=11599"}],"version-history":[{"count":0,"href":"https:\/\/www.agilelabs.co.za\/es\/wp-json\/wp\/v2\/pages\/11599\/revisions"}],"wp:attachment":[{"href":"https:\/\/www.agilelabs.co.za\/es\/wp-json\/wp\/v2\/media?parent=11599"}],"wp:term":[{"taxonomy":"category","embeddable":true,"href":"https:\/\/www.agilelabs.co.za\/es\/wp-json\/wp\/v2\/categories?post=11599"},{"taxonomy":"post_tag","embeddable":true,"href":"https:\/\/www.agilelabs.co.za\/es\/wp-json\/wp\/v2\/tags?post=11599"}],"curies":[{"name":"wp","href":"https:\/\/api.w.org\/{rel}","templated":true}]}}