{"id":11596,"date":"2021-08-20T03:33:50","date_gmt":"2021-08-20T01:33:50","guid":{"rendered":"https:\/\/www.agilelabs.co.za\/?page_id=11476"},"modified":"2021-09-01T15:21:43","modified_gmt":"2021-09-01T13:21:43","slug":"procal-direct","status":"publish","type":"page","link":"https:\/\/www.agilelabs.co.za\/es\/procal-direct\/","title":{"rendered":"ProCal Direct"},"content":{"rendered":"<p><strong>ProCal Direct: software de gesti\u00f3n de calibraci\u00f3n basado en la nube<\/strong><\/p>\n\n\n\n<p><\/p>\n\n\n\n<blockquote class=\"wp-block-quote is-layout-flow wp-block-quote-is-layout-flow\"><p>Entregando toda la potencia y el rendimiento de ProCalV5<\/p><\/blockquote>\n\n\n\n<p>Deje a nosotros la gesti\u00f3n de la implementaci\u00f3n del software, el mantenimiento de la base de datos, la validaci\u00f3n del servidor y la infraestructura de TI. Con el software de calibraci\u00f3n ProCal Direct, puede acceder instant\u00e1neamente a sus datos de calibraci\u00f3n y mantenimiento alojados profesionalmente desde cualquier lugar a trav\u00e9s de una soluci\u00f3n validada basada en la nube.<\/p>\n\n\n\n<div class=\"wp-block-image\"><figure class=\"aligncenter size-full\"><img decoding=\"async\" width=\"350\" height=\"255\" src=\"https:\/\/www.agilelabs.co.za\/wp-content\/uploads\/2021\/08\/Cloudcomputing.jpg\" alt=\"\" class=\"wp-image-11506\" srcset=\"https:\/\/www.agilelabs.co.za\/wp-content\/uploads\/2021\/08\/Cloudcomputing.jpg 350w, https:\/\/www.agilelabs.co.za\/wp-content\/uploads\/2021\/08\/Cloudcomputing-300x219.jpg 300w\" sizes=\"(max-width: 350px) 100vw, 350px\" \/><\/figure><\/div>\n\n\n\n<p><strong>Gesti\u00f3n de activos de precisi\u00f3n<\/strong><\/p>\n\n\n\n<p>La mayor\u00eda de las soluciones de gesti\u00f3n de activos de alto nivel (ERP, CMMS, etc.) carecen de los detalles necesarios para gestionar adecuadamente las actividades de calibraci\u00f3n de instrumentos. La productividad del usuario final suele verse comprometida. El software de calibraci\u00f3n ProCalV5 ofrece caracter\u00edsticas cr\u00edticas que facilitan la m\u00e1xima eficiencia y altos resultados. Vea los aspectos m\u00e1s destacados a continuaci\u00f3n para ver muchas de las caracter\u00edsticas \/ beneficios de usar el software ProCalv5.<\/p>\n\n\n\n<p><strong>Protecci\u00f3n de aplicaciones de misi\u00f3n cr\u00edtica para una experiencia siempre activa<\/strong><\/p>\n\n\n\n<p>Los servicios de hospedaje brindados ofrecen alta disponibilidad y recuperaci\u00f3n integral ante desastres. Los controles redundantes proporcionan replicaci\u00f3n de datos en tiempo real para una conmutaci\u00f3n inmediata. Una combinaci\u00f3n de componentes del sistema de seguridad f\u00edsicos y de red garantiza que los datos est\u00e9n realmente a salvo de las consecuencias de una infracci\u00f3n. Se agrega una capa adicional de servicios para prevenir, proteger, detectar y mitigar amenazas para satisfacer necesidades de seguridad espec\u00edficas. Adem\u00e1s, para los clientes de la industria de la salud, los servicios cumplen con los requisitos y est\u00e1ndares de seguridad de HIPAA.<\/p>\n\n\n\n<p><\/p>\n\n\n\n<p><strong>Totalmente compatible para cumplir con los requisitos de 21CFR \/ Parte 11<\/strong><\/p>\n\n\n\n<p><\/p>\n\n\n\n<p>Primero en la industria con software de calibraci\u00f3n compatible con 21 CFR Parte 11, ProCal Direct sigue a ProCalV5 como una soluci\u00f3n probada en la industria. Las pr\u00e1cticas de pruebas de validaci\u00f3n y desarrollo de la calidad de Prime Technologies son auditadas y aprobadas de forma rutinaria por las principales empresas de ciencias biol\u00f3gicas. Los scripts IQ \/ OQ y los servicios de validaci\u00f3n son ofertas est\u00e1ndar.<\/p>\n\n\n\n<p><\/p>\n\n\n\n<p><strong>Potentes informes y an\u00e1lisis<\/strong><\/p>\n\n\n\n<p>Viene con m\u00e1s de 70 informes est\u00e1ndar. Con Crystal Reports, estos pueden ser modificados por el usuario y se pueden agregar nuevos informes. Las potentes funciones de consulta avanzadas ofrecen una r\u00e1pida recuperaci\u00f3n de datos enfocados y ordenados. Una vez construidas, las consultas avanzadas se pueden nombrar y guardar para su ejecuci\u00f3n futura. Los servicios tambi\u00e9n est\u00e1n disponibles para crear informes personalizados seg\u00fan sus requisitos espec\u00edficos. <a href=\"https:\/\/www.agilelabs.co.za\/es\/powerful-reporting-and-analytics-with-procal-software\/\" data-type=\"URL\" data-id=\"https:\/\/www.agilelabs.co.za\/powerful-reporting-and-analytics-with-procal-software\/\"><strong>Haga clic aqu\u00ed para leer m\u00e1s sobre informes y ejemplos de informes<\/strong>.<\/a><\/p>\n\n\n\n<p>Calibraci\u00f3n sin papel que ahorra tiempo<\/p>\n\n\n\n<p><\/p>\n\n\n\n<div class=\"wp-block-image\"><figure class=\"aligncenter size-full\"><img decoding=\"async\" width=\"546\" height=\"461\" src=\"https:\/\/www.agilelabs.co.za\/wp-content\/uploads\/2021\/08\/ProCalPyramidNotify.png\" alt=\"\" class=\"wp-image-11535\" srcset=\"https:\/\/www.agilelabs.co.za\/wp-content\/uploads\/2021\/08\/ProCalPyramidNotify.png 546w, https:\/\/www.agilelabs.co.za\/wp-content\/uploads\/2021\/08\/ProCalPyramidNotify-350x296.png 350w, https:\/\/www.agilelabs.co.za\/wp-content\/uploads\/2021\/08\/ProCalPyramidNotify-300x253.png 300w\" sizes=\"(max-width: 546px) 100vw, 546px\" \/><\/figure><\/div>","protected":false},"excerpt":{"rendered":"<p>ProCal Direct &#8211; Cloud-Based Calibration Management Software Delivering All the Power and Performance of ProCalV5 Leave the management of software deployment, database maintenance, server validation and IT infrastructure to us. With ProCal Direct calibration software you can instantly access your professionally hosted calibration &amp; maintenance data from anywhere&nbsp;via a validated Cloud-based solution. Precision Asset Management<\/p>\n<p class=\"more-link\"><a href=\"https:\/\/www.agilelabs.co.za\/es\/procal-direct\/\" class=\"themebutton\">Lee mas<\/a><\/p>","protected":false},"author":1,"featured_media":0,"parent":0,"menu_order":0,"comment_status":"closed","ping_status":"closed","template":"","meta":{"_acf_changed":false,"_monsterinsights_skip_tracking":false,"_monsterinsights_sitenote_active":false,"_monsterinsights_sitenote_note":"","_monsterinsights_sitenote_category":0,"footnotes":""},"categories":[],"tags":[],"class_list":["post-11596","page","type-page","status-publish","hentry"],"acf":[],"aioseo_notices":[],"aioseo_head":"\n\t\t<!-- All in One SEO Pro 4.7.0 - aioseo.com -->\n\t\t<meta name=\"description\" content=\"ProCal Direct - Cloud-Based Calibration Management Software Delivering All the Power and Performance of ProCalV5 Leave the management of software deployment, database maintenance, server validation and IT infrastructure to us. With ProCal Direct calibration software you can instantly access your professionally hosted calibration &amp; maintenance data from anywhere via a validated Cloud-based solution. Precision Asset Management\" \/>\n\t\t<meta name=\"robots\" content=\"max-image-preview:large\" \/>\n\t\t<meta name=\"google-site-verification\" content=\"Nku-_1g-wtMYqihMzrUWbm5pdgO5gPY2D7l1ya5YPAU\" \/>\n\t\t<meta name=\"msvalidate.01\" content=\"9fc30828a433413eb7b3b5d32174774f\" \/>\n\t\t<meta name=\"yandex-verification\" content=\"c2122235dabe51e3\" \/>\n\t\t<link rel=\"canonical\" href=\"https:\/\/www.agilelabs.co.za\/es\/procal-direct\/\" \/>\n\t\t<meta name=\"generator\" content=\"All in One SEO Pro (AIOSEO) 4.7.0\" \/>\n\t\t<meta property=\"og:locale\" content=\"es_ES\" \/>\n\t\t<meta property=\"og:site_name\" content=\"Agile Labs - Industry and laboratory software solutions\" \/>\n\t\t<meta property=\"og:type\" content=\"article\" \/>\n\t\t<meta property=\"og:title\" content=\"ProCal Direct - Agile Labs\" \/>\n\t\t<meta property=\"og:description\" content=\"ProCal Direct - Cloud-Based Calibration Management Software Delivering All the Power and Performance of ProCalV5 Leave the management of software deployment, database maintenance, server validation and IT infrastructure to us. With ProCal Direct calibration software you can instantly access your professionally hosted calibration &amp; maintenance data from anywhere via a validated Cloud-based solution. Precision Asset Management\" \/>\n\t\t<meta property=\"og:url\" content=\"https:\/\/www.agilelabs.co.za\/es\/procal-direct\/\" \/>\n\t\t<meta property=\"og:image\" content=\"https:\/\/www.agilelabs.co.za\/wp-content\/uploads\/2021\/08\/TwitterLogo.png?wsr\" \/>\n\t\t<meta property=\"og:image:secure_url\" content=\"https:\/\/www.agilelabs.co.za\/wp-content\/uploads\/2021\/08\/TwitterLogo.png?wsr\" \/>\n\t\t<meta property=\"og:image:width\" content=\"189\" \/>\n\t\t<meta property=\"og:image:height\" content=\"168\" \/>\n\t\t<meta property=\"article:published_time\" content=\"2021-08-20T01:33:50+00:00\" \/>\n\t\t<meta property=\"article:modified_time\" content=\"2021-09-01T13:21:43+00:00\" \/>\n\t\t<meta property=\"article:publisher\" content=\"https:\/\/www.facebook.com\/AgileLabsTeam\" \/>\n\t\t<meta property=\"article:author\" content=\"https:\/\/www.facebook.com\/AgileLabsTeam\" \/>\n\t\t<meta name=\"twitter:card\" content=\"summary\" \/>\n\t\t<meta name=\"twitter:site\" content=\"@InfoAgileLabs\" \/>\n\t\t<meta name=\"twitter:title\" content=\"ProCal Direct - Agile Labs\" \/>\n\t\t<meta name=\"twitter:description\" content=\"ProCal Direct - Cloud-Based Calibration Management Software Delivering All the Power and Performance of ProCalV5 Leave the management of software deployment, database maintenance, server validation and IT infrastructure to us. With ProCal Direct calibration software you can instantly access your professionally hosted calibration &amp; maintenance data from anywhere via a validated Cloud-based solution. Precision Asset Management\" \/>\n\t\t<meta name=\"twitter:creator\" content=\"@InfoAgileLabs\" \/>\n\t\t<meta name=\"twitter:image\" content=\"https:\/\/www.agilelabs.co.za\/wp-content\/uploads\/2021\/08\/TwitterLogo.png?wsr\" \/>\n\t\t<script type=\"application\/ld+json\" class=\"aioseo-schema\">\n\t\t\t{\"@context\":\"https:\\\/\\\/schema.org\",\"@graph\":[{\"@type\":\"BreadcrumbList\",\"@id\":\"https:\\\/\\\/www.agilelabs.co.za\\\/es\\\/procal-direct\\\/#breadcrumblist\",\"itemListElement\":[{\"@type\":\"ListItem\",\"@id\":\"https:\\\/\\\/www.agilelabs.co.za\\\/es\\\/#listItem\",\"position\":1,\"name\":\"Home\",\"item\":\"https:\\\/\\\/www.agilelabs.co.za\\\/es\\\/\",\"nextItem\":\"https:\\\/\\\/www.agilelabs.co.za\\\/es\\\/procal-direct\\\/#listItem\"},{\"@type\":\"ListItem\",\"@id\":\"https:\\\/\\\/www.agilelabs.co.za\\\/es\\\/procal-direct\\\/#listItem\",\"position\":2,\"name\":\"ProCal Direct\",\"previousItem\":\"https:\\\/\\\/www.agilelabs.co.za\\\/es\\\/#listItem\"}]},{\"@type\":\"Organization\",\"@id\":\"https:\\\/\\\/www.agilelabs.co.za\\\/es\\\/#organization\",\"name\":\"Agile Labs\",\"url\":\"https:\\\/\\\/www.agilelabs.co.za\\\/es\\\/\",\"logo\":{\"@type\":\"ImageObject\",\"url\":\"https:\\\/\\\/www.agilelabs.co.za\\\/wp-content\\\/uploads\\\/2021\\\/08\\\/LogoTransparant.gif?wsr\",\"@id\":\"https:\\\/\\\/www.agilelabs.co.za\\\/es\\\/procal-direct\\\/#organizationLogo\",\"width\":125,\"height\":113},\"image\":{\"@id\":\"https:\\\/\\\/www.agilelabs.co.za\\\/es\\\/procal-direct\\\/#organizationLogo\"},\"sameAs\":[\"https:\\\/\\\/www.facebook.com\\\/AgileLabsTeam\",\"https:\\\/\\\/twitter.com\\\/InfoAgileLabs\"]},{\"@type\":\"WebPage\",\"@id\":\"https:\\\/\\\/www.agilelabs.co.za\\\/es\\\/procal-direct\\\/#webpage\",\"url\":\"https:\\\/\\\/www.agilelabs.co.za\\\/es\\\/procal-direct\\\/\",\"name\":\"ProCal Direct - Agile Labs\",\"description\":\"ProCal Direct - Cloud-Based Calibration Management Software Delivering All the Power and Performance of ProCalV5 Leave the management of software deployment, database maintenance, server validation and IT infrastructure to us. With ProCal Direct calibration software you can instantly access your professionally hosted calibration & maintenance data from anywhere via a validated Cloud-based solution. Precision Asset Management\",\"inLanguage\":\"es-ES\",\"isPartOf\":{\"@id\":\"https:\\\/\\\/www.agilelabs.co.za\\\/es\\\/#website\"},\"breadcrumb\":{\"@id\":\"https:\\\/\\\/www.agilelabs.co.za\\\/es\\\/procal-direct\\\/#breadcrumblist\"},\"datePublished\":\"2021-08-20T03:33:50+02:00\",\"dateModified\":\"2021-09-01T15:21:43+02:00\"},{\"@type\":\"WebSite\",\"@id\":\"https:\\\/\\\/www.agilelabs.co.za\\\/es\\\/#website\",\"url\":\"https:\\\/\\\/www.agilelabs.co.za\\\/es\\\/\",\"name\":\"Agile Labs\",\"description\":\"Industry and laboratory software solutions\",\"inLanguage\":\"es-ES\",\"publisher\":{\"@id\":\"https:\\\/\\\/www.agilelabs.co.za\\\/es\\\/#organization\"}}]}\n\t\t<\/script>\n\t\t<script type=\"text\/javascript\">\n\t\t\t(function(c,l,a,r,i,t,y){\n\t\t\tc[a]=c[a]||function(){(c[a].q=c[a].q||[]).push(arguments)};t=l.createElement(r);t.async=1;\n\t\t\tt.src=\"https:\/\/www.clarity.ms\/tag\/\"+i+\"?ref=aioseo\";y=l.getElementsByTagName(r)[0];y.parentNode.insertBefore(t,y);\n\t\t})(window, document, \"clarity\", \"script\", \"b88vlc75di\");\n\t\t<\/script>\n\t\t<!-- All in One SEO Pro -->\r\n\t\t<title>ProCal Direct - Agile Labs<\/title>\n\n","aioseo_head_json":{"title":"ProCal Direct - Agile Labs","description":"ProCal Direct - Cloud-Based Calibration Management Software Delivering All the Power and Performance of ProCalV5 Leave the management of software deployment, database maintenance, server validation and IT infrastructure to us. With ProCal Direct calibration software you can instantly access your professionally hosted calibration & maintenance data from anywhere via a validated Cloud-based solution. Precision Asset Management","canonical_url":"https:\/\/www.agilelabs.co.za\/es\/procal-direct\/","robots":"max-image-preview:large","keywords":"","webmasterTools":{"google-site-verification":"Nku-_1g-wtMYqihMzrUWbm5pdgO5gPY2D7l1ya5YPAU","msvalidate.01":"9fc30828a433413eb7b3b5d32174774f","yandex-verification":"c2122235dabe51e3","miscellaneous":""},"og:locale":"es_ES","og:site_name":"Agile Labs - Industry and laboratory software solutions","og:type":"article","og:title":"ProCal Direct - Agile Labs","og:description":"ProCal Direct - Cloud-Based Calibration Management Software Delivering All the Power and Performance of ProCalV5 Leave the management of software deployment, database maintenance, server validation and IT infrastructure to us. With ProCal Direct calibration software you can instantly access your professionally hosted calibration &amp; maintenance data from anywhere via a validated Cloud-based solution. Precision Asset Management","og:url":"https:\/\/www.agilelabs.co.za\/es\/procal-direct\/","og:image":"https:\/\/www.agilelabs.co.za\/wp-content\/uploads\/2021\/08\/TwitterLogo.png?wsr","og:image:secure_url":"https:\/\/www.agilelabs.co.za\/wp-content\/uploads\/2021\/08\/TwitterLogo.png?wsr","og:image:width":189,"og:image:height":168,"article:published_time":"2021-08-20T01:33:50+00:00","article:modified_time":"2021-09-01T13:21:43+00:00","article:publisher":"https:\/\/www.facebook.com\/AgileLabsTeam","article:author":"https:\/\/www.facebook.com\/AgileLabsTeam","twitter:card":"summary","twitter:site":"@InfoAgileLabs","twitter:title":"ProCal Direct - Agile Labs","twitter:description":"ProCal Direct - Cloud-Based Calibration Management Software Delivering All the Power and Performance of ProCalV5 Leave the management of software deployment, database maintenance, server validation and IT infrastructure to us. With ProCal Direct calibration software you can instantly access your professionally hosted calibration &amp; maintenance data from anywhere via a validated Cloud-based solution. Precision Asset Management","twitter:creator":"@InfoAgileLabs","twitter:image":"https:\/\/www.agilelabs.co.za\/wp-content\/uploads\/2021\/08\/TwitterLogo.png?wsr","schema":{"@context":"https:\/\/schema.org","@graph":[{"@type":"BreadcrumbList","@id":"https:\/\/www.agilelabs.co.za\/es\/procal-direct\/#breadcrumblist","itemListElement":[{"@type":"ListItem","@id":"https:\/\/www.agilelabs.co.za\/es\/#listItem","position":1,"name":"Home","item":"https:\/\/www.agilelabs.co.za\/es\/","nextItem":"https:\/\/www.agilelabs.co.za\/es\/procal-direct\/#listItem"},{"@type":"ListItem","@id":"https:\/\/www.agilelabs.co.za\/es\/procal-direct\/#listItem","position":2,"name":"ProCal Direct","previousItem":"https:\/\/www.agilelabs.co.za\/es\/#listItem"}]},{"@type":"Organization","@id":"https:\/\/www.agilelabs.co.za\/es\/#organization","name":"Agile Labs","url":"https:\/\/www.agilelabs.co.za\/es\/","logo":{"@type":"ImageObject","url":"https:\/\/www.agilelabs.co.za\/wp-content\/uploads\/2021\/08\/LogoTransparant.gif?wsr","@id":"https:\/\/www.agilelabs.co.za\/es\/procal-direct\/#organizationLogo","width":125,"height":113},"image":{"@id":"https:\/\/www.agilelabs.co.za\/es\/procal-direct\/#organizationLogo"},"sameAs":["https:\/\/www.facebook.com\/AgileLabsTeam","https:\/\/twitter.com\/InfoAgileLabs"]},{"@type":"WebPage","@id":"https:\/\/www.agilelabs.co.za\/es\/procal-direct\/#webpage","url":"https:\/\/www.agilelabs.co.za\/es\/procal-direct\/","name":"ProCal Direct - Agile Labs","description":"ProCal Direct - Cloud-Based Calibration Management Software Delivering All the Power and Performance of ProCalV5 Leave the management of software deployment, database maintenance, server validation and IT infrastructure to us. With ProCal Direct calibration software you can instantly access your professionally hosted calibration & maintenance data from anywhere via a validated Cloud-based solution. Precision Asset Management","inLanguage":"es-ES","isPartOf":{"@id":"https:\/\/www.agilelabs.co.za\/es\/#website"},"breadcrumb":{"@id":"https:\/\/www.agilelabs.co.za\/es\/procal-direct\/#breadcrumblist"},"datePublished":"2021-08-20T03:33:50+02:00","dateModified":"2021-09-01T15:21:43+02:00"},{"@type":"WebSite","@id":"https:\/\/www.agilelabs.co.za\/es\/#website","url":"https:\/\/www.agilelabs.co.za\/es\/","name":"Agile Labs","description":"Industry and laboratory software solutions","inLanguage":"es-ES","publisher":{"@id":"https:\/\/www.agilelabs.co.za\/es\/#organization"}}]}},"aioseo_meta_data":{"post_id":"11596","title":null,"description":null,"keywords":null,"keyphrases":null,"primary_term":null,"canonical_url":null,"og_title":null,"og_description":null,"og_object_type":"default","og_image_type":"default","og_image_url":null,"og_image_width":null,"og_image_height":null,"og_image_custom_url":null,"og_image_custom_fields":null,"og_video":null,"og_custom_url":null,"og_article_section":null,"og_article_tags":null,"twitter_use_og":false,"twitter_card":"default","twitter_image_type":"default","twitter_image_url":null,"twitter_image_custom_url":null,"twitter_image_custom_fields":null,"twitter_title":null,"twitter_description":null,"schema":{"blockGraphs":[],"customGraphs":[],"default":{"data":{"Article":[],"Course":[],"Dataset":[],"FAQPage":[],"Movie":[],"Person":[],"Product":[],"Recipe":[],"Service":[],"SoftwareApplication":[],"WebPage":[]},"graphName":"","isEnabled":true},"graphs":[]},"schema_type":"default","schema_type_options":null,"pillar_content":false,"robots_default":true,"robots_noindex":false,"robots_noarchive":false,"robots_nosnippet":false,"robots_nofollow":false,"robots_noimageindex":false,"robots_noodp":false,"robots_notranslate":false,"robots_max_snippet":null,"robots_max_videopreview":null,"robots_max_imagepreview":"large","priority":null,"frequency":null,"local_seo":null,"limit_modified_date":false,"open_ai":null,"created":"2022-02-09 02:39:01","updated":"2022-09-13 21:13:06"},"_links":{"self":[{"href":"https:\/\/www.agilelabs.co.za\/es\/wp-json\/wp\/v2\/pages\/11596","targetHints":{"allow":["GET"]}}],"collection":[{"href":"https:\/\/www.agilelabs.co.za\/es\/wp-json\/wp\/v2\/pages"}],"about":[{"href":"https:\/\/www.agilelabs.co.za\/es\/wp-json\/wp\/v2\/types\/page"}],"author":[{"embeddable":true,"href":"https:\/\/www.agilelabs.co.za\/es\/wp-json\/wp\/v2\/users\/1"}],"replies":[{"embeddable":true,"href":"https:\/\/www.agilelabs.co.za\/es\/wp-json\/wp\/v2\/comments?post=11596"}],"version-history":[{"count":0,"href":"https:\/\/www.agilelabs.co.za\/es\/wp-json\/wp\/v2\/pages\/11596\/revisions"}],"wp:attachment":[{"href":"https:\/\/www.agilelabs.co.za\/es\/wp-json\/wp\/v2\/media?parent=11596"}],"wp:term":[{"taxonomy":"category","embeddable":true,"href":"https:\/\/www.agilelabs.co.za\/es\/wp-json\/wp\/v2\/categories?post=11596"},{"taxonomy":"post_tag","embeddable":true,"href":"https:\/\/www.agilelabs.co.za\/es\/wp-json\/wp\/v2\/tags?post=11596"}],"curies":[{"name":"wp","href":"https:\/\/api.w.org\/{rel}","templated":true}]}}