{"id":11592,"date":"2021-08-20T02:44:41","date_gmt":"2021-08-20T00:44:41","guid":{"rendered":"https:\/\/www.agilelabs.co.za\/?page_id=11447"},"modified":"2021-11-23T20:27:26","modified_gmt":"2021-11-23T18:27:26","slug":"overview","status":"publish","type":"page","link":"https:\/\/www.agilelabs.co.za\/es\/overview\/","title":{"rendered":"Visi\u00f3n general"},"content":{"rendered":"<blockquote class=\"wp-block-quote is-layout-flow wp-block-quote-is-layout-flow\"><p>Software de gesti\u00f3n de calibraci\u00f3n - CMS<\/p><\/blockquote>\n\n\n\n<p>Prime Technologies ofrece soluciones probadas de software de gesti\u00f3n de calibraci\u00f3n (CMS) para gestionar activos para calibraci\u00f3n, mantenimiento y validaci\u00f3n. Un sistema ProCal garantiza el cumplimiento normativo, mejores pr\u00e1cticas, ahorra tiempo, aumenta la productividad y reduce los costos operativos. Interfaz de ProCalV5 y ProCal Direct con <a href=\"https:\/\/www.agilelabs.co.za\/es\/sap-enterprise\/\" data-type=\"URL\" data-id=\"https:\/\/www.agilelabs.co.za\/sap-enterprise\/\">SAP Enterprise<\/a>.<\/p>\n\n\n\n<p><\/p>\n\n\n\n<figure class=\"wp-block-image size-full\"><img decoding=\"async\" src=\"https:\/\/www.agilelabs.co.za\/wp-content\/uploads\/2021\/08\/PrimeTechnologiesLogo3.png\" alt=\"\" class=\"wp-image-11625\"\/><\/figure>\n\n\n\n<p><\/p>\n\n\n\n<p><strong>Dos opciones de implementaci\u00f3n para empresas grandes y peque\u00f1as de todo el mundo<\/strong><\/p>\n\n\n\n<p><\/p>\n\n\n\n<p><strong>PAG<\/strong>r<strong>oCal Direct<\/strong><\/p>\n\n\n\n<ul class=\"wp-block-list\"><li>ProCalV5 en la nube<\/li><li>Con\u00e9ctese en cualquier lugar a trav\u00e9s del navegador web<\/li><li>Opciones para Agile Labs o Prime Technologies para proporcionar toda la infraestructura de TI<\/li><\/ul>\n\n\n\n<figure class=\"wp-block-image size-full\"><img decoding=\"async\" src=\"https:\/\/www.agilelabs.co.za\/wp-content\/uploads\/2021\/08\/ProCalDirect.jpg\" alt=\"\" class=\"wp-image-11460\"\/><\/figure>\n\n\n\n<p><strong>ProCalV5<\/strong><\/p>\n\n\n\n<ul class=\"wp-block-list\"><li>Software de gesti\u00f3n de calibraci\u00f3n en las instalaciones<\/li><li>La primera soluci\u00f3n de calibraci\u00f3n sin papel que cumple con 21 CFR Parte 11 de la industria<\/li><li>Las pr\u00e1cticas de calibraci\u00f3n de ProCal son utilizadas por miles de empresas en todo el mundo<\/li><\/ul>\n\n\n\n<figure class=\"wp-block-image size-full\"><img decoding=\"async\" src=\"https:\/\/www.agilelabs.co.za\/wp-content\/uploads\/2021\/08\/ProCalV5.jpg\" alt=\"\" class=\"wp-image-11461\"\/><\/figure>\n\n\n\n<p><strong><a href=\"https:\/\/www.primetechpa.com\/procal-software\/procalv5-features-benefits\/\">Lista r\u00e1pida de funciones y beneficios<\/a><\/strong><\/p>\n\n\n\n<ul class=\"wp-block-list\"><li>Escalable de un solo usuario a una empresa con cuentas individuales, usuarios, grupos de usuarios o activos ilimitados<\/li><li>Admite m\u00faltiples sitios \/ divisiones<\/li><li>Ahorro de trabajo, funcionalidad sin papel en tiempo real<\/li><li>Asigne tareas r\u00e1pidamente a los t\u00e9cnicos y genere \u00f3rdenes de trabajo<\/li><li>La programaci\u00f3n de la calibraci\u00f3n se completa f\u00e1cilmente en el Registro maestro de instrumentos y el sistema de calibraci\u00f3n programar\u00e1 autom\u00e1ticamente la pr\u00f3xima fecha de vencimiento y le avisar\u00e1 cuando sea la fecha de vencimiento.<\/li><li>Validado \/ 21 CFR Parte 11, compatible con FDA y GxP<\/li><li>Gesti\u00f3n de mantenimiento e inventario de piezas<\/li><li>Importar \/ exportar a fuera de l\u00ednea <a href=\"https:\/\/www.primetechpa.com\/procal-software\/mobile-workstation\/\">Estaciones de trabajo m\u00f3viles<\/a><\/li><li>Subir \/ Descargar a <a href=\"https:\/\/www.primetechpa.com\/documenting-calibrators\/\">Calibradores de proceso de documentaci\u00f3n<\/a><\/li><li>Genera certificados de calibraci\u00f3n y puede imprimir autom\u00e1ticamente calcoman\u00edas<\/li><li>Multi-idioma con soporte para seis idiomas diferentes<\/li><li>M\u00e1s de 80 informes est\u00e1ndar<\/li><li>\u00a1Y mucho m\u00e1s!<\/li><\/ul>\n\n\n\n<blockquote class=\"wp-block-quote is-layout-flow wp-block-quote-is-layout-flow\"><p>Gesti\u00f3n de activos de calibraci\u00f3n y mantenimiento \u201cPrimera en su clase\u201d<\/p><\/blockquote>\n\n\n\n<p>Los productos ProCalV5 son altamente configurables y se pueden adaptar f\u00e1cilmente para cumplir con los objetivos de su organizaci\u00f3n, que incluyen:<\/p>\n\n\n\n<ul class=\"wp-block-list\"><li><strong>Soluciones en tiempo real sin papel:<\/strong> ProCalV5 ofrece los beneficios de gesti\u00f3n, las ventajas de rendimiento y las eficiencias de generaci\u00f3n de informes que solo est\u00e1n disponibles con una soluci\u00f3n sin papel verdaderamente funcional. Nuestro programa robusto y probado en la industria funcionar\u00e1 con confiabilidad experimentada solo con los mejores sistemas de software.<\/li><li><strong>Cumplimiento:<\/strong> ProCalV5 ha sido dise\u00f1ado espec\u00edficamente para proporcionar las funciones necesarias para satisfacer las m\u00e1s estrictas necesidades de informes y captura de datos de cumplimiento normativo. Esta primera soluci\u00f3n de la industria que cumple con 21 CFR Parte 11 tambi\u00e9n es compatible con ISO 9000-2001, QS 9000, ISO 17025, ANSI 254, AS9100 y otros requisitos de calidad, ambientales y de seguridad.<\/li><li><strong>Soluciones h\u00edbridas:<\/strong> \u00bfNo est\u00e1 listo para pasar a un entorno sin papel? Con ProCalV5 usted decide el alcance de su uso continuo de hojas de trabajo, formularios e informes impresos. Cuando selecciona ProCalV5 como su <a href=\"https:\/\/www.primetechpa.com\/procal-software\/procalv5\/\">Software de gesti\u00f3n de calibraci\u00f3n - CMS<\/a>, usted decide c\u00f3mo ejecutar sus operaciones y configurar el programa para que se adapte a sus pr\u00e1cticas, no al rev\u00e9s.<\/li><li><strong>Soluciones independientes:<\/strong> \u00bfEst\u00e1 buscando un sistema de gesti\u00f3n integral? pero \u00bfuno que inicialmente solo satisfaga las necesidades individuales de su sitio? \u00a1No hay problema! ProCalV5 se puede usar f\u00e1cilmente como una aplicaci\u00f3n independiente y se escalar\u00e1 f\u00e1cilmente en el futuro si desea agregar cuentas aut\u00f3nomas adicionales.<\/li><li><strong>Soluciones para m\u00faltiples sitios:<\/strong> Las empresas y organizaciones a menudo necesitan una \u00fanica aplicaci\u00f3n implementada de forma centralizada, pero que pueda admitir muchas divisiones y sitios. ProCalV5 ofrece una funcionalidad \u00fanica de separaci\u00f3n de cuentas, pero con caracter\u00edsticas que fomentan y permiten una configuraci\u00f3n sencilla para pr\u00e1cticas estandarizadas en toda la empresa.<\/li><li><strong>ProCalV5 ofrece una funcionalidad inigualable.<\/strong> En papel o sin papel, la lista completa de <a href=\"https:\/\/www.primetechpa.com\/procal-software\/procalv5-features-benefits\/\">caracter\u00edsticas del programa y funcionalidad avanzada<\/a> reducir\u00e1 sus costos operativos, eliminar\u00e1 los errores humanos y garantizar\u00e1 el cumplimiento normativo.<\/li><\/ul>\n\n\n\n<p><\/p>\n\n\n\n<div class=\"wp-block-image\"><figure class=\"aligncenter size-full is-resized\"><img decoding=\"async\" src=\"https:\/\/www.agilelabs.co.za\/wp-content\/uploads\/2021\/08\/ProCalV5-With-SAP-1.jpg\" alt=\"\" class=\"wp-image-11462\" width=\"326\" height=\"100\"\/><\/figure><\/div>\n\n\n\n<div class=\"wp-block-image\"><figure class=\"aligncenter size-full\"><img decoding=\"async\" src=\"https:\/\/www.agilelabs.co.za\/wp-content\/uploads\/2021\/08\/ProCalV5-With-Fluke.jpg\" alt=\"\" class=\"wp-image-11463\"\/><\/figure><\/div>\n\n\n\n<div class=\"wp-block-image\"><figure class=\"aligncenter size-full\"><img decoding=\"async\" src=\"https:\/\/www.agilelabs.co.za\/wp-content\/uploads\/2021\/08\/Upgrade-DPCTrack2-Honeywell-Documint.jpg\" alt=\"\" class=\"wp-image-11464\"\/><\/figure><\/div>\n\n\n\n<div class=\"wp-block-image\"><figure class=\"aligncenter size-full\"><img decoding=\"async\" src=\"https:\/\/www.agilelabs.co.za\/wp-content\/uploads\/2021\/08\/Encompass_Product_Partner_Americas_Web2.jpg\" alt=\"\" class=\"wp-image-11466\"\/><\/figure><\/div>","protected":false},"excerpt":{"rendered":"<p>Calibration Management Software &#8211; CMS Prime Technologies offers proven calibration management software (CMS) solutions to manage assets for Calibration, Maintenance and Validation. A ProCal system ensures regulatory compliance, improved practices, saves time, increases productivity and reduces operational costs. Both ProCalV5 and ProCal Direct interface with SAP Enterprise. Two Deployment Options For Large And Small Companies<\/p>\n<p class=\"more-link\"><a href=\"https:\/\/www.agilelabs.co.za\/es\/overview\/\" class=\"themebutton\">Lee mas<\/a><\/p>","protected":false},"author":1,"featured_media":0,"parent":0,"menu_order":0,"comment_status":"closed","ping_status":"closed","template":"","meta":{"_acf_changed":false,"_monsterinsights_skip_tracking":false,"_monsterinsights_sitenote_active":false,"_monsterinsights_sitenote_note":"","_monsterinsights_sitenote_category":0,"footnotes":""},"categories":[],"tags":[],"class_list":["post-11592","page","type-page","status-publish","hentry"],"acf":[],"aioseo_notices":[],"aioseo_head":"\n\t\t<!-- All in One SEO Pro 4.7.0 - aioseo.com -->\n\t\t<meta name=\"description\" content=\"Calibration Management Software - CMS Prime Technologies offers proven calibration management software (CMS) solutions to manage assets for Calibration, Maintenance and Validation. A ProCal system ensures regulatory compliance, improved practices, saves time, increases productivity and reduces operational costs. Both ProCalV5 and ProCal Direct interface with SAP Enterprise. Two Deployment Options For Large And Small Companies\" \/>\n\t\t<meta name=\"robots\" content=\"max-image-preview:large\" \/>\n\t\t<meta name=\"google-site-verification\" content=\"Nku-_1g-wtMYqihMzrUWbm5pdgO5gPY2D7l1ya5YPAU\" \/>\n\t\t<meta name=\"msvalidate.01\" content=\"9fc30828a433413eb7b3b5d32174774f\" \/>\n\t\t<meta name=\"yandex-verification\" content=\"c2122235dabe51e3\" \/>\n\t\t<link rel=\"canonical\" href=\"https:\/\/www.agilelabs.co.za\/es\/overview\/\" \/>\n\t\t<meta name=\"generator\" content=\"All in One SEO Pro (AIOSEO) 4.7.0\" \/>\n\t\t<meta property=\"og:locale\" content=\"es_ES\" \/>\n\t\t<meta property=\"og:site_name\" content=\"Agile Labs - Industry and laboratory software solutions\" \/>\n\t\t<meta property=\"og:type\" content=\"article\" \/>\n\t\t<meta property=\"og:title\" content=\"Overview - Agile Labs\" \/>\n\t\t<meta property=\"og:description\" content=\"Calibration Management Software - CMS Prime Technologies offers proven calibration management software (CMS) solutions to manage assets for Calibration, Maintenance and Validation. A ProCal system ensures regulatory compliance, improved practices, saves time, increases productivity and reduces operational costs. Both ProCalV5 and ProCal Direct interface with SAP Enterprise. Two Deployment Options For Large And Small Companies\" \/>\n\t\t<meta property=\"og:url\" content=\"https:\/\/www.agilelabs.co.za\/es\/overview\/\" \/>\n\t\t<meta property=\"og:image\" content=\"https:\/\/www.agilelabs.co.za\/wp-content\/uploads\/2021\/08\/TwitterLogo.png?wsr\" \/>\n\t\t<meta property=\"og:image:secure_url\" content=\"https:\/\/www.agilelabs.co.za\/wp-content\/uploads\/2021\/08\/TwitterLogo.png?wsr\" \/>\n\t\t<meta property=\"og:image:width\" content=\"189\" \/>\n\t\t<meta property=\"og:image:height\" content=\"168\" \/>\n\t\t<meta property=\"article:published_time\" content=\"2021-08-20T00:44:41+00:00\" \/>\n\t\t<meta property=\"article:modified_time\" content=\"2021-11-23T18:27:26+00:00\" \/>\n\t\t<meta property=\"article:publisher\" content=\"https:\/\/www.facebook.com\/AgileLabsTeam\" \/>\n\t\t<meta property=\"article:author\" content=\"https:\/\/www.facebook.com\/AgileLabsTeam\" \/>\n\t\t<meta name=\"twitter:card\" content=\"summary\" \/>\n\t\t<meta name=\"twitter:site\" content=\"@InfoAgileLabs\" \/>\n\t\t<meta name=\"twitter:title\" content=\"Overview - Agile Labs\" \/>\n\t\t<meta name=\"twitter:description\" content=\"Calibration Management Software - CMS Prime Technologies offers proven calibration management software (CMS) solutions to manage assets for Calibration, Maintenance and Validation. A ProCal system ensures regulatory compliance, improved practices, saves time, increases productivity and reduces operational costs. Both ProCalV5 and ProCal Direct interface with SAP Enterprise. Two Deployment Options For Large And Small Companies\" \/>\n\t\t<meta name=\"twitter:creator\" content=\"@InfoAgileLabs\" \/>\n\t\t<meta name=\"twitter:image\" content=\"https:\/\/www.agilelabs.co.za\/wp-content\/uploads\/2021\/08\/TwitterLogo.png?wsr\" \/>\n\t\t<script type=\"application\/ld+json\" class=\"aioseo-schema\">\n\t\t\t{\"@context\":\"https:\\\/\\\/schema.org\",\"@graph\":[{\"@type\":\"BreadcrumbList\",\"@id\":\"https:\\\/\\\/www.agilelabs.co.za\\\/es\\\/overview\\\/#breadcrumblist\",\"itemListElement\":[{\"@type\":\"ListItem\",\"@id\":\"https:\\\/\\\/www.agilelabs.co.za\\\/es\\\/#listItem\",\"position\":1,\"name\":\"Home\",\"item\":\"https:\\\/\\\/www.agilelabs.co.za\\\/es\\\/\",\"nextItem\":\"https:\\\/\\\/www.agilelabs.co.za\\\/es\\\/overview\\\/#listItem\"},{\"@type\":\"ListItem\",\"@id\":\"https:\\\/\\\/www.agilelabs.co.za\\\/es\\\/overview\\\/#listItem\",\"position\":2,\"name\":\"Overview\",\"previousItem\":\"https:\\\/\\\/www.agilelabs.co.za\\\/es\\\/#listItem\"}]},{\"@type\":\"Organization\",\"@id\":\"https:\\\/\\\/www.agilelabs.co.za\\\/es\\\/#organization\",\"name\":\"Agile Labs\",\"url\":\"https:\\\/\\\/www.agilelabs.co.za\\\/es\\\/\",\"logo\":{\"@type\":\"ImageObject\",\"url\":\"https:\\\/\\\/www.agilelabs.co.za\\\/wp-content\\\/uploads\\\/2021\\\/08\\\/LogoTransparant.gif?wsr\",\"@id\":\"https:\\\/\\\/www.agilelabs.co.za\\\/es\\\/overview\\\/#organizationLogo\",\"width\":125,\"height\":113},\"image\":{\"@id\":\"https:\\\/\\\/www.agilelabs.co.za\\\/es\\\/overview\\\/#organizationLogo\"},\"sameAs\":[\"https:\\\/\\\/www.facebook.com\\\/AgileLabsTeam\",\"https:\\\/\\\/twitter.com\\\/InfoAgileLabs\"]},{\"@type\":\"WebPage\",\"@id\":\"https:\\\/\\\/www.agilelabs.co.za\\\/es\\\/overview\\\/#webpage\",\"url\":\"https:\\\/\\\/www.agilelabs.co.za\\\/es\\\/overview\\\/\",\"name\":\"Overview - Agile Labs\",\"description\":\"Calibration Management Software - CMS Prime Technologies offers proven calibration management software (CMS) solutions to manage assets for Calibration, Maintenance and Validation. A ProCal system ensures regulatory compliance, improved practices, saves time, increases productivity and reduces operational costs. Both ProCalV5 and ProCal Direct interface with SAP Enterprise. Two Deployment Options For Large And Small Companies\",\"inLanguage\":\"es-ES\",\"isPartOf\":{\"@id\":\"https:\\\/\\\/www.agilelabs.co.za\\\/es\\\/#website\"},\"breadcrumb\":{\"@id\":\"https:\\\/\\\/www.agilelabs.co.za\\\/es\\\/overview\\\/#breadcrumblist\"},\"datePublished\":\"2021-08-20T02:44:41+02:00\",\"dateModified\":\"2021-11-23T20:27:26+02:00\"},{\"@type\":\"WebSite\",\"@id\":\"https:\\\/\\\/www.agilelabs.co.za\\\/es\\\/#website\",\"url\":\"https:\\\/\\\/www.agilelabs.co.za\\\/es\\\/\",\"name\":\"Agile Labs\",\"description\":\"Industry and laboratory software solutions\",\"inLanguage\":\"es-ES\",\"publisher\":{\"@id\":\"https:\\\/\\\/www.agilelabs.co.za\\\/es\\\/#organization\"}}]}\n\t\t<\/script>\n\t\t<script type=\"text\/javascript\">\n\t\t\t(function(c,l,a,r,i,t,y){\n\t\t\tc[a]=c[a]||function(){(c[a].q=c[a].q||[]).push(arguments)};t=l.createElement(r);t.async=1;\n\t\t\tt.src=\"https:\/\/www.clarity.ms\/tag\/\"+i+\"?ref=aioseo\";y=l.getElementsByTagName(r)[0];y.parentNode.insertBefore(t,y);\n\t\t})(window, document, \"clarity\", \"script\", \"b88vlc75di\");\n\t\t<\/script>\n\t\t<!-- All in One SEO Pro -->\r\n\t\t<title>Overview - Agile Labs<\/title>\n\n","aioseo_head_json":{"title":"Overview - Agile Labs","description":"Calibration Management Software - CMS Prime Technologies offers proven calibration management software (CMS) solutions to manage assets for Calibration, Maintenance and Validation. A ProCal system ensures regulatory compliance, improved practices, saves time, increases productivity and reduces operational costs. Both ProCalV5 and ProCal Direct interface with SAP Enterprise. Two Deployment Options For Large And Small Companies","canonical_url":"https:\/\/www.agilelabs.co.za\/es\/overview\/","robots":"max-image-preview:large","keywords":"","webmasterTools":{"google-site-verification":"Nku-_1g-wtMYqihMzrUWbm5pdgO5gPY2D7l1ya5YPAU","msvalidate.01":"9fc30828a433413eb7b3b5d32174774f","yandex-verification":"c2122235dabe51e3","miscellaneous":""},"og:locale":"es_ES","og:site_name":"Agile Labs - Industry and laboratory software solutions","og:type":"article","og:title":"Overview - Agile Labs","og:description":"Calibration Management Software - CMS Prime Technologies offers proven calibration management software (CMS) solutions to manage assets for Calibration, Maintenance and Validation. A ProCal system ensures regulatory compliance, improved practices, saves time, increases productivity and reduces operational costs. Both ProCalV5 and ProCal Direct interface with SAP Enterprise. Two Deployment Options For Large And Small Companies","og:url":"https:\/\/www.agilelabs.co.za\/es\/overview\/","og:image":"https:\/\/www.agilelabs.co.za\/wp-content\/uploads\/2021\/08\/TwitterLogo.png?wsr","og:image:secure_url":"https:\/\/www.agilelabs.co.za\/wp-content\/uploads\/2021\/08\/TwitterLogo.png?wsr","og:image:width":189,"og:image:height":168,"article:published_time":"2021-08-20T00:44:41+00:00","article:modified_time":"2021-11-23T18:27:26+00:00","article:publisher":"https:\/\/www.facebook.com\/AgileLabsTeam","article:author":"https:\/\/www.facebook.com\/AgileLabsTeam","twitter:card":"summary","twitter:site":"@InfoAgileLabs","twitter:title":"Overview - Agile Labs","twitter:description":"Calibration Management Software - CMS Prime Technologies offers proven calibration management software (CMS) solutions to manage assets for Calibration, Maintenance and Validation. A ProCal system ensures regulatory compliance, improved practices, saves time, increases productivity and reduces operational costs. Both ProCalV5 and ProCal Direct interface with SAP Enterprise. Two Deployment Options For Large And Small Companies","twitter:creator":"@InfoAgileLabs","twitter:image":"https:\/\/www.agilelabs.co.za\/wp-content\/uploads\/2021\/08\/TwitterLogo.png?wsr","schema":{"@context":"https:\/\/schema.org","@graph":[{"@type":"BreadcrumbList","@id":"https:\/\/www.agilelabs.co.za\/es\/overview\/#breadcrumblist","itemListElement":[{"@type":"ListItem","@id":"https:\/\/www.agilelabs.co.za\/es\/#listItem","position":1,"name":"Home","item":"https:\/\/www.agilelabs.co.za\/es\/","nextItem":"https:\/\/www.agilelabs.co.za\/es\/overview\/#listItem"},{"@type":"ListItem","@id":"https:\/\/www.agilelabs.co.za\/es\/overview\/#listItem","position":2,"name":"Overview","previousItem":"https:\/\/www.agilelabs.co.za\/es\/#listItem"}]},{"@type":"Organization","@id":"https:\/\/www.agilelabs.co.za\/es\/#organization","name":"Agile Labs","url":"https:\/\/www.agilelabs.co.za\/es\/","logo":{"@type":"ImageObject","url":"https:\/\/www.agilelabs.co.za\/wp-content\/uploads\/2021\/08\/LogoTransparant.gif?wsr","@id":"https:\/\/www.agilelabs.co.za\/es\/overview\/#organizationLogo","width":125,"height":113},"image":{"@id":"https:\/\/www.agilelabs.co.za\/es\/overview\/#organizationLogo"},"sameAs":["https:\/\/www.facebook.com\/AgileLabsTeam","https:\/\/twitter.com\/InfoAgileLabs"]},{"@type":"WebPage","@id":"https:\/\/www.agilelabs.co.za\/es\/overview\/#webpage","url":"https:\/\/www.agilelabs.co.za\/es\/overview\/","name":"Overview - Agile Labs","description":"Calibration Management Software - CMS Prime Technologies offers proven calibration management software (CMS) solutions to manage assets for Calibration, Maintenance and Validation. A ProCal system ensures regulatory compliance, improved practices, saves time, increases productivity and reduces operational costs. Both ProCalV5 and ProCal Direct interface with SAP Enterprise. Two Deployment Options For Large And Small Companies","inLanguage":"es-ES","isPartOf":{"@id":"https:\/\/www.agilelabs.co.za\/es\/#website"},"breadcrumb":{"@id":"https:\/\/www.agilelabs.co.za\/es\/overview\/#breadcrumblist"},"datePublished":"2021-08-20T02:44:41+02:00","dateModified":"2021-11-23T20:27:26+02:00"},{"@type":"WebSite","@id":"https:\/\/www.agilelabs.co.za\/es\/#website","url":"https:\/\/www.agilelabs.co.za\/es\/","name":"Agile Labs","description":"Industry and laboratory software solutions","inLanguage":"es-ES","publisher":{"@id":"https:\/\/www.agilelabs.co.za\/es\/#organization"}}]}},"aioseo_meta_data":{"post_id":"11592","title":null,"description":null,"keywords":null,"keyphrases":null,"primary_term":null,"canonical_url":null,"og_title":null,"og_description":null,"og_object_type":"default","og_image_type":"default","og_image_url":null,"og_image_width":null,"og_image_height":null,"og_image_custom_url":null,"og_image_custom_fields":null,"og_video":null,"og_custom_url":null,"og_article_section":null,"og_article_tags":null,"twitter_use_og":false,"twitter_card":"default","twitter_image_type":"default","twitter_image_url":null,"twitter_image_custom_url":null,"twitter_image_custom_fields":null,"twitter_title":null,"twitter_description":null,"schema":{"blockGraphs":[],"customGraphs":[],"default":{"data":{"Article":[],"Course":[],"Dataset":[],"FAQPage":[],"Movie":[],"Person":[],"Product":[],"Recipe":[],"Service":[],"SoftwareApplication":[],"WebPage":[]},"graphName":"","isEnabled":true},"graphs":[]},"schema_type":"default","schema_type_options":null,"pillar_content":false,"robots_default":true,"robots_noindex":false,"robots_noarchive":false,"robots_nosnippet":false,"robots_nofollow":false,"robots_noimageindex":false,"robots_noodp":false,"robots_notranslate":false,"robots_max_snippet":null,"robots_max_videopreview":null,"robots_max_imagepreview":"large","priority":null,"frequency":null,"local_seo":null,"limit_modified_date":false,"open_ai":null,"created":"2022-02-09 02:39:01","updated":"2022-09-13 21:12:00"},"_links":{"self":[{"href":"https:\/\/www.agilelabs.co.za\/es\/wp-json\/wp\/v2\/pages\/11592","targetHints":{"allow":["GET"]}}],"collection":[{"href":"https:\/\/www.agilelabs.co.za\/es\/wp-json\/wp\/v2\/pages"}],"about":[{"href":"https:\/\/www.agilelabs.co.za\/es\/wp-json\/wp\/v2\/types\/page"}],"author":[{"embeddable":true,"href":"https:\/\/www.agilelabs.co.za\/es\/wp-json\/wp\/v2\/users\/1"}],"replies":[{"embeddable":true,"href":"https:\/\/www.agilelabs.co.za\/es\/wp-json\/wp\/v2\/comments?post=11592"}],"version-history":[{"count":0,"href":"https:\/\/www.agilelabs.co.za\/es\/wp-json\/wp\/v2\/pages\/11592\/revisions"}],"wp:attachment":[{"href":"https:\/\/www.agilelabs.co.za\/es\/wp-json\/wp\/v2\/media?parent=11592"}],"wp:term":[{"taxonomy":"category","embeddable":true,"href":"https:\/\/www.agilelabs.co.za\/es\/wp-json\/wp\/v2\/categories?post=11592"},{"taxonomy":"post_tag","embeddable":true,"href":"https:\/\/www.agilelabs.co.za\/es\/wp-json\/wp\/v2\/tags?post=11592"}],"curies":[{"name":"wp","href":"https:\/\/api.w.org\/{rel}","templated":true}]}}