{"id":12051,"date":"2021-09-23T05:55:23","date_gmt":"2021-09-23T03:55:23","guid":{"rendered":"https:\/\/www.agilelabs.co.za\/?page_id=12051"},"modified":"2021-09-23T15:23:55","modified_gmt":"2021-09-23T13:23:55","slug":"feature-benefits-for-the-petrochemical-industry","status":"publish","type":"page","link":"https:\/\/www.agilelabs.co.za\/de\/feature-benefits-for-the-petrochemical-industry\/","title":{"rendered":"Petrochemische Industrie"},"content":{"rendered":"<div class=\"wp-block-image\"><figure class=\"aligncenter size-full is-resized\"><img decoding=\"async\" src=\"https:\/\/www.agilelabs.co.za\/wp-content\/uploads\/2021\/09\/PetroChemical.png\" alt=\"\" class=\"wp-image-12052\" width=\"731\" height=\"470\"\/><\/figure><\/div>\n\n\n\n<ul class=\"wp-block-list\"><li>ProCalV5 ist ein vollst\u00e4ndiges, papierloses Asset-Management-System f\u00fcr Kalibrierung und Wartung, das entwickelt wurde, um die Einhaltung gesetzlicher Vorschriften zu gew\u00e4hrleisten und die Betriebskosten f\u00fcr chemische Produktionsanlagen zu senken.<\/li><li>ProCalV5 wird unter strengen Qualit\u00e4tspraktiken entwickelt, die routinem\u00e4\u00dfig von gro\u00dfen Prozesskontrollunternehmen gepr\u00fcft und genehmigt werden.<\/li><li>Wir k\u00f6nnen Projektpl\u00e4ne und alle erforderlichen Dokumentationen und Dienstleistungen bereitstellen, die m\u00f6glicherweise erforderlich sind, um Sie bei der Bereitstellung an einem Standort, mehreren Standorten oder im Unternehmen zu unterst\u00fctzen.<\/li><li>ProCalV5 war die branchenweit erste, 21 CFR Part 11 konforme Kalibriermanagementsoftware.<\/li><li>Unsere Mobile Workstation-Technologie (keine Internet- oder WLAN-Verbindung erforderlich) erm\u00f6glicht die Verwendung von Offline-Laptops oder -Tablets. Benutzer haben Zugriff auf die volle Programmfunktionalit\u00e4t (SOPs herunterladen, neue Aufzeichnungen im Feld hinzuf\u00fcgen, akzeptable wie gefundene\/verlassene Kalibrierungsdaten protokollieren und automatisch \u00fcberpr\u00fcfen, Teststandards zuweisen, Zertifikate drucken, Kalibrierungsaufkleber drucken, mit Fluke-Kalibratoren kommunizieren, etc.).<\/li><li>Beim Hinzuf\u00fcgen von Standortstandorten kann eine unbegrenzte Anzahl autonomer Konten eingerichtet werden.<\/li><li>Alle Konten k\u00f6nnen identisch konfiguriert sein oder einige m\u00f6glicherweise basierend auf lokalen Anforderungen ge\u00e4ndert werden. \u00c4nderungen k\u00f6nnen einfache \u00c4nderungen sein oder Kontokonfigurationen k\u00f6nnen v\u00f6llig einzigartig sein. Das Modul \u201eUnternehmen kopieren\u201c bietet ein leistungsstarkes vorlagenbasiertes Tool, das das Hinzuf\u00fcgen und Konfigurieren neuer Site-Konten erleichtert.<\/li><li>Es fallen keine zus\u00e4tzlichen Kosten f\u00fcr das Hinzuf\u00fcgen von Konten, Benutzergruppen, Benutzern oder Assets an.<\/li><li>Die meisten Programmfeldbezeichnungen k\u00f6nnen ge\u00e4ndert werden, um der gew\u00fcnschten Terminologie zu entsprechen.<\/li><li>Eine unbegrenzte Anzahl von benutzerdefinierten, gekennzeichneten Feldern kann hinzugef\u00fcgt werden, um kundenspezifische Informationen und Arbeitsabl\u00e4ufe zu erm\u00f6glichen.<\/li><li>Derzeit unterst\u00fctzt ProCalV5 sechs Sprachen; da kommt noch mehr. Die Sprachauswahl kann standardm\u00e4\u00dfig auf die gesamte Unternehmens-, Konto- oder einzelne Benutzerebene erfolgen. Das \u00c4ndern der Sprache ist so einfach wie die Auswahl aus einer Dropdown-Liste.<\/li><li>Wir bieten eine gro\u00dfe Bibliothek von Pr\u00e4zisionstestpaketen. Sie sind anschraubbare Module, die eine benutzerdefinierte Benutzeroberfl\u00e4che bieten, die Algorithmen, Berichte usw. enth\u00e4lt, die f\u00fcr verschiedene Arten von Anlagen, Systemen und Ger\u00e4ten spezifisch sind, die \u00fcblicherweise in Prozesssteuerungseinrichtungen zu finden sind.<\/li><li>ProCal Explorer bietet eine einfache und direkte M\u00f6glichkeit, Ihre Assets in einem erweiterbaren\/zusammenklappbaren hierarchischen Baumformat anzuzeigen. Visuelle Aufforderungen zeigen deutlich diejenigen an, die sofortige Aufmerksamkeit erfordern, und diejenigen, deren geplante Ereignisse \u00fcberf\u00e4llig sind. Aus der Sicht k\u00f6nnen Sie direkt in die Anlagenstamms\u00e4tze starten. Ihre Asset-Informationen k\u00f6nnen sofort nach Klassifizierung, Abteilung, H\u00e4ufigkeit, Artikeltyp, Standort, Hersteller, verantwortlichem Techniker, Zeitplan, f\u00e4llige Arbeit nach Abteilung oder f\u00e4llige Arbeit nach Standort sortiert und pr\u00e4sentiert werden.<\/li><li>R\u00fcckruf-, f\u00e4llige Ereignisse und viele andere Berichte k\u00f6nnen unternehmensweit oder spezifisch f\u00fcr einzelne oder mehrere Konten erstellt werden.<\/li><li>Innerhalb jedes Kontos k\u00f6nnen hierarchische Verkn\u00fcpfungen f\u00fcr Systeme, Schleifen, Ger\u00e4te und Instrumente erstellt werden.<\/li><li>F\u00fcr die Teststandards jedes Kontos k\u00f6nnen separate Datens\u00e4tze erstellt werden. Die Teststandards Ihrer verschiedenen autorisierten Serviceanbieter k\u00f6nnen zur Verwendung eindeutigen individuellen Konten und\/oder zur globalen Auswahl f\u00fcr alle Konten zugewiesen werden.<\/li><li>Teststandards k\u00f6nnen f\u00fcr die Verwendung nur f\u00fcr bestimmte Ger\u00e4tetypen kontrolliert werden. Die Berichterstellung zur umgekehrten R\u00fcckverfolgbarkeit ist f\u00fcr alle Kundenkonten einfach zu starten.<\/li><li>Master-Instrument-Asset-Datens\u00e4tze k\u00f6nnen mehrere Testgruppen f\u00fcr ein einzelnes Asset unterst\u00fctzen (Beispiel: f\u00fcr Massendurchfluss \u2013 Frequenz, Temperatur und Druck). Testgruppen k\u00f6nnen auch die Verwendung von Precision Test Packages kombinieren.<\/li><li>Zeitpl\u00e4ne k\u00f6nnen auf dem Kalender oder der Nutzungsanzahl basieren.<\/li><li>ProCalV5 f\u00fchrt alle mathematischen Funktionen beim Erstellen von Stamms\u00e4tzen aus. Berechnungen k\u00f6nnen unterschiedliche Signalzuordnungen, Genauigkeitsangaben, Aufl\u00f6sungen und Kombinationen ber\u00fccksichtigen (Eingang vs. Ausgang, % des Messwerts, Bereich, +\/-, manuell, linear\/Quadratwurzel, Tabellen usw.).<\/li><li>Vorlagen k\u00f6nnen erstellt, Datens\u00e4tze kopiert werden, globale \u00c4nderungsfunktionen erm\u00f6glichen die gleichzeitige \u00c4nderung von Datensatzgruppen.<\/li><li>Kein menschliches Versagen. Das Programm \u00fcberpr\u00fcft durch visuelle Aufforderungen, ob sich die Toleranzbedingungen zum Zeitpunkt der Dateneingabe wie gefunden, wie links befinden, innerhalb oder au\u00dferhalb der Toleranz liegen.<\/li><li>Wenn w\u00e4hrend der Kalibrierung optimale Testpunktwerte bearbeitet werden, berechnet das Programm automatisch neue Signalkorrelationen und akzeptable Toleranzgrenzen.<\/li><li>Das System kann so konfiguriert werden, dass eine automatische Benachrichtigung bei Nicht-Compliance-Ereignissen erm\u00f6glicht wird.<\/li><li>Erinnerungen, Warnungen und Warnungen k\u00f6nnen per E-Mail an bestimmte Empf\u00e4nger gesendet werden.<\/li><li>Das System bietet Funktionen f\u00fcr vorbeugende Wartung\/Arbeitsauftrag\/Teileinventur.<\/li><li>Das System kann die elektronische \u00c4nderungskontrolle verwalten.<\/li><li>E-Signaturen k\u00f6nnen f\u00fcr parallele oder erzwungene Routings zugewiesen werden, um dem gew\u00fcnschten Workflow zu entsprechen.<\/li><li>Die Anzahl der verschiedenen Arten von E-Signatur-Richtlinien, die erstellt, gespeichert und an Dokumente und Ereignisse angeh\u00e4ngt werden k\u00f6nnen, ist unbegrenzt.<\/li><li>ProCalV5 hat \u00fcber 90 Standardberichte. Diese Berichte k\u00f6nnen individuell angepasst werden, und weitere k\u00f6nnen ganz einfach Ihren genauen Spezifikationen hinzugef\u00fcgt werden.<\/li><li>Erweiterte Abfragen k\u00f6nnen erstellt, benannt und f\u00fcr die zuk\u00fcnftige Ausf\u00fchrung gespeichert werden. Ergebnisse k\u00f6nnen problemlos in andere Dateiformate exportiert werden.<\/li><li>Das System kann Kalibrierzertifikate erstellen und Kalibrieraufkleber automatisch drucken.<\/li><li>Es k\u00f6nnen mehrere Assets kalibriert und auf einzelne Datens\u00e4tze gleichzeitig zugegriffen werden.<\/li><li>In Bearbeitung befindliche Arbeiten k\u00f6nnen als unvollst\u00e4ndig gespeichert werden.<\/li><li>ProCalV5 bietet un\u00fcbertroffene Kompatibilit\u00e4t mit dokumentierenden Kalibratoren von Fluke.<\/li><li>Keine Notwendigkeit, MS Word-Dokumente oder PDFs zu speichern \u2013 Berichte werden nach Bedarf ad-hoc erstellt.<\/li><li>ProCal eView erm\u00f6glicht eine Remote-Webverbindung zum Starten angeforderter Berichte oder zum automatischen Senden von Berichten auf einer geplanten Kalenderbasis per E-Mail an Empf\u00e4nger, die m\u00f6glicherweise von normalen Systembenutzern unabh\u00e4ngig sind.<\/li><li>ProCal Direct ist die Cloud-SaaS-Version von ProCalV5. Es bietet alle oben aufgef\u00fchrten Funktionen und unterst\u00fctzt auch die Verwendung von mobilen Workstations und Fluke-Kalibratoren.<\/li><li>F\u00fcr den Datenaustausch mit SAP, Oracle, JD Edwards, Maximo, INFOR und anderen Anwendungen stehen Integrationsoptionen zur Verf\u00fcgung.<\/li><\/ul>","protected":false},"excerpt":{"rendered":"<p>ProCalV5 is a complete, paperless calibration &amp; maintenance asset management system designed to ensure regulatory compliance and reduce operational costs for chemical manufacturing facilities. ProCalV5 is developed under strict quality practices that are routinely audited and approved by major process control companies. We can provide project plans and all necessary documentation and services that may<\/p>\n<p class=\"more-link\"><a href=\"https:\/\/www.agilelabs.co.za\/de\/feature-benefits-for-the-petrochemical-industry\/\" class=\"themebutton\">Weiterlesen<\/a><\/p>","protected":false},"author":1,"featured_media":0,"parent":0,"menu_order":0,"comment_status":"closed","ping_status":"closed","template":"","meta":{"_acf_changed":false,"_monsterinsights_skip_tracking":false,"_monsterinsights_sitenote_active":false,"_monsterinsights_sitenote_note":"","_monsterinsights_sitenote_category":0,"footnotes":""},"categories":[],"tags":[],"class_list":["post-12051","page","type-page","status-publish","hentry"],"acf":[],"aioseo_notices":[],"aioseo_head":"\n\t\t<!-- All in One SEO Pro 4.7.0 - aioseo.com -->\n\t\t<meta name=\"description\" content=\"ProCalV5 is a complete, paperless calibration &amp; maintenance asset management system designed to ensure regulatory compliance and reduce operational costs for chemical manufacturing facilities. ProCalV5 is developed under strict quality practices that are routinely audited and approved by major process control companies. We can provide project plans and all necessary documentation and services that may\" \/>\n\t\t<meta name=\"robots\" content=\"max-image-preview:large\" \/>\n\t\t<meta name=\"google-site-verification\" content=\"Nku-_1g-wtMYqihMzrUWbm5pdgO5gPY2D7l1ya5YPAU\" \/>\n\t\t<meta name=\"msvalidate.01\" content=\"9fc30828a433413eb7b3b5d32174774f\" \/>\n\t\t<meta name=\"yandex-verification\" content=\"c2122235dabe51e3\" \/>\n\t\t<link rel=\"canonical\" href=\"https:\/\/www.agilelabs.co.za\/de\/feature-benefits-for-the-petrochemical-industry\/\" \/>\n\t\t<meta name=\"generator\" content=\"All in One SEO Pro (AIOSEO) 4.7.0\" \/>\n\t\t<meta property=\"og:locale\" content=\"de_DE\" \/>\n\t\t<meta property=\"og:site_name\" content=\"Agile Labs - Industry and laboratory software solutions\" \/>\n\t\t<meta property=\"og:type\" content=\"article\" \/>\n\t\t<meta property=\"og:title\" content=\"Petrochemical industry - Agile Labs\" \/>\n\t\t<meta property=\"og:description\" content=\"ProCalV5 is a complete, paperless calibration &amp; maintenance asset management system designed to ensure regulatory compliance and reduce operational costs for chemical manufacturing facilities. ProCalV5 is developed under strict quality practices that are routinely audited and approved by major process control companies. We can provide project plans and all necessary documentation and services that may\" \/>\n\t\t<meta property=\"og:url\" content=\"https:\/\/www.agilelabs.co.za\/de\/feature-benefits-for-the-petrochemical-industry\/\" \/>\n\t\t<meta property=\"og:image\" content=\"https:\/\/www.agilelabs.co.za\/wp-content\/uploads\/2021\/08\/TwitterLogo.png?wsr\" \/>\n\t\t<meta property=\"og:image:secure_url\" content=\"https:\/\/www.agilelabs.co.za\/wp-content\/uploads\/2021\/08\/TwitterLogo.png?wsr\" \/>\n\t\t<meta property=\"og:image:width\" content=\"189\" \/>\n\t\t<meta property=\"og:image:height\" content=\"168\" \/>\n\t\t<meta property=\"article:published_time\" content=\"2021-09-23T03:55:23+00:00\" \/>\n\t\t<meta property=\"article:modified_time\" content=\"2021-09-23T13:23:55+00:00\" \/>\n\t\t<meta property=\"article:publisher\" content=\"https:\/\/www.facebook.com\/AgileLabsTeam\" \/>\n\t\t<meta property=\"article:author\" content=\"https:\/\/www.facebook.com\/AgileLabsTeam\" \/>\n\t\t<meta name=\"twitter:card\" content=\"summary\" \/>\n\t\t<meta name=\"twitter:site\" content=\"@InfoAgileLabs\" \/>\n\t\t<meta name=\"twitter:title\" content=\"Petrochemical industry - Agile Labs\" \/>\n\t\t<meta name=\"twitter:description\" content=\"ProCalV5 is a complete, paperless calibration &amp; maintenance asset management system designed to ensure regulatory compliance and reduce operational costs for chemical manufacturing facilities. ProCalV5 is developed under strict quality practices that are routinely audited and approved by major process control companies. We can provide project plans and all necessary documentation and services that may\" \/>\n\t\t<meta name=\"twitter:creator\" content=\"@InfoAgileLabs\" \/>\n\t\t<meta name=\"twitter:image\" content=\"https:\/\/www.agilelabs.co.za\/wp-content\/uploads\/2021\/08\/TwitterLogo.png?wsr\" \/>\n\t\t<script type=\"application\/ld+json\" class=\"aioseo-schema\">\n\t\t\t{\"@context\":\"https:\\\/\\\/schema.org\",\"@graph\":[{\"@type\":\"BreadcrumbList\",\"@id\":\"https:\\\/\\\/www.agilelabs.co.za\\\/de\\\/feature-benefits-for-the-petrochemical-industry\\\/#breadcrumblist\",\"itemListElement\":[{\"@type\":\"ListItem\",\"@id\":\"https:\\\/\\\/www.agilelabs.co.za\\\/de\\\/#listItem\",\"position\":1,\"name\":\"Home\",\"item\":\"https:\\\/\\\/www.agilelabs.co.za\\\/de\\\/\",\"nextItem\":\"https:\\\/\\\/www.agilelabs.co.za\\\/de\\\/feature-benefits-for-the-petrochemical-industry\\\/#listItem\"},{\"@type\":\"ListItem\",\"@id\":\"https:\\\/\\\/www.agilelabs.co.za\\\/de\\\/feature-benefits-for-the-petrochemical-industry\\\/#listItem\",\"position\":2,\"name\":\"Petrochemical industry\",\"previousItem\":\"https:\\\/\\\/www.agilelabs.co.za\\\/de\\\/#listItem\"}]},{\"@type\":\"Organization\",\"@id\":\"https:\\\/\\\/www.agilelabs.co.za\\\/de\\\/#organization\",\"name\":\"Agile Labs\",\"url\":\"https:\\\/\\\/www.agilelabs.co.za\\\/de\\\/\",\"logo\":{\"@type\":\"ImageObject\",\"url\":\"https:\\\/\\\/www.agilelabs.co.za\\\/wp-content\\\/uploads\\\/2021\\\/08\\\/LogoTransparant.gif?wsr\",\"@id\":\"https:\\\/\\\/www.agilelabs.co.za\\\/de\\\/feature-benefits-for-the-petrochemical-industry\\\/#organizationLogo\",\"width\":125,\"height\":113},\"image\":{\"@id\":\"https:\\\/\\\/www.agilelabs.co.za\\\/de\\\/feature-benefits-for-the-petrochemical-industry\\\/#organizationLogo\"},\"sameAs\":[\"https:\\\/\\\/www.facebook.com\\\/AgileLabsTeam\",\"https:\\\/\\\/twitter.com\\\/InfoAgileLabs\"]},{\"@type\":\"WebPage\",\"@id\":\"https:\\\/\\\/www.agilelabs.co.za\\\/de\\\/feature-benefits-for-the-petrochemical-industry\\\/#webpage\",\"url\":\"https:\\\/\\\/www.agilelabs.co.za\\\/de\\\/feature-benefits-for-the-petrochemical-industry\\\/\",\"name\":\"Petrochemical industry - Agile Labs\",\"description\":\"ProCalV5 is a complete, paperless calibration & maintenance asset management system designed to ensure regulatory compliance and reduce operational costs for chemical manufacturing facilities. ProCalV5 is developed under strict quality practices that are routinely audited and approved by major process control companies. We can provide project plans and all necessary documentation and services that may\",\"inLanguage\":\"de-DE\",\"isPartOf\":{\"@id\":\"https:\\\/\\\/www.agilelabs.co.za\\\/de\\\/#website\"},\"breadcrumb\":{\"@id\":\"https:\\\/\\\/www.agilelabs.co.za\\\/de\\\/feature-benefits-for-the-petrochemical-industry\\\/#breadcrumblist\"},\"datePublished\":\"2021-09-23T05:55:23+02:00\",\"dateModified\":\"2021-09-23T15:23:55+02:00\"},{\"@type\":\"WebSite\",\"@id\":\"https:\\\/\\\/www.agilelabs.co.za\\\/de\\\/#website\",\"url\":\"https:\\\/\\\/www.agilelabs.co.za\\\/de\\\/\",\"name\":\"Agile Labs\",\"description\":\"Industry and laboratory software solutions\",\"inLanguage\":\"de-DE\",\"publisher\":{\"@id\":\"https:\\\/\\\/www.agilelabs.co.za\\\/de\\\/#organization\"}}]}\n\t\t<\/script>\n\t\t<script type=\"text\/javascript\">\n\t\t\t(function(c,l,a,r,i,t,y){\n\t\t\tc[a]=c[a]||function(){(c[a].q=c[a].q||[]).push(arguments)};t=l.createElement(r);t.async=1;\n\t\t\tt.src=\"https:\/\/www.clarity.ms\/tag\/\"+i+\"?ref=aioseo\";y=l.getElementsByTagName(r)[0];y.parentNode.insertBefore(t,y);\n\t\t})(window, document, \"clarity\", \"script\", \"b88vlc75di\");\n\t\t<\/script>\n\t\t<!-- All in One SEO Pro -->\r\n\t\t<title>Petrochemical industry - Agile Labs<\/title>\n\n","aioseo_head_json":{"title":"Petrochemical industry - Agile Labs","description":"ProCalV5 is a complete, paperless calibration & maintenance asset management system designed to ensure regulatory compliance and reduce operational costs for chemical manufacturing facilities. ProCalV5 is developed under strict quality practices that are routinely audited and approved by major process control companies. We can provide project plans and all necessary documentation and services that may","canonical_url":"https:\/\/www.agilelabs.co.za\/de\/feature-benefits-for-the-petrochemical-industry\/","robots":"max-image-preview:large","keywords":"","webmasterTools":{"google-site-verification":"Nku-_1g-wtMYqihMzrUWbm5pdgO5gPY2D7l1ya5YPAU","msvalidate.01":"9fc30828a433413eb7b3b5d32174774f","yandex-verification":"c2122235dabe51e3","miscellaneous":""},"og:locale":"de_DE","og:site_name":"Agile Labs - Industry and laboratory software solutions","og:type":"article","og:title":"Petrochemical industry - Agile Labs","og:description":"ProCalV5 is a complete, paperless calibration &amp; maintenance asset management system designed to ensure regulatory compliance and reduce operational costs for chemical manufacturing facilities. ProCalV5 is developed under strict quality practices that are routinely audited and approved by major process control companies. We can provide project plans and all necessary documentation and services that may","og:url":"https:\/\/www.agilelabs.co.za\/de\/feature-benefits-for-the-petrochemical-industry\/","og:image":"https:\/\/www.agilelabs.co.za\/wp-content\/uploads\/2021\/08\/TwitterLogo.png?wsr","og:image:secure_url":"https:\/\/www.agilelabs.co.za\/wp-content\/uploads\/2021\/08\/TwitterLogo.png?wsr","og:image:width":189,"og:image:height":168,"article:published_time":"2021-09-23T03:55:23+00:00","article:modified_time":"2021-09-23T13:23:55+00:00","article:publisher":"https:\/\/www.facebook.com\/AgileLabsTeam","article:author":"https:\/\/www.facebook.com\/AgileLabsTeam","twitter:card":"summary","twitter:site":"@InfoAgileLabs","twitter:title":"Petrochemical industry - Agile Labs","twitter:description":"ProCalV5 is a complete, paperless calibration &amp; maintenance asset management system designed to ensure regulatory compliance and reduce operational costs for chemical manufacturing facilities. ProCalV5 is developed under strict quality practices that are routinely audited and approved by major process control companies. We can provide project plans and all necessary documentation and services that may","twitter:creator":"@InfoAgileLabs","twitter:image":"https:\/\/www.agilelabs.co.za\/wp-content\/uploads\/2021\/08\/TwitterLogo.png?wsr","schema":{"@context":"https:\/\/schema.org","@graph":[{"@type":"BreadcrumbList","@id":"https:\/\/www.agilelabs.co.za\/de\/feature-benefits-for-the-petrochemical-industry\/#breadcrumblist","itemListElement":[{"@type":"ListItem","@id":"https:\/\/www.agilelabs.co.za\/de\/#listItem","position":1,"name":"Home","item":"https:\/\/www.agilelabs.co.za\/de\/","nextItem":"https:\/\/www.agilelabs.co.za\/de\/feature-benefits-for-the-petrochemical-industry\/#listItem"},{"@type":"ListItem","@id":"https:\/\/www.agilelabs.co.za\/de\/feature-benefits-for-the-petrochemical-industry\/#listItem","position":2,"name":"Petrochemical industry","previousItem":"https:\/\/www.agilelabs.co.za\/de\/#listItem"}]},{"@type":"Organization","@id":"https:\/\/www.agilelabs.co.za\/de\/#organization","name":"Agile Labs","url":"https:\/\/www.agilelabs.co.za\/de\/","logo":{"@type":"ImageObject","url":"https:\/\/www.agilelabs.co.za\/wp-content\/uploads\/2021\/08\/LogoTransparant.gif?wsr","@id":"https:\/\/www.agilelabs.co.za\/de\/feature-benefits-for-the-petrochemical-industry\/#organizationLogo","width":125,"height":113},"image":{"@id":"https:\/\/www.agilelabs.co.za\/de\/feature-benefits-for-the-petrochemical-industry\/#organizationLogo"},"sameAs":["https:\/\/www.facebook.com\/AgileLabsTeam","https:\/\/twitter.com\/InfoAgileLabs"]},{"@type":"WebPage","@id":"https:\/\/www.agilelabs.co.za\/de\/feature-benefits-for-the-petrochemical-industry\/#webpage","url":"https:\/\/www.agilelabs.co.za\/de\/feature-benefits-for-the-petrochemical-industry\/","name":"Petrochemical industry - Agile Labs","description":"ProCalV5 is a complete, paperless calibration & maintenance asset management system designed to ensure regulatory compliance and reduce operational costs for chemical manufacturing facilities. ProCalV5 is developed under strict quality practices that are routinely audited and approved by major process control companies. We can provide project plans and all necessary documentation and services that may","inLanguage":"de-DE","isPartOf":{"@id":"https:\/\/www.agilelabs.co.za\/de\/#website"},"breadcrumb":{"@id":"https:\/\/www.agilelabs.co.za\/de\/feature-benefits-for-the-petrochemical-industry\/#breadcrumblist"},"datePublished":"2021-09-23T05:55:23+02:00","dateModified":"2021-09-23T15:23:55+02:00"},{"@type":"WebSite","@id":"https:\/\/www.agilelabs.co.za\/de\/#website","url":"https:\/\/www.agilelabs.co.za\/de\/","name":"Agile Labs","description":"Industry and laboratory software solutions","inLanguage":"de-DE","publisher":{"@id":"https:\/\/www.agilelabs.co.za\/de\/#organization"}}]}},"aioseo_meta_data":{"post_id":"12051","title":null,"description":null,"keywords":null,"keyphrases":null,"primary_term":null,"canonical_url":null,"og_title":null,"og_description":null,"og_object_type":"default","og_image_type":"default","og_image_url":null,"og_image_width":null,"og_image_height":null,"og_image_custom_url":null,"og_image_custom_fields":null,"og_video":null,"og_custom_url":null,"og_article_section":null,"og_article_tags":null,"twitter_use_og":false,"twitter_card":"default","twitter_image_type":"default","twitter_image_url":null,"twitter_image_custom_url":null,"twitter_image_custom_fields":null,"twitter_title":null,"twitter_description":null,"schema":{"blockGraphs":[],"customGraphs":[],"default":{"data":{"Article":[],"Course":[],"Dataset":[],"FAQPage":[],"Movie":[],"Person":[],"Product":[],"Recipe":[],"Service":[],"SoftwareApplication":[],"WebPage":[]},"graphName":"","isEnabled":true},"graphs":[]},"schema_type":"default","schema_type_options":null,"pillar_content":false,"robots_default":true,"robots_noindex":false,"robots_noarchive":false,"robots_nosnippet":false,"robots_nofollow":false,"robots_noimageindex":false,"robots_noodp":false,"robots_notranslate":false,"robots_max_snippet":null,"robots_max_videopreview":null,"robots_max_imagepreview":"large","priority":null,"frequency":null,"local_seo":null,"limit_modified_date":false,"open_ai":null,"created":"2022-02-09 02:39:01","updated":"2022-09-13 21:08:59"},"_links":{"self":[{"href":"https:\/\/www.agilelabs.co.za\/de\/wp-json\/wp\/v2\/pages\/12051","targetHints":{"allow":["GET"]}}],"collection":[{"href":"https:\/\/www.agilelabs.co.za\/de\/wp-json\/wp\/v2\/pages"}],"about":[{"href":"https:\/\/www.agilelabs.co.za\/de\/wp-json\/wp\/v2\/types\/page"}],"author":[{"embeddable":true,"href":"https:\/\/www.agilelabs.co.za\/de\/wp-json\/wp\/v2\/users\/1"}],"replies":[{"embeddable":true,"href":"https:\/\/www.agilelabs.co.za\/de\/wp-json\/wp\/v2\/comments?post=12051"}],"version-history":[{"count":0,"href":"https:\/\/www.agilelabs.co.za\/de\/wp-json\/wp\/v2\/pages\/12051\/revisions"}],"wp:attachment":[{"href":"https:\/\/www.agilelabs.co.za\/de\/wp-json\/wp\/v2\/media?parent=12051"}],"wp:term":[{"taxonomy":"category","embeddable":true,"href":"https:\/\/www.agilelabs.co.za\/de\/wp-json\/wp\/v2\/categories?post=12051"},{"taxonomy":"post_tag","embeddable":true,"href":"https:\/\/www.agilelabs.co.za\/de\/wp-json\/wp\/v2\/tags?post=12051"}],"curies":[{"name":"wp","href":"https:\/\/api.w.org\/{rel}","templated":true}]}}