{"id":11599,"date":"2021-08-20T04:08:20","date_gmt":"2021-08-20T02:08:20","guid":{"rendered":"https:\/\/www.agilelabs.co.za\/?page_id=11493"},"modified":"2021-08-20T04:08:20","modified_gmt":"2021-08-20T02:08:20","slug":"field-calibrator-utility","status":"publish","type":"page","link":"https:\/\/www.agilelabs.co.za\/de\/field-calibrator-utility\/","title":{"rendered":"Feldkalibrator-Dienstprogramm"},"content":{"rendered":"<p><strong>Feldkalibrator-Dienstprogramm und dokumentierende Kalibratoren<\/strong><\/p>\n\n\n\n<p><\/p>\n\n\n\n<p>Steigern Sie die Produktivit\u00e4t mit vollst\u00e4ndig papierlosen Kalibrierungen<\/p>\n\n\n\n<p><\/p>\n\n\n\n<p>Die ProCalV5-Software mit den dokumentierenden Prozesskalibratoren von Fluke bietet die \u201eBest of Breed\u201c vollautomatisierte, kosteng\u00fcnstige, papierlose Kalibrierl\u00f6sung, die die Produktivit\u00e4t um 50% oder mehr gegen\u00fcber veralteten papierintensiven Verfahren verbessert. F\u00fcr den Einzelbenutzer-Techniker bis hin zum Manager auf Unternehmensebene eliminiert dieses umfassende System menschliche Fehler sowohl im Feld als auch bei der anschlie\u00dfenden Qualit\u00e4tspr\u00fcfung.<\/p>\n\n\n\n<p>Durch die Verwendung eines dokumentierenden Feldkalibrators wie einem Fluke 754 versichern Sie die Qualit\u00e4t der Kalibrierergebnisse und dass keine Fehler durch handschriftliche Ergebnisse entstehen. Um sicherzustellen, dass diese Ergebnisse in die Hauptdatenbank \u00fcbertragen werden, l\u00e4dt das Field Calibrator Utility automatisch alle Daten hoch und herunter, die f\u00fcr die einheitliche Durchf\u00fchrung der von Ihnen eingerichteten Kalibrierungsverfahren erforderlich sind.<\/p>\n\n\n\n<p><strong>Vorteile der Verwendung des Field Calibrator Utility und ProCalV5<\/strong><\/p>\n\n\n\n<figure class=\"wp-block-table alignleft\"><table><tbody><tr><td class=\"has-text-align-left\" data-align=\"left\"><strong>Fluke mit ProCalV5<\/strong><\/td><td class=\"has-text-align-left\" data-align=\"left\"><strong>Die meisten anderen DPC-kompatiblen Software<\/strong><\/td><\/tr><tr><td class=\"has-text-align-left\" data-align=\"left\">M\u00f6glichkeit zum Hochladen von Ad-hoc-Ergebnissen, die \u00fcber den Softkey \u201eWie gefunden\u201c gespeichert wurden, auf ein beliebiges Tag im System.<\/td><td class=\"has-text-align-left\" data-align=\"left\">Benutzer m\u00fcssen zuerst Aufgaben herunterladen, bevor Ad-hoc-Ergebnisse vorliegen.<\/td><\/tr><tr><td class=\"has-text-align-left\" data-align=\"left\">Beim Herunterladen von Aufgaben kann der Benutzer spezifische Eingabeaufforderungen auf dem Kalibrator f\u00fcr Felder wie Arbeitsstunden, Kalibrierungstyp, Fehlergrund, Temperatur und Feuchtigkeit definieren. Die Daten werden beim Hochladen automatisch gespeichert.<\/td><td class=\"has-text-align-left\" data-align=\"left\">Der Benutzer muss nach dem Hochladen immer zus\u00e4tzliche Daten in das System eingeben.<\/td><\/tr><tr><td class=\"has-text-align-left\" data-align=\"left\">M\u00f6glichkeit, protokollierte Daten hochzuladen.<\/td><td class=\"has-text-align-left\" data-align=\"left\">Nicht verf\u00fcgbar.<\/td><\/tr><tr><td class=\"has-text-align-left\" data-align=\"left\">M\u00f6glichkeit, manuelle Pass\/Fail-Kalibrierungen auf den Kalibrator herunterzuladen, um den Pass\/Fail-Status in das Feld einzugeben.<\/td><td class=\"has-text-align-left\" data-align=\"left\">Nur Schalter- und Analog-\/Proportionaltests verf\u00fcgbar.<\/td><\/tr><tr><td class=\"has-text-align-left\" data-align=\"left\">M\u00f6glichkeit, benutzerdefinierte Einheiten mit einer Basiseinheit und einem Bereich zu konfigurieren, um eine andere Einheit anzuzeigen.<\/td><td class=\"has-text-align-left\" data-align=\"left\">Nicht verf\u00fcgbar.<\/td><\/tr><tr><td class=\"has-text-align-left\" data-align=\"left\">M\u00f6glichkeit, den Anzeigetyp % of Scale f\u00fcr Messung und\/oder Quelle in ihren Download-Aufgaben zu verwenden<\/td><td class=\"has-text-align-left\" data-align=\"left\">Nicht verf\u00fcgbar.<\/td><\/tr><tr><td class=\"has-text-align-left\" data-align=\"left\">Erm\u00f6glicht die Anzeige des zugeh\u00f6rigen SOP-Verfahrenstextes als mehrseitige Einrichtungs- oder Abschlussmeldung.<\/td><td class=\"has-text-align-left\" data-align=\"left\">Keine Seite-an-Seite SOP-Dokumentansicht, Eingabeaufforderungen sind auf jeweils einen Bildschirm beschr\u00e4nkt.<\/td><\/tr><tr><td class=\"has-text-align-left\" data-align=\"left\">Bietet einen digitalen PV-Modus f\u00fcr HART-Transmitter<\/td><td class=\"has-text-align-left\" data-align=\"left\">Nicht verf\u00fcgbar.<\/td><\/tr><tr><td class=\"has-text-align-left\" data-align=\"left\">Erm\u00f6glicht dem Benutzer die einfache Auswahl zwischen Stromquelle (&quot;Source mA&quot;) und Stromsenke (&quot;Simulate Transmitter&quot;) auf jedem herunterzuladenden Ger\u00e4te-Tag.<\/td><td class=\"has-text-align-left\" data-align=\"left\">Die Verwendung des Modus \u201eSender simulieren\u201c erfordert in den meisten F\u00e4llen eine Konfigurationsumgehung.<\/td><\/tr><\/tbody><\/table><\/figure>\n\n\n\n<div class=\"wp-block-image\"><figure class=\"aligncenter size-full\"><img decoding=\"async\" src=\"https:\/\/www.agilelabs.co.za\/wp-content\/uploads\/2021\/08\/MonitorsAndFlukeReportsandMasterRecord.jpg\" alt=\"\" class=\"wp-image-11429\"\/><\/figure><\/div>","protected":false},"excerpt":{"rendered":"<p>Field Calibrator Utility &amp; Documenting Calibrators Boost Productivity with Fully Paperless Calibrations ProCalV5 software with Fluke Documenting Process Calibrators offers the \u201cBest of Breed\u201d fully-automated, cost competitive, paperless calibration solution that will improve productivity by 50% or more over antiquated paper intensive practices. For the single-user technician up to enterprise level managers, this comprehensive system<\/p>\n<p class=\"more-link\"><a href=\"https:\/\/www.agilelabs.co.za\/de\/field-calibrator-utility\/\" class=\"themebutton\">Weiterlesen<\/a><\/p>","protected":false},"author":1,"featured_media":0,"parent":0,"menu_order":0,"comment_status":"closed","ping_status":"closed","template":"","meta":{"_acf_changed":false,"_monsterinsights_skip_tracking":false,"_monsterinsights_sitenote_active":false,"_monsterinsights_sitenote_note":"","_monsterinsights_sitenote_category":0,"footnotes":""},"categories":[],"tags":[],"class_list":["post-11599","page","type-page","status-publish","hentry"],"acf":[],"aioseo_notices":[],"aioseo_head":"\n\t\t<!-- All in One SEO Pro 4.7.0 - aioseo.com -->\n\t\t<meta name=\"description\" content=\"Field Calibrator Utility &amp; Documenting Calibrators Boost Productivity with Fully Paperless Calibrations ProCalV5 software with Fluke Documenting Process Calibrators offers the \u201cBest of Breed\u201d fully-automated, cost competitive, paperless calibration solution that will improve productivity by 50% or more over antiquated paper intensive practices. For the single-user technician up to enterprise level managers, this comprehensive system\" \/>\n\t\t<meta name=\"robots\" content=\"max-image-preview:large\" \/>\n\t\t<meta name=\"google-site-verification\" content=\"Nku-_1g-wtMYqihMzrUWbm5pdgO5gPY2D7l1ya5YPAU\" \/>\n\t\t<meta name=\"msvalidate.01\" content=\"9fc30828a433413eb7b3b5d32174774f\" \/>\n\t\t<meta name=\"yandex-verification\" content=\"c2122235dabe51e3\" \/>\n\t\t<link rel=\"canonical\" href=\"https:\/\/www.agilelabs.co.za\/de\/field-calibrator-utility\/\" \/>\n\t\t<meta name=\"generator\" content=\"All in One SEO Pro (AIOSEO) 4.7.0\" \/>\n\t\t<meta property=\"og:locale\" content=\"de_DE\" \/>\n\t\t<meta property=\"og:site_name\" content=\"Agile Labs - Industry and laboratory software solutions\" \/>\n\t\t<meta property=\"og:type\" content=\"article\" \/>\n\t\t<meta property=\"og:title\" content=\"Field Calibrator Utility - Agile Labs\" \/>\n\t\t<meta property=\"og:description\" content=\"Field Calibrator Utility &amp; Documenting Calibrators Boost Productivity with Fully Paperless Calibrations ProCalV5 software with Fluke Documenting Process Calibrators offers the \u201cBest of Breed\u201d fully-automated, cost competitive, paperless calibration solution that will improve productivity by 50% or more over antiquated paper intensive practices. For the single-user technician up to enterprise level managers, this comprehensive system\" \/>\n\t\t<meta property=\"og:url\" content=\"https:\/\/www.agilelabs.co.za\/de\/field-calibrator-utility\/\" \/>\n\t\t<meta property=\"og:image\" content=\"https:\/\/www.agilelabs.co.za\/wp-content\/uploads\/2021\/08\/TwitterLogo.png?wsr\" \/>\n\t\t<meta property=\"og:image:secure_url\" content=\"https:\/\/www.agilelabs.co.za\/wp-content\/uploads\/2021\/08\/TwitterLogo.png?wsr\" \/>\n\t\t<meta property=\"og:image:width\" content=\"189\" \/>\n\t\t<meta property=\"og:image:height\" content=\"168\" \/>\n\t\t<meta property=\"article:published_time\" content=\"2021-08-20T02:08:20+00:00\" \/>\n\t\t<meta property=\"article:modified_time\" content=\"2021-08-20T02:08:20+00:00\" \/>\n\t\t<meta property=\"article:publisher\" content=\"https:\/\/www.facebook.com\/AgileLabsTeam\" \/>\n\t\t<meta property=\"article:author\" content=\"https:\/\/www.facebook.com\/AgileLabsTeam\" \/>\n\t\t<meta name=\"twitter:card\" content=\"summary\" \/>\n\t\t<meta name=\"twitter:site\" content=\"@InfoAgileLabs\" \/>\n\t\t<meta name=\"twitter:title\" content=\"Field Calibrator Utility - Agile Labs\" \/>\n\t\t<meta name=\"twitter:description\" content=\"Field Calibrator Utility &amp; Documenting Calibrators Boost Productivity with Fully Paperless Calibrations ProCalV5 software with Fluke Documenting Process Calibrators offers the \u201cBest of Breed\u201d fully-automated, cost competitive, paperless calibration solution that will improve productivity by 50% or more over antiquated paper intensive practices. For the single-user technician up to enterprise level managers, this comprehensive system\" \/>\n\t\t<meta name=\"twitter:creator\" content=\"@InfoAgileLabs\" \/>\n\t\t<meta name=\"twitter:image\" content=\"https:\/\/www.agilelabs.co.za\/wp-content\/uploads\/2021\/08\/TwitterLogo.png?wsr\" \/>\n\t\t<script type=\"application\/ld+json\" class=\"aioseo-schema\">\n\t\t\t{\"@context\":\"https:\\\/\\\/schema.org\",\"@graph\":[{\"@type\":\"BreadcrumbList\",\"@id\":\"https:\\\/\\\/www.agilelabs.co.za\\\/de\\\/field-calibrator-utility\\\/#breadcrumblist\",\"itemListElement\":[{\"@type\":\"ListItem\",\"@id\":\"https:\\\/\\\/www.agilelabs.co.za\\\/de\\\/#listItem\",\"position\":1,\"name\":\"Home\",\"item\":\"https:\\\/\\\/www.agilelabs.co.za\\\/de\\\/\",\"nextItem\":\"https:\\\/\\\/www.agilelabs.co.za\\\/de\\\/field-calibrator-utility\\\/#listItem\"},{\"@type\":\"ListItem\",\"@id\":\"https:\\\/\\\/www.agilelabs.co.za\\\/de\\\/field-calibrator-utility\\\/#listItem\",\"position\":2,\"name\":\"Field Calibrator Utility\",\"previousItem\":\"https:\\\/\\\/www.agilelabs.co.za\\\/de\\\/#listItem\"}]},{\"@type\":\"Organization\",\"@id\":\"https:\\\/\\\/www.agilelabs.co.za\\\/de\\\/#organization\",\"name\":\"Agile Labs\",\"url\":\"https:\\\/\\\/www.agilelabs.co.za\\\/de\\\/\",\"logo\":{\"@type\":\"ImageObject\",\"url\":\"https:\\\/\\\/www.agilelabs.co.za\\\/wp-content\\\/uploads\\\/2021\\\/08\\\/LogoTransparant.gif?wsr\",\"@id\":\"https:\\\/\\\/www.agilelabs.co.za\\\/de\\\/field-calibrator-utility\\\/#organizationLogo\",\"width\":125,\"height\":113},\"image\":{\"@id\":\"https:\\\/\\\/www.agilelabs.co.za\\\/de\\\/field-calibrator-utility\\\/#organizationLogo\"},\"sameAs\":[\"https:\\\/\\\/www.facebook.com\\\/AgileLabsTeam\",\"https:\\\/\\\/twitter.com\\\/InfoAgileLabs\"]},{\"@type\":\"WebPage\",\"@id\":\"https:\\\/\\\/www.agilelabs.co.za\\\/de\\\/field-calibrator-utility\\\/#webpage\",\"url\":\"https:\\\/\\\/www.agilelabs.co.za\\\/de\\\/field-calibrator-utility\\\/\",\"name\":\"Field Calibrator Utility - Agile Labs\",\"description\":\"Field Calibrator Utility & Documenting Calibrators Boost Productivity with Fully Paperless Calibrations ProCalV5 software with Fluke Documenting Process Calibrators offers the \\u201cBest of Breed\\u201d fully-automated, cost competitive, paperless calibration solution that will improve productivity by 50% or more over antiquated paper intensive practices. For the single-user technician up to enterprise level managers, this comprehensive system\",\"inLanguage\":\"de-DE\",\"isPartOf\":{\"@id\":\"https:\\\/\\\/www.agilelabs.co.za\\\/de\\\/#website\"},\"breadcrumb\":{\"@id\":\"https:\\\/\\\/www.agilelabs.co.za\\\/de\\\/field-calibrator-utility\\\/#breadcrumblist\"},\"datePublished\":\"2021-08-20T04:08:20+02:00\",\"dateModified\":\"2021-08-20T04:08:20+02:00\"},{\"@type\":\"WebSite\",\"@id\":\"https:\\\/\\\/www.agilelabs.co.za\\\/de\\\/#website\",\"url\":\"https:\\\/\\\/www.agilelabs.co.za\\\/de\\\/\",\"name\":\"Agile Labs\",\"description\":\"Industry and laboratory software solutions\",\"inLanguage\":\"de-DE\",\"publisher\":{\"@id\":\"https:\\\/\\\/www.agilelabs.co.za\\\/de\\\/#organization\"}}]}\n\t\t<\/script>\n\t\t<script type=\"text\/javascript\">\n\t\t\t(function(c,l,a,r,i,t,y){\n\t\t\tc[a]=c[a]||function(){(c[a].q=c[a].q||[]).push(arguments)};t=l.createElement(r);t.async=1;\n\t\t\tt.src=\"https:\/\/www.clarity.ms\/tag\/\"+i+\"?ref=aioseo\";y=l.getElementsByTagName(r)[0];y.parentNode.insertBefore(t,y);\n\t\t})(window, document, \"clarity\", \"script\", \"b88vlc75di\");\n\t\t<\/script>\n\t\t<!-- All in One SEO Pro -->\r\n\t\t<title>Field Calibrator Utility - Agile Labs<\/title>\n\n","aioseo_head_json":{"title":"Field Calibrator Utility - Agile Labs","description":"Field Calibrator Utility & Documenting Calibrators Boost Productivity with Fully Paperless Calibrations ProCalV5 software with Fluke Documenting Process Calibrators offers the \u201cBest of Breed\u201d fully-automated, cost competitive, paperless calibration solution that will improve productivity by 50% or more over antiquated paper intensive practices. For the single-user technician up to enterprise level managers, this comprehensive system","canonical_url":"https:\/\/www.agilelabs.co.za\/de\/field-calibrator-utility\/","robots":"max-image-preview:large","keywords":"","webmasterTools":{"google-site-verification":"Nku-_1g-wtMYqihMzrUWbm5pdgO5gPY2D7l1ya5YPAU","msvalidate.01":"9fc30828a433413eb7b3b5d32174774f","yandex-verification":"c2122235dabe51e3","miscellaneous":""},"og:locale":"de_DE","og:site_name":"Agile Labs - Industry and laboratory software solutions","og:type":"article","og:title":"Field Calibrator Utility - Agile Labs","og:description":"Field Calibrator Utility &amp; Documenting Calibrators Boost Productivity with Fully Paperless Calibrations ProCalV5 software with Fluke Documenting Process Calibrators offers the \u201cBest of Breed\u201d fully-automated, cost competitive, paperless calibration solution that will improve productivity by 50% or more over antiquated paper intensive practices. For the single-user technician up to enterprise level managers, this comprehensive system","og:url":"https:\/\/www.agilelabs.co.za\/de\/field-calibrator-utility\/","og:image":"https:\/\/www.agilelabs.co.za\/wp-content\/uploads\/2021\/08\/TwitterLogo.png?wsr","og:image:secure_url":"https:\/\/www.agilelabs.co.za\/wp-content\/uploads\/2021\/08\/TwitterLogo.png?wsr","og:image:width":189,"og:image:height":168,"article:published_time":"2021-08-20T02:08:20+00:00","article:modified_time":"2021-08-20T02:08:20+00:00","article:publisher":"https:\/\/www.facebook.com\/AgileLabsTeam","article:author":"https:\/\/www.facebook.com\/AgileLabsTeam","twitter:card":"summary","twitter:site":"@InfoAgileLabs","twitter:title":"Field Calibrator Utility - Agile Labs","twitter:description":"Field Calibrator Utility &amp; Documenting Calibrators Boost Productivity with Fully Paperless Calibrations ProCalV5 software with Fluke Documenting Process Calibrators offers the \u201cBest of Breed\u201d fully-automated, cost competitive, paperless calibration solution that will improve productivity by 50% or more over antiquated paper intensive practices. For the single-user technician up to enterprise level managers, this comprehensive system","twitter:creator":"@InfoAgileLabs","twitter:image":"https:\/\/www.agilelabs.co.za\/wp-content\/uploads\/2021\/08\/TwitterLogo.png?wsr","schema":{"@context":"https:\/\/schema.org","@graph":[{"@type":"BreadcrumbList","@id":"https:\/\/www.agilelabs.co.za\/de\/field-calibrator-utility\/#breadcrumblist","itemListElement":[{"@type":"ListItem","@id":"https:\/\/www.agilelabs.co.za\/de\/#listItem","position":1,"name":"Home","item":"https:\/\/www.agilelabs.co.za\/de\/","nextItem":"https:\/\/www.agilelabs.co.za\/de\/field-calibrator-utility\/#listItem"},{"@type":"ListItem","@id":"https:\/\/www.agilelabs.co.za\/de\/field-calibrator-utility\/#listItem","position":2,"name":"Field Calibrator Utility","previousItem":"https:\/\/www.agilelabs.co.za\/de\/#listItem"}]},{"@type":"Organization","@id":"https:\/\/www.agilelabs.co.za\/de\/#organization","name":"Agile Labs","url":"https:\/\/www.agilelabs.co.za\/de\/","logo":{"@type":"ImageObject","url":"https:\/\/www.agilelabs.co.za\/wp-content\/uploads\/2021\/08\/LogoTransparant.gif?wsr","@id":"https:\/\/www.agilelabs.co.za\/de\/field-calibrator-utility\/#organizationLogo","width":125,"height":113},"image":{"@id":"https:\/\/www.agilelabs.co.za\/de\/field-calibrator-utility\/#organizationLogo"},"sameAs":["https:\/\/www.facebook.com\/AgileLabsTeam","https:\/\/twitter.com\/InfoAgileLabs"]},{"@type":"WebPage","@id":"https:\/\/www.agilelabs.co.za\/de\/field-calibrator-utility\/#webpage","url":"https:\/\/www.agilelabs.co.za\/de\/field-calibrator-utility\/","name":"Field Calibrator Utility - Agile Labs","description":"Field Calibrator Utility & Documenting Calibrators Boost Productivity with Fully Paperless Calibrations ProCalV5 software with Fluke Documenting Process Calibrators offers the \u201cBest of Breed\u201d fully-automated, cost competitive, paperless calibration solution that will improve productivity by 50% or more over antiquated paper intensive practices. For the single-user technician up to enterprise level managers, this comprehensive system","inLanguage":"de-DE","isPartOf":{"@id":"https:\/\/www.agilelabs.co.za\/de\/#website"},"breadcrumb":{"@id":"https:\/\/www.agilelabs.co.za\/de\/field-calibrator-utility\/#breadcrumblist"},"datePublished":"2021-08-20T04:08:20+02:00","dateModified":"2021-08-20T04:08:20+02:00"},{"@type":"WebSite","@id":"https:\/\/www.agilelabs.co.za\/de\/#website","url":"https:\/\/www.agilelabs.co.za\/de\/","name":"Agile Labs","description":"Industry and laboratory software solutions","inLanguage":"de-DE","publisher":{"@id":"https:\/\/www.agilelabs.co.za\/de\/#organization"}}]}},"aioseo_meta_data":{"post_id":"11599","title":null,"description":null,"keywords":null,"keyphrases":null,"primary_term":null,"canonical_url":null,"og_title":null,"og_description":null,"og_object_type":"default","og_image_type":"default","og_image_url":null,"og_image_width":null,"og_image_height":null,"og_image_custom_url":null,"og_image_custom_fields":null,"og_video":null,"og_custom_url":null,"og_article_section":null,"og_article_tags":null,"twitter_use_og":false,"twitter_card":"default","twitter_image_type":"default","twitter_image_url":null,"twitter_image_custom_url":null,"twitter_image_custom_fields":null,"twitter_title":null,"twitter_description":null,"schema":{"blockGraphs":[],"customGraphs":[],"default":{"data":{"Article":[],"Course":[],"Dataset":[],"FAQPage":[],"Movie":[],"Person":[],"Product":[],"Recipe":[],"Service":[],"SoftwareApplication":[],"WebPage":[]},"graphName":"","isEnabled":true},"graphs":[]},"schema_type":"default","schema_type_options":null,"pillar_content":false,"robots_default":true,"robots_noindex":false,"robots_noarchive":false,"robots_nosnippet":false,"robots_nofollow":false,"robots_noimageindex":false,"robots_noodp":false,"robots_notranslate":false,"robots_max_snippet":null,"robots_max_videopreview":null,"robots_max_imagepreview":"large","priority":null,"frequency":null,"local_seo":null,"limit_modified_date":false,"open_ai":null,"created":"2022-02-09 02:39:01","updated":"2022-09-13 21:16:28"},"_links":{"self":[{"href":"https:\/\/www.agilelabs.co.za\/de\/wp-json\/wp\/v2\/pages\/11599","targetHints":{"allow":["GET"]}}],"collection":[{"href":"https:\/\/www.agilelabs.co.za\/de\/wp-json\/wp\/v2\/pages"}],"about":[{"href":"https:\/\/www.agilelabs.co.za\/de\/wp-json\/wp\/v2\/types\/page"}],"author":[{"embeddable":true,"href":"https:\/\/www.agilelabs.co.za\/de\/wp-json\/wp\/v2\/users\/1"}],"replies":[{"embeddable":true,"href":"https:\/\/www.agilelabs.co.za\/de\/wp-json\/wp\/v2\/comments?post=11599"}],"version-history":[{"count":0,"href":"https:\/\/www.agilelabs.co.za\/de\/wp-json\/wp\/v2\/pages\/11599\/revisions"}],"wp:attachment":[{"href":"https:\/\/www.agilelabs.co.za\/de\/wp-json\/wp\/v2\/media?parent=11599"}],"wp:term":[{"taxonomy":"category","embeddable":true,"href":"https:\/\/www.agilelabs.co.za\/de\/wp-json\/wp\/v2\/categories?post=11599"},{"taxonomy":"post_tag","embeddable":true,"href":"https:\/\/www.agilelabs.co.za\/de\/wp-json\/wp\/v2\/tags?post=11599"}],"curies":[{"name":"wp","href":"https:\/\/api.w.org\/{rel}","templated":true}]}}