{"id":11598,"date":"2021-08-20T04:04:06","date_gmt":"2021-08-20T02:04:06","guid":{"rendered":"https:\/\/www.agilelabs.co.za\/?page_id=11489"},"modified":"2021-09-02T09:11:21","modified_gmt":"2021-09-02T07:11:21","slug":"fluke","status":"publish","type":"page","link":"https:\/\/www.agilelabs.co.za\/de\/fluke\/","title":{"rendered":"Fluke"},"content":{"rendered":"<p><strong>Dokumentierende Kalibratoren<\/strong><\/p>\n\n\n\n<p>Die papierlose Funktionalit\u00e4t ist der beste Weg, um die Produktivit\u00e4t zu verbessern, die Betriebskosten zu senken und die Einhaltung gesetzlicher Vorschriften sicherzustellen. ProCalV5 ist das leistungsst\u00e4rkste Programm zur Verwendung mit den dokumentierenden Prozesskalibratoren Fluke 740\/750. Einzigartige Systemfunktionen erm\u00f6glichen das Hochladen\/Herunterladen von Arbeitsauftr\u00e4gen auf den Kalibrator entweder von einer PC\/Server-Verbindung oder aus der Ferne von einer ProCalV5 Mobile Workstation. Eine verbesserte Aufsichtskontrolle f\u00fcr Ihre Feldoperationen ist gew\u00e4hrleistet!<\/p>\n\n\n\n<p><strong>Multifunktional.<\/strong><\/p>\n\n\n\n<p>Kalibrieren Sie Temperatur, Druck, Spannung, Strom, Widerstand und Frequenz. Da es sowohl misst als auch Quellen liefert, k\u00f6nnen Sie alles mit einem robusten Tool beheben und kalibrieren.<\/p>\n\n\n\n<p><strong>Leistungsstark und dennoch einfach zu bedienen.<\/strong><\/p>\n\n\n\n<p>Das leicht verst\u00e4ndliche, men\u00fcgesteuerte Display f\u00fchrt Sie durch jede Aufgabe. Programmierbare Kalibrierungsroutinen erm\u00f6glichen Ihnen die Erstellung und Ausf\u00fchrung automatisierter As-found\/as-left-Verfahren, um schnelle, konsistente Kalibrierungen zu gew\u00e4hrleisten.<\/p>\n\n\n\n<p><strong>Erfasst und dokumentiert Ergebnisse.<\/strong><\/p>\n\n\n\n<p>Um Ihre ISO-9000- oder beh\u00f6rdlichen Standards zu unterst\u00fctzen, erfasst der Fluke 753\/754 Ihre Kalibrierungsergebnisse, sodass das Jonglieren mit Stift und Block im Feld entf\u00e4llt. \u00dcber die USB-Schnittstelle der Fluke 753 und 754 k\u00f6nnen Sie die Ergebnisse auf einen PC \u00fcbertragen und sparen so Zeit, sie bei der R\u00fcckkehr zum Gesch\u00e4ft manuell zu transkribieren.<\/p>\n\n\n\n<p><strong>Wirklich handlich.<\/strong><\/p>\n\n\n\n<p>Klein genug, um problemlos in eine Werkzeugtasche zu passen und in engen R\u00e4umen zu verwenden. L\u00e4uft eine ganze Schicht mit einem wiederaufladbaren Lithium-Ionen-Akku.<\/p>\n\n\n\n<p><strong>Robust und zuverl\u00e4ssig.<\/strong><\/p>\n\n\n\n<p>Das umspritzte Urethangeh\u00e4use h\u00e4lt rauer Handhabung in industriellen Umgebungen stand. Kalibratoren bieten ein oder zwei Jahre Kalibrierzyklen und eine dreij\u00e4hrige Garantie.<\/p>\n\n\n\n<p><strong>Helles wei\u00dfes Display.<\/strong><\/p>\n\n\n\n<p>L\u00e4sst Sie Ihre Ergebnisse in jedem Licht ablesen. Hintergrundbeleuchtung hat drei (3) Einstellungen.<\/p>\n\n\n\n<p><strong>Mehrsprachige Benutzeroberfl\u00e4che.<\/strong><\/p>\n\n\n\n<p>Zeigt Anweisungen in Englisch, Franz\u00f6sisch, Deutsch, Spanisch und Italienisch an.<\/p>\n\n\n\n<p><strong>AutoStep.<\/strong><\/p>\n\n\n\n<p>Erm\u00f6glicht Technikern, den Kalibrator auf einen verz\u00f6gerten Start und eine bestimmte Abfolge von Schritten einzustellen, sodass er als kontinuierlich variierende Testquelle unbeaufsichtigt betrieben werden kann.<\/p>\n\n\n\n<p><strong>Eingebauter algebraischer Rechner.<\/strong><\/p>\n\n\n\n<p>Mit vier Funktionen \u2013 plus Quadratwurzel \u2013 speichert, ruft und f\u00fchrt Berechnungen durch, die f\u00fcr die Einrichtung von Instrumenten oder die Auswertung von Daten im Feld erforderlich sind. Verwenden Sie es, um die Quellfunktion auf einen berechneten Wert zu setzen. Sie m\u00fcssen weder Bleistift und Papier noch einen separaten Taschenrechner mit sich f\u00fchren.<\/p>\n\n\n\n<div class=\"wp-block-image\"><figure class=\"aligncenter size-full\"><img decoding=\"async\" width=\"323\" height=\"400\" src=\"https:\/\/www.agilelabs.co.za\/wp-content\/uploads\/2021\/08\/Documenting_Calibrators.png\" alt=\"\" class=\"wp-image-11510\" srcset=\"https:\/\/www.agilelabs.co.za\/wp-content\/uploads\/2021\/08\/Documenting_Calibrators.png 323w, https:\/\/www.agilelabs.co.za\/wp-content\/uploads\/2021\/08\/Documenting_Calibrators-300x372.png 300w, https:\/\/www.agilelabs.co.za\/wp-content\/uploads\/2021\/08\/Documenting_Calibrators-242x300.png 242w\" sizes=\"(max-width: 323px) 100vw, 323px\" \/><\/figure><\/div>","protected":false},"excerpt":{"rendered":"<p>Documenting Calibrators Paperless functionality is the best way to improve productivity, reduce operational costs and ensure regulatory compliance. ProCalV5 is the most powerful program for use with Fluke 740\/750 Documenting Process Calibrators. Unique system features enable work assignments to upload\/download to the calibrator from either a PC\/server connection or remotely from a ProCalV5 Mobile Workstation.<\/p>\n<p class=\"more-link\"><a href=\"https:\/\/www.agilelabs.co.za\/de\/fluke\/\" class=\"themebutton\">Weiterlesen<\/a><\/p>","protected":false},"author":1,"featured_media":0,"parent":0,"menu_order":0,"comment_status":"closed","ping_status":"closed","template":"","meta":{"_acf_changed":false,"_monsterinsights_skip_tracking":false,"_monsterinsights_sitenote_active":false,"_monsterinsights_sitenote_note":"","_monsterinsights_sitenote_category":0,"footnotes":""},"categories":[],"tags":[],"class_list":["post-11598","page","type-page","status-publish","hentry"],"acf":[],"aioseo_notices":[],"aioseo_head":"\n\t\t<!-- All in One SEO Pro 4.7.0 - aioseo.com -->\n\t\t<meta name=\"description\" content=\"Documenting Calibrators Paperless functionality is the best way to improve productivity, reduce operational costs and ensure regulatory compliance. ProCalV5 is the most powerful program for use with Fluke 740\/750 Documenting Process Calibrators. Unique system features enable work assignments to upload\/download to the calibrator from either a PC\/server connection or remotely from a ProCalV5 Mobile Workstation.\" \/>\n\t\t<meta name=\"robots\" content=\"max-image-preview:large\" \/>\n\t\t<meta name=\"google-site-verification\" content=\"Nku-_1g-wtMYqihMzrUWbm5pdgO5gPY2D7l1ya5YPAU\" \/>\n\t\t<meta name=\"msvalidate.01\" content=\"9fc30828a433413eb7b3b5d32174774f\" \/>\n\t\t<meta name=\"yandex-verification\" content=\"c2122235dabe51e3\" \/>\n\t\t<link rel=\"canonical\" href=\"https:\/\/www.agilelabs.co.za\/de\/fluke\/\" \/>\n\t\t<meta name=\"generator\" content=\"All in One SEO Pro (AIOSEO) 4.7.0\" \/>\n\t\t<meta property=\"og:locale\" content=\"de_DE\" \/>\n\t\t<meta property=\"og:site_name\" content=\"Agile Labs - Industry and laboratory software solutions\" \/>\n\t\t<meta property=\"og:type\" content=\"article\" \/>\n\t\t<meta property=\"og:title\" content=\"Fluke - Agile Labs\" \/>\n\t\t<meta property=\"og:description\" content=\"Documenting Calibrators Paperless functionality is the best way to improve productivity, reduce operational costs and ensure regulatory compliance. ProCalV5 is the most powerful program for use with Fluke 740\/750 Documenting Process Calibrators. Unique system features enable work assignments to upload\/download to the calibrator from either a PC\/server connection or remotely from a ProCalV5 Mobile Workstation.\" \/>\n\t\t<meta property=\"og:url\" content=\"https:\/\/www.agilelabs.co.za\/de\/fluke\/\" \/>\n\t\t<meta property=\"og:image\" content=\"https:\/\/www.agilelabs.co.za\/wp-content\/uploads\/2021\/08\/TwitterLogo.png?wsr\" \/>\n\t\t<meta property=\"og:image:secure_url\" content=\"https:\/\/www.agilelabs.co.za\/wp-content\/uploads\/2021\/08\/TwitterLogo.png?wsr\" \/>\n\t\t<meta property=\"og:image:width\" content=\"189\" \/>\n\t\t<meta property=\"og:image:height\" content=\"168\" \/>\n\t\t<meta property=\"article:published_time\" content=\"2021-08-20T02:04:06+00:00\" \/>\n\t\t<meta property=\"article:modified_time\" content=\"2021-09-02T07:11:21+00:00\" \/>\n\t\t<meta property=\"article:publisher\" content=\"https:\/\/www.facebook.com\/AgileLabsTeam\" \/>\n\t\t<meta property=\"article:author\" content=\"https:\/\/www.facebook.com\/AgileLabsTeam\" \/>\n\t\t<meta name=\"twitter:card\" content=\"summary\" \/>\n\t\t<meta name=\"twitter:site\" content=\"@InfoAgileLabs\" \/>\n\t\t<meta name=\"twitter:title\" content=\"Fluke - Agile Labs\" \/>\n\t\t<meta name=\"twitter:description\" content=\"Documenting Calibrators Paperless functionality is the best way to improve productivity, reduce operational costs and ensure regulatory compliance. ProCalV5 is the most powerful program for use with Fluke 740\/750 Documenting Process Calibrators. Unique system features enable work assignments to upload\/download to the calibrator from either a PC\/server connection or remotely from a ProCalV5 Mobile Workstation.\" \/>\n\t\t<meta name=\"twitter:creator\" content=\"@InfoAgileLabs\" \/>\n\t\t<meta name=\"twitter:image\" content=\"https:\/\/www.agilelabs.co.za\/wp-content\/uploads\/2021\/08\/TwitterLogo.png?wsr\" \/>\n\t\t<script type=\"application\/ld+json\" class=\"aioseo-schema\">\n\t\t\t{\"@context\":\"https:\\\/\\\/schema.org\",\"@graph\":[{\"@type\":\"BreadcrumbList\",\"@id\":\"https:\\\/\\\/www.agilelabs.co.za\\\/de\\\/fluke\\\/#breadcrumblist\",\"itemListElement\":[{\"@type\":\"ListItem\",\"@id\":\"https:\\\/\\\/www.agilelabs.co.za\\\/de\\\/#listItem\",\"position\":1,\"name\":\"Home\",\"item\":\"https:\\\/\\\/www.agilelabs.co.za\\\/de\\\/\",\"nextItem\":\"https:\\\/\\\/www.agilelabs.co.za\\\/de\\\/fluke\\\/#listItem\"},{\"@type\":\"ListItem\",\"@id\":\"https:\\\/\\\/www.agilelabs.co.za\\\/de\\\/fluke\\\/#listItem\",\"position\":2,\"name\":\"Fluke\",\"previousItem\":\"https:\\\/\\\/www.agilelabs.co.za\\\/de\\\/#listItem\"}]},{\"@type\":\"Organization\",\"@id\":\"https:\\\/\\\/www.agilelabs.co.za\\\/de\\\/#organization\",\"name\":\"Agile Labs\",\"url\":\"https:\\\/\\\/www.agilelabs.co.za\\\/de\\\/\",\"logo\":{\"@type\":\"ImageObject\",\"url\":\"https:\\\/\\\/www.agilelabs.co.za\\\/wp-content\\\/uploads\\\/2021\\\/08\\\/LogoTransparant.gif?wsr\",\"@id\":\"https:\\\/\\\/www.agilelabs.co.za\\\/de\\\/fluke\\\/#organizationLogo\",\"width\":125,\"height\":113},\"image\":{\"@id\":\"https:\\\/\\\/www.agilelabs.co.za\\\/de\\\/fluke\\\/#organizationLogo\"},\"sameAs\":[\"https:\\\/\\\/www.facebook.com\\\/AgileLabsTeam\",\"https:\\\/\\\/twitter.com\\\/InfoAgileLabs\"]},{\"@type\":\"WebPage\",\"@id\":\"https:\\\/\\\/www.agilelabs.co.za\\\/de\\\/fluke\\\/#webpage\",\"url\":\"https:\\\/\\\/www.agilelabs.co.za\\\/de\\\/fluke\\\/\",\"name\":\"Fluke - Agile Labs\",\"description\":\"Documenting Calibrators Paperless functionality is the best way to improve productivity, reduce operational costs and ensure regulatory compliance. ProCalV5 is the most powerful program for use with Fluke 740\\\/750 Documenting Process Calibrators. Unique system features enable work assignments to upload\\\/download to the calibrator from either a PC\\\/server connection or remotely from a ProCalV5 Mobile Workstation.\",\"inLanguage\":\"de-DE\",\"isPartOf\":{\"@id\":\"https:\\\/\\\/www.agilelabs.co.za\\\/de\\\/#website\"},\"breadcrumb\":{\"@id\":\"https:\\\/\\\/www.agilelabs.co.za\\\/de\\\/fluke\\\/#breadcrumblist\"},\"datePublished\":\"2021-08-20T04:04:06+02:00\",\"dateModified\":\"2021-09-02T09:11:21+02:00\"},{\"@type\":\"WebSite\",\"@id\":\"https:\\\/\\\/www.agilelabs.co.za\\\/de\\\/#website\",\"url\":\"https:\\\/\\\/www.agilelabs.co.za\\\/de\\\/\",\"name\":\"Agile Labs\",\"description\":\"Industry and laboratory software solutions\",\"inLanguage\":\"de-DE\",\"publisher\":{\"@id\":\"https:\\\/\\\/www.agilelabs.co.za\\\/de\\\/#organization\"}}]}\n\t\t<\/script>\n\t\t<script type=\"text\/javascript\">\n\t\t\t(function(c,l,a,r,i,t,y){\n\t\t\tc[a]=c[a]||function(){(c[a].q=c[a].q||[]).push(arguments)};t=l.createElement(r);t.async=1;\n\t\t\tt.src=\"https:\/\/www.clarity.ms\/tag\/\"+i+\"?ref=aioseo\";y=l.getElementsByTagName(r)[0];y.parentNode.insertBefore(t,y);\n\t\t})(window, document, \"clarity\", \"script\", \"b88vlc75di\");\n\t\t<\/script>\n\t\t<!-- All in One SEO Pro -->\r\n\t\t<title>Fluke - Agile Labs<\/title>\n\n","aioseo_head_json":{"title":"Fluke - Agile Labs","description":"Documenting Calibrators Paperless functionality is the best way to improve productivity, reduce operational costs and ensure regulatory compliance. ProCalV5 is the most powerful program for use with Fluke 740\/750 Documenting Process Calibrators. Unique system features enable work assignments to upload\/download to the calibrator from either a PC\/server connection or remotely from a ProCalV5 Mobile Workstation.","canonical_url":"https:\/\/www.agilelabs.co.za\/de\/fluke\/","robots":"max-image-preview:large","keywords":"","webmasterTools":{"google-site-verification":"Nku-_1g-wtMYqihMzrUWbm5pdgO5gPY2D7l1ya5YPAU","msvalidate.01":"9fc30828a433413eb7b3b5d32174774f","yandex-verification":"c2122235dabe51e3","miscellaneous":""},"og:locale":"de_DE","og:site_name":"Agile Labs - Industry and laboratory software solutions","og:type":"article","og:title":"Fluke - Agile Labs","og:description":"Documenting Calibrators Paperless functionality is the best way to improve productivity, reduce operational costs and ensure regulatory compliance. ProCalV5 is the most powerful program for use with Fluke 740\/750 Documenting Process Calibrators. Unique system features enable work assignments to upload\/download to the calibrator from either a PC\/server connection or remotely from a ProCalV5 Mobile Workstation.","og:url":"https:\/\/www.agilelabs.co.za\/de\/fluke\/","og:image":"https:\/\/www.agilelabs.co.za\/wp-content\/uploads\/2021\/08\/TwitterLogo.png?wsr","og:image:secure_url":"https:\/\/www.agilelabs.co.za\/wp-content\/uploads\/2021\/08\/TwitterLogo.png?wsr","og:image:width":189,"og:image:height":168,"article:published_time":"2021-08-20T02:04:06+00:00","article:modified_time":"2021-09-02T07:11:21+00:00","article:publisher":"https:\/\/www.facebook.com\/AgileLabsTeam","article:author":"https:\/\/www.facebook.com\/AgileLabsTeam","twitter:card":"summary","twitter:site":"@InfoAgileLabs","twitter:title":"Fluke - Agile Labs","twitter:description":"Documenting Calibrators Paperless functionality is the best way to improve productivity, reduce operational costs and ensure regulatory compliance. ProCalV5 is the most powerful program for use with Fluke 740\/750 Documenting Process Calibrators. Unique system features enable work assignments to upload\/download to the calibrator from either a PC\/server connection or remotely from a ProCalV5 Mobile Workstation.","twitter:creator":"@InfoAgileLabs","twitter:image":"https:\/\/www.agilelabs.co.za\/wp-content\/uploads\/2021\/08\/TwitterLogo.png?wsr","schema":{"@context":"https:\/\/schema.org","@graph":[{"@type":"BreadcrumbList","@id":"https:\/\/www.agilelabs.co.za\/de\/fluke\/#breadcrumblist","itemListElement":[{"@type":"ListItem","@id":"https:\/\/www.agilelabs.co.za\/de\/#listItem","position":1,"name":"Home","item":"https:\/\/www.agilelabs.co.za\/de\/","nextItem":"https:\/\/www.agilelabs.co.za\/de\/fluke\/#listItem"},{"@type":"ListItem","@id":"https:\/\/www.agilelabs.co.za\/de\/fluke\/#listItem","position":2,"name":"Fluke","previousItem":"https:\/\/www.agilelabs.co.za\/de\/#listItem"}]},{"@type":"Organization","@id":"https:\/\/www.agilelabs.co.za\/de\/#organization","name":"Agile Labs","url":"https:\/\/www.agilelabs.co.za\/de\/","logo":{"@type":"ImageObject","url":"https:\/\/www.agilelabs.co.za\/wp-content\/uploads\/2021\/08\/LogoTransparant.gif?wsr","@id":"https:\/\/www.agilelabs.co.za\/de\/fluke\/#organizationLogo","width":125,"height":113},"image":{"@id":"https:\/\/www.agilelabs.co.za\/de\/fluke\/#organizationLogo"},"sameAs":["https:\/\/www.facebook.com\/AgileLabsTeam","https:\/\/twitter.com\/InfoAgileLabs"]},{"@type":"WebPage","@id":"https:\/\/www.agilelabs.co.za\/de\/fluke\/#webpage","url":"https:\/\/www.agilelabs.co.za\/de\/fluke\/","name":"Fluke - Agile Labs","description":"Documenting Calibrators Paperless functionality is the best way to improve productivity, reduce operational costs and ensure regulatory compliance. ProCalV5 is the most powerful program for use with Fluke 740\/750 Documenting Process Calibrators. Unique system features enable work assignments to upload\/download to the calibrator from either a PC\/server connection or remotely from a ProCalV5 Mobile Workstation.","inLanguage":"de-DE","isPartOf":{"@id":"https:\/\/www.agilelabs.co.za\/de\/#website"},"breadcrumb":{"@id":"https:\/\/www.agilelabs.co.za\/de\/fluke\/#breadcrumblist"},"datePublished":"2021-08-20T04:04:06+02:00","dateModified":"2021-09-02T09:11:21+02:00"},{"@type":"WebSite","@id":"https:\/\/www.agilelabs.co.za\/de\/#website","url":"https:\/\/www.agilelabs.co.za\/de\/","name":"Agile Labs","description":"Industry and laboratory software solutions","inLanguage":"de-DE","publisher":{"@id":"https:\/\/www.agilelabs.co.za\/de\/#organization"}}]}},"aioseo_meta_data":{"post_id":"11598","title":null,"description":null,"keywords":null,"keyphrases":null,"primary_term":null,"canonical_url":null,"og_title":null,"og_description":null,"og_object_type":"default","og_image_type":"default","og_image_url":null,"og_image_width":null,"og_image_height":null,"og_image_custom_url":null,"og_image_custom_fields":null,"og_video":null,"og_custom_url":null,"og_article_section":null,"og_article_tags":null,"twitter_use_og":false,"twitter_card":"default","twitter_image_type":"default","twitter_image_url":null,"twitter_image_custom_url":null,"twitter_image_custom_fields":null,"twitter_title":null,"twitter_description":null,"schema":{"blockGraphs":[],"customGraphs":[],"default":{"data":{"Article":[],"Course":[],"Dataset":[],"FAQPage":[],"Movie":[],"Person":[],"Product":[],"Recipe":[],"Service":[],"SoftwareApplication":[],"WebPage":[]},"graphName":"","isEnabled":true},"graphs":[]},"schema_type":"default","schema_type_options":null,"pillar_content":false,"robots_default":true,"robots_noindex":false,"robots_noarchive":false,"robots_nosnippet":false,"robots_nofollow":false,"robots_noimageindex":false,"robots_noodp":false,"robots_notranslate":false,"robots_max_snippet":null,"robots_max_videopreview":null,"robots_max_imagepreview":"large","priority":null,"frequency":null,"local_seo":null,"limit_modified_date":false,"open_ai":null,"created":"2022-02-09 02:39:01","updated":"2022-09-13 21:12:53"},"_links":{"self":[{"href":"https:\/\/www.agilelabs.co.za\/de\/wp-json\/wp\/v2\/pages\/11598","targetHints":{"allow":["GET"]}}],"collection":[{"href":"https:\/\/www.agilelabs.co.za\/de\/wp-json\/wp\/v2\/pages"}],"about":[{"href":"https:\/\/www.agilelabs.co.za\/de\/wp-json\/wp\/v2\/types\/page"}],"author":[{"embeddable":true,"href":"https:\/\/www.agilelabs.co.za\/de\/wp-json\/wp\/v2\/users\/1"}],"replies":[{"embeddable":true,"href":"https:\/\/www.agilelabs.co.za\/de\/wp-json\/wp\/v2\/comments?post=11598"}],"version-history":[{"count":0,"href":"https:\/\/www.agilelabs.co.za\/de\/wp-json\/wp\/v2\/pages\/11598\/revisions"}],"wp:attachment":[{"href":"https:\/\/www.agilelabs.co.za\/de\/wp-json\/wp\/v2\/media?parent=11598"}],"wp:term":[{"taxonomy":"category","embeddable":true,"href":"https:\/\/www.agilelabs.co.za\/de\/wp-json\/wp\/v2\/categories?post=11598"},{"taxonomy":"post_tag","embeddable":true,"href":"https:\/\/www.agilelabs.co.za\/de\/wp-json\/wp\/v2\/tags?post=11598"}],"curies":[{"name":"wp","href":"https:\/\/api.w.org\/{rel}","templated":true}]}}