{"id":11597,"date":"2021-08-20T03:41:10","date_gmt":"2021-08-20T01:41:10","guid":{"rendered":"https:\/\/www.agilelabs.co.za\/?page_id=11481"},"modified":"2021-11-23T20:26:17","modified_gmt":"2021-11-23T18:26:17","slug":"mobile-workstations","status":"publish","type":"page","link":"https:\/\/www.agilelabs.co.za\/de\/mobile-workstations\/","title":{"rendered":"Mobile Workstations"},"content":{"rendered":"<p><strong>Offline, 21 CFR Part 11-konform, volle Programmfunktionalit\u00e4t<\/strong><\/p>\n\n\n\n<p><\/p>\n\n\n\n<p>Papierbasierte Kalibrierungsverfahren sind kostspielig und zeitaufw\u00e4ndig und erh\u00f6hen das Risiko menschlicher Fehler und Nichteinhaltung. ProCalV5 Offline Mobile Workstations nutzen die vollst\u00e4ndige Programmschnittstelle und beinhalten alle 21 CFR Part 11 konformen Bedienelemente. Ausgefeilte Import-\/Exportfunktionen gew\u00e4hrleisten die Datenintegrit\u00e4t.<\/p>\n\n\n\n<p><strong>H\u00f6hepunkte der papierlosen Kalibrierung von ProCalV5<\/strong><\/p>\n\n\n\n<ul class=\"wp-block-list\"><li>Vollst\u00e4ndige Offline-Benutzeroberfl\u00e4che mit vollst\u00e4ndiger Systemfunktionalit\u00e4t<\/li><li>Genehmigte Teststandards und SOPs herunterladen<\/li><li>F\u00fchrt alle automatischen mathematischen Funktionen aus<\/li><li>Strenge Benutzerzugriffskontrollen<\/li><li>Vollst\u00e4ndige \u00dcberpr\u00fcfung der Datenintoleranz und Integrit\u00e4tspr\u00fcfungen<\/li><li>Abgeschlossene Arbeit f\u00fcr das E-Signatur-Routing exportieren<\/li><li>Arbeitszuweisungen aus der Ferne hinzuf\u00fcgen oder \u00e4ndern<\/li><li>Erstellen oder drucken Sie professionelle Dokumentationen und Kalibrierungsaufkleber<\/li><li>Fernschnittstelle zu dokumentierenden Kalibratoren<\/li><\/ul>\n\n\n\n<figure class=\"wp-block-image size-large\"><img decoding=\"async\" src=\"https:\/\/www.agilelabs.co.za\/wp-content\/uploads\/2021\/08\/Technician-at-Computer-768x1024.jpg\" alt=\"\" class=\"wp-image-11482\"\/><\/figure>\n\n\n\n<p><strong>Die 5 wichtigsten Gr\u00fcnde f\u00fcr papierloses Arbeiten<\/strong><\/p>\n\n\n\n<ul class=\"wp-block-list\"><li>Erh\u00f6ht die Produktivit\u00e4t der Techniker erheblich<\/li><li>Eliminieren Sie menschliche Fehler<\/li><li>Verbesserung der Qualit\u00e4ts\u00fcberwachung<\/li><li>Schluss mit dem Papierkram-Shuffle<\/li><li>Sofortiger Zugriff auf Daten in Arbeit und geleistete Arbeit<\/li><\/ul>\n\n\n\n<p><strong>Der bew\u00e4hrte Weg zum papierlosen<\/strong><\/p>\n\n\n\n<figure class=\"wp-block-image size-full\"><img decoding=\"async\" src=\"https:\/\/www.agilelabs.co.za\/wp-content\/uploads\/2021\/08\/PaperlessCalibrationsL-768x624-1.jpg\" alt=\"\" class=\"wp-image-11483\"\/><\/figure>\n\n\n\n<p>Sehen Sie sich das Video zur mobilen Workstation-\u00dcbersicht unten an, um mehr zu erfahren<\/p>\n\n\n\n<p><\/p>\n\n\n\n<p><\/p>","protected":false},"excerpt":{"rendered":"<p>Off-Line, 21 CFR Part 11 Compliant, Full Program Functionality Paper-based calibration practices are costly and time consuming and they increase the risk of human error and non-compliance. ProCalV5 off-line Mobile Workstations utilize the full program interface and incorporate all 21 CFR Part 11 compliant controls. Sophisticated import\/export features ensure data integrity. ProCalV5 Paperless Calibration Highlights<\/p>\n<p class=\"more-link\"><a href=\"https:\/\/www.agilelabs.co.za\/de\/mobile-workstations\/\" class=\"themebutton\">Weiterlesen<\/a><\/p>","protected":false},"author":1,"featured_media":0,"parent":0,"menu_order":0,"comment_status":"closed","ping_status":"closed","template":"","meta":{"_acf_changed":false,"_monsterinsights_skip_tracking":false,"_monsterinsights_sitenote_active":false,"_monsterinsights_sitenote_note":"","_monsterinsights_sitenote_category":0,"footnotes":""},"categories":[],"tags":[],"class_list":["post-11597","page","type-page","status-publish","hentry"],"acf":[],"aioseo_notices":[],"aioseo_head":"\n\t\t<!-- All in One SEO Pro 4.7.0 - aioseo.com -->\n\t\t<meta name=\"description\" content=\"Off-Line, 21 CFR Part 11 Compliant, Full Program Functionality Paper-based calibration practices are costly and time consuming and they increase the risk of human error and non-compliance. ProCalV5 off-line Mobile Workstations utilize the full program interface and incorporate all 21 CFR Part 11 compliant controls. Sophisticated import\/export features ensure data integrity. ProCalV5 Paperless Calibration Highlights\" \/>\n\t\t<meta name=\"robots\" content=\"max-image-preview:large\" \/>\n\t\t<meta name=\"google-site-verification\" content=\"Nku-_1g-wtMYqihMzrUWbm5pdgO5gPY2D7l1ya5YPAU\" \/>\n\t\t<meta name=\"msvalidate.01\" content=\"9fc30828a433413eb7b3b5d32174774f\" \/>\n\t\t<meta name=\"yandex-verification\" content=\"c2122235dabe51e3\" \/>\n\t\t<link rel=\"canonical\" href=\"https:\/\/www.agilelabs.co.za\/de\/mobile-workstations\/\" \/>\n\t\t<meta name=\"generator\" content=\"All in One SEO Pro (AIOSEO) 4.7.0\" \/>\n\t\t<meta property=\"og:locale\" content=\"de_DE\" \/>\n\t\t<meta property=\"og:site_name\" content=\"Agile Labs - Industry and laboratory software solutions\" \/>\n\t\t<meta property=\"og:type\" content=\"article\" \/>\n\t\t<meta property=\"og:title\" content=\"Mobile Workstations - Agile Labs\" \/>\n\t\t<meta property=\"og:description\" content=\"Off-Line, 21 CFR Part 11 Compliant, Full Program Functionality Paper-based calibration practices are costly and time consuming and they increase the risk of human error and non-compliance. ProCalV5 off-line Mobile Workstations utilize the full program interface and incorporate all 21 CFR Part 11 compliant controls. Sophisticated import\/export features ensure data integrity. ProCalV5 Paperless Calibration Highlights\" \/>\n\t\t<meta property=\"og:url\" content=\"https:\/\/www.agilelabs.co.za\/de\/mobile-workstations\/\" \/>\n\t\t<meta property=\"og:image\" content=\"https:\/\/www.agilelabs.co.za\/wp-content\/uploads\/2021\/08\/TwitterLogo.png?wsr\" \/>\n\t\t<meta property=\"og:image:secure_url\" content=\"https:\/\/www.agilelabs.co.za\/wp-content\/uploads\/2021\/08\/TwitterLogo.png?wsr\" \/>\n\t\t<meta property=\"og:image:width\" content=\"189\" \/>\n\t\t<meta property=\"og:image:height\" content=\"168\" \/>\n\t\t<meta property=\"article:published_time\" content=\"2021-08-20T01:41:10+00:00\" \/>\n\t\t<meta property=\"article:modified_time\" content=\"2021-11-23T18:26:17+00:00\" \/>\n\t\t<meta property=\"article:publisher\" content=\"https:\/\/www.facebook.com\/AgileLabsTeam\" \/>\n\t\t<meta property=\"article:author\" content=\"https:\/\/www.facebook.com\/AgileLabsTeam\" \/>\n\t\t<meta name=\"twitter:card\" content=\"summary\" \/>\n\t\t<meta name=\"twitter:site\" content=\"@InfoAgileLabs\" \/>\n\t\t<meta name=\"twitter:title\" content=\"Mobile Workstations - Agile Labs\" \/>\n\t\t<meta name=\"twitter:description\" content=\"Off-Line, 21 CFR Part 11 Compliant, Full Program Functionality Paper-based calibration practices are costly and time consuming and they increase the risk of human error and non-compliance. ProCalV5 off-line Mobile Workstations utilize the full program interface and incorporate all 21 CFR Part 11 compliant controls. Sophisticated import\/export features ensure data integrity. ProCalV5 Paperless Calibration Highlights\" \/>\n\t\t<meta name=\"twitter:creator\" content=\"@InfoAgileLabs\" \/>\n\t\t<meta name=\"twitter:image\" content=\"https:\/\/www.agilelabs.co.za\/wp-content\/uploads\/2021\/08\/TwitterLogo.png?wsr\" \/>\n\t\t<script type=\"application\/ld+json\" class=\"aioseo-schema\">\n\t\t\t{\"@context\":\"https:\\\/\\\/schema.org\",\"@graph\":[{\"@type\":\"BreadcrumbList\",\"@id\":\"https:\\\/\\\/www.agilelabs.co.za\\\/de\\\/mobile-workstations\\\/#breadcrumblist\",\"itemListElement\":[{\"@type\":\"ListItem\",\"@id\":\"https:\\\/\\\/www.agilelabs.co.za\\\/de\\\/#listItem\",\"position\":1,\"name\":\"Home\",\"item\":\"https:\\\/\\\/www.agilelabs.co.za\\\/de\\\/\",\"nextItem\":\"https:\\\/\\\/www.agilelabs.co.za\\\/de\\\/mobile-workstations\\\/#listItem\"},{\"@type\":\"ListItem\",\"@id\":\"https:\\\/\\\/www.agilelabs.co.za\\\/de\\\/mobile-workstations\\\/#listItem\",\"position\":2,\"name\":\"Mobile Workstations\",\"previousItem\":\"https:\\\/\\\/www.agilelabs.co.za\\\/de\\\/#listItem\"}]},{\"@type\":\"Organization\",\"@id\":\"https:\\\/\\\/www.agilelabs.co.za\\\/de\\\/#organization\",\"name\":\"Agile Labs\",\"url\":\"https:\\\/\\\/www.agilelabs.co.za\\\/de\\\/\",\"logo\":{\"@type\":\"ImageObject\",\"url\":\"https:\\\/\\\/www.agilelabs.co.za\\\/wp-content\\\/uploads\\\/2021\\\/08\\\/LogoTransparant.gif?wsr\",\"@id\":\"https:\\\/\\\/www.agilelabs.co.za\\\/de\\\/mobile-workstations\\\/#organizationLogo\",\"width\":125,\"height\":113},\"image\":{\"@id\":\"https:\\\/\\\/www.agilelabs.co.za\\\/de\\\/mobile-workstations\\\/#organizationLogo\"},\"sameAs\":[\"https:\\\/\\\/www.facebook.com\\\/AgileLabsTeam\",\"https:\\\/\\\/twitter.com\\\/InfoAgileLabs\"]},{\"@type\":\"WebPage\",\"@id\":\"https:\\\/\\\/www.agilelabs.co.za\\\/de\\\/mobile-workstations\\\/#webpage\",\"url\":\"https:\\\/\\\/www.agilelabs.co.za\\\/de\\\/mobile-workstations\\\/\",\"name\":\"Mobile Workstations - Agile Labs\",\"description\":\"Off-Line, 21 CFR Part 11 Compliant, Full Program Functionality Paper-based calibration practices are costly and time consuming and they increase the risk of human error and non-compliance. ProCalV5 off-line Mobile Workstations utilize the full program interface and incorporate all 21 CFR Part 11 compliant controls. Sophisticated import\\\/export features ensure data integrity. ProCalV5 Paperless Calibration Highlights\",\"inLanguage\":\"de-DE\",\"isPartOf\":{\"@id\":\"https:\\\/\\\/www.agilelabs.co.za\\\/de\\\/#website\"},\"breadcrumb\":{\"@id\":\"https:\\\/\\\/www.agilelabs.co.za\\\/de\\\/mobile-workstations\\\/#breadcrumblist\"},\"datePublished\":\"2021-08-20T03:41:10+02:00\",\"dateModified\":\"2021-11-23T20:26:17+02:00\"},{\"@type\":\"WebSite\",\"@id\":\"https:\\\/\\\/www.agilelabs.co.za\\\/de\\\/#website\",\"url\":\"https:\\\/\\\/www.agilelabs.co.za\\\/de\\\/\",\"name\":\"Agile Labs\",\"description\":\"Industry and laboratory software solutions\",\"inLanguage\":\"de-DE\",\"publisher\":{\"@id\":\"https:\\\/\\\/www.agilelabs.co.za\\\/de\\\/#organization\"}}]}\n\t\t<\/script>\n\t\t<script type=\"text\/javascript\">\n\t\t\t(function(c,l,a,r,i,t,y){\n\t\t\tc[a]=c[a]||function(){(c[a].q=c[a].q||[]).push(arguments)};t=l.createElement(r);t.async=1;\n\t\t\tt.src=\"https:\/\/www.clarity.ms\/tag\/\"+i+\"?ref=aioseo\";y=l.getElementsByTagName(r)[0];y.parentNode.insertBefore(t,y);\n\t\t})(window, document, \"clarity\", \"script\", \"b88vlc75di\");\n\t\t<\/script>\n\t\t<!-- All in One SEO Pro -->\r\n\t\t<title>Mobile Workstations - Agile Labs<\/title>\n\n","aioseo_head_json":{"title":"Mobile Workstations - Agile Labs","description":"Off-Line, 21 CFR Part 11 Compliant, Full Program Functionality Paper-based calibration practices are costly and time consuming and they increase the risk of human error and non-compliance. ProCalV5 off-line Mobile Workstations utilize the full program interface and incorporate all 21 CFR Part 11 compliant controls. Sophisticated import\/export features ensure data integrity. ProCalV5 Paperless Calibration Highlights","canonical_url":"https:\/\/www.agilelabs.co.za\/de\/mobile-workstations\/","robots":"max-image-preview:large","keywords":"","webmasterTools":{"google-site-verification":"Nku-_1g-wtMYqihMzrUWbm5pdgO5gPY2D7l1ya5YPAU","msvalidate.01":"9fc30828a433413eb7b3b5d32174774f","yandex-verification":"c2122235dabe51e3","miscellaneous":""},"og:locale":"de_DE","og:site_name":"Agile Labs - Industry and laboratory software solutions","og:type":"article","og:title":"Mobile Workstations - Agile Labs","og:description":"Off-Line, 21 CFR Part 11 Compliant, Full Program Functionality Paper-based calibration practices are costly and time consuming and they increase the risk of human error and non-compliance. ProCalV5 off-line Mobile Workstations utilize the full program interface and incorporate all 21 CFR Part 11 compliant controls. Sophisticated import\/export features ensure data integrity. ProCalV5 Paperless Calibration Highlights","og:url":"https:\/\/www.agilelabs.co.za\/de\/mobile-workstations\/","og:image":"https:\/\/www.agilelabs.co.za\/wp-content\/uploads\/2021\/08\/TwitterLogo.png?wsr","og:image:secure_url":"https:\/\/www.agilelabs.co.za\/wp-content\/uploads\/2021\/08\/TwitterLogo.png?wsr","og:image:width":189,"og:image:height":168,"article:published_time":"2021-08-20T01:41:10+00:00","article:modified_time":"2021-11-23T18:26:17+00:00","article:publisher":"https:\/\/www.facebook.com\/AgileLabsTeam","article:author":"https:\/\/www.facebook.com\/AgileLabsTeam","twitter:card":"summary","twitter:site":"@InfoAgileLabs","twitter:title":"Mobile Workstations - Agile Labs","twitter:description":"Off-Line, 21 CFR Part 11 Compliant, Full Program Functionality Paper-based calibration practices are costly and time consuming and they increase the risk of human error and non-compliance. ProCalV5 off-line Mobile Workstations utilize the full program interface and incorporate all 21 CFR Part 11 compliant controls. Sophisticated import\/export features ensure data integrity. ProCalV5 Paperless Calibration Highlights","twitter:creator":"@InfoAgileLabs","twitter:image":"https:\/\/www.agilelabs.co.za\/wp-content\/uploads\/2021\/08\/TwitterLogo.png?wsr","schema":{"@context":"https:\/\/schema.org","@graph":[{"@type":"BreadcrumbList","@id":"https:\/\/www.agilelabs.co.za\/de\/mobile-workstations\/#breadcrumblist","itemListElement":[{"@type":"ListItem","@id":"https:\/\/www.agilelabs.co.za\/de\/#listItem","position":1,"name":"Home","item":"https:\/\/www.agilelabs.co.za\/de\/","nextItem":"https:\/\/www.agilelabs.co.za\/de\/mobile-workstations\/#listItem"},{"@type":"ListItem","@id":"https:\/\/www.agilelabs.co.za\/de\/mobile-workstations\/#listItem","position":2,"name":"Mobile Workstations","previousItem":"https:\/\/www.agilelabs.co.za\/de\/#listItem"}]},{"@type":"Organization","@id":"https:\/\/www.agilelabs.co.za\/de\/#organization","name":"Agile Labs","url":"https:\/\/www.agilelabs.co.za\/de\/","logo":{"@type":"ImageObject","url":"https:\/\/www.agilelabs.co.za\/wp-content\/uploads\/2021\/08\/LogoTransparant.gif?wsr","@id":"https:\/\/www.agilelabs.co.za\/de\/mobile-workstations\/#organizationLogo","width":125,"height":113},"image":{"@id":"https:\/\/www.agilelabs.co.za\/de\/mobile-workstations\/#organizationLogo"},"sameAs":["https:\/\/www.facebook.com\/AgileLabsTeam","https:\/\/twitter.com\/InfoAgileLabs"]},{"@type":"WebPage","@id":"https:\/\/www.agilelabs.co.za\/de\/mobile-workstations\/#webpage","url":"https:\/\/www.agilelabs.co.za\/de\/mobile-workstations\/","name":"Mobile Workstations - Agile Labs","description":"Off-Line, 21 CFR Part 11 Compliant, Full Program Functionality Paper-based calibration practices are costly and time consuming and they increase the risk of human error and non-compliance. ProCalV5 off-line Mobile Workstations utilize the full program interface and incorporate all 21 CFR Part 11 compliant controls. Sophisticated import\/export features ensure data integrity. ProCalV5 Paperless Calibration Highlights","inLanguage":"de-DE","isPartOf":{"@id":"https:\/\/www.agilelabs.co.za\/de\/#website"},"breadcrumb":{"@id":"https:\/\/www.agilelabs.co.za\/de\/mobile-workstations\/#breadcrumblist"},"datePublished":"2021-08-20T03:41:10+02:00","dateModified":"2021-11-23T20:26:17+02:00"},{"@type":"WebSite","@id":"https:\/\/www.agilelabs.co.za\/de\/#website","url":"https:\/\/www.agilelabs.co.za\/de\/","name":"Agile Labs","description":"Industry and laboratory software solutions","inLanguage":"de-DE","publisher":{"@id":"https:\/\/www.agilelabs.co.za\/de\/#organization"}}]}},"aioseo_meta_data":{"post_id":"11597","title":null,"description":null,"keywords":null,"keyphrases":null,"primary_term":null,"canonical_url":null,"og_title":null,"og_description":null,"og_object_type":"default","og_image_type":"default","og_image_url":null,"og_image_width":null,"og_image_height":null,"og_image_custom_url":null,"og_image_custom_fields":null,"og_video":null,"og_custom_url":null,"og_article_section":null,"og_article_tags":null,"twitter_use_og":false,"twitter_card":"default","twitter_image_type":"default","twitter_image_url":null,"twitter_image_custom_url":null,"twitter_image_custom_fields":null,"twitter_title":null,"twitter_description":null,"schema":{"blockGraphs":[],"customGraphs":[],"default":{"data":{"Article":[],"Course":[],"Dataset":[],"FAQPage":[],"Movie":[],"Person":[],"Product":[],"Recipe":[],"Service":[],"SoftwareApplication":[],"WebPage":[]},"graphName":"","isEnabled":true},"graphs":[]},"schema_type":"default","schema_type_options":null,"pillar_content":false,"robots_default":true,"robots_noindex":false,"robots_noarchive":false,"robots_nosnippet":false,"robots_nofollow":false,"robots_noimageindex":false,"robots_noodp":false,"robots_notranslate":false,"robots_max_snippet":null,"robots_max_videopreview":null,"robots_max_imagepreview":"large","priority":null,"frequency":null,"local_seo":null,"limit_modified_date":false,"open_ai":null,"created":"2022-02-09 02:39:01","updated":"2022-09-13 21:15:52"},"_links":{"self":[{"href":"https:\/\/www.agilelabs.co.za\/de\/wp-json\/wp\/v2\/pages\/11597","targetHints":{"allow":["GET"]}}],"collection":[{"href":"https:\/\/www.agilelabs.co.za\/de\/wp-json\/wp\/v2\/pages"}],"about":[{"href":"https:\/\/www.agilelabs.co.za\/de\/wp-json\/wp\/v2\/types\/page"}],"author":[{"embeddable":true,"href":"https:\/\/www.agilelabs.co.za\/de\/wp-json\/wp\/v2\/users\/1"}],"replies":[{"embeddable":true,"href":"https:\/\/www.agilelabs.co.za\/de\/wp-json\/wp\/v2\/comments?post=11597"}],"version-history":[{"count":0,"href":"https:\/\/www.agilelabs.co.za\/de\/wp-json\/wp\/v2\/pages\/11597\/revisions"}],"wp:attachment":[{"href":"https:\/\/www.agilelabs.co.za\/de\/wp-json\/wp\/v2\/media?parent=11597"}],"wp:term":[{"taxonomy":"category","embeddable":true,"href":"https:\/\/www.agilelabs.co.za\/de\/wp-json\/wp\/v2\/categories?post=11597"},{"taxonomy":"post_tag","embeddable":true,"href":"https:\/\/www.agilelabs.co.za\/de\/wp-json\/wp\/v2\/tags?post=11597"}],"curies":[{"name":"wp","href":"https:\/\/api.w.org\/{rel}","templated":true}]}}