{"id":11596,"date":"2021-08-20T03:33:50","date_gmt":"2021-08-20T01:33:50","guid":{"rendered":"https:\/\/www.agilelabs.co.za\/?page_id=11476"},"modified":"2021-09-01T15:21:43","modified_gmt":"2021-09-01T13:21:43","slug":"procal-direct","status":"publish","type":"page","link":"https:\/\/www.agilelabs.co.za\/de\/procal-direct\/","title":{"rendered":"ProCal Direkt"},"content":{"rendered":"<p><strong>ProCal Direct \u2013 Cloud-basierte Kalibriermanagement-Software<\/strong><\/p>\n\n\n\n<p><\/p>\n\n\n\n<blockquote class=\"wp-block-quote is-layout-flow wp-block-quote-is-layout-flow\"><p>Bereitstellung der gesamten Leistung und Leistung von ProCalV5<\/p><\/blockquote>\n\n\n\n<p>\u00dcberlassen Sie uns die Verwaltung der Softwarebereitstellung, Datenbankwartung, Servervalidierung und IT-Infrastruktur. Mit der Kalibriersoftware ProCal Direct k\u00f6nnen Sie \u00fcber eine validierte Cloud-basierte L\u00f6sung sofort von \u00fcberall auf Ihre professionell gehosteten Kalibrier- und Wartungsdaten zugreifen.<\/p>\n\n\n\n<div class=\"wp-block-image\"><figure class=\"aligncenter size-full\"><img decoding=\"async\" width=\"350\" height=\"255\" src=\"https:\/\/www.agilelabs.co.za\/wp-content\/uploads\/2021\/08\/Cloudcomputing.jpg\" alt=\"\" class=\"wp-image-11506\" srcset=\"https:\/\/www.agilelabs.co.za\/wp-content\/uploads\/2021\/08\/Cloudcomputing.jpg 350w, https:\/\/www.agilelabs.co.za\/wp-content\/uploads\/2021\/08\/Cloudcomputing-300x219.jpg 300w\" sizes=\"(max-width: 350px) 100vw, 350px\" \/><\/figure><\/div>\n\n\n\n<p><strong>Pr\u00e4zisions-Asset-Management<\/strong><\/p>\n\n\n\n<p>Den meisten High-Level-Asset-Management-L\u00f6sungen (ERP, CMMS usw.) fehlen die Details, die f\u00fcr eine angemessene Verwaltung der Instrumentenkalibrierungsaktivit\u00e4ten erforderlich sind. Die Produktivit\u00e4t der Endbenutzer ist normalerweise beeintr\u00e4chtigt. Die Kalibriersoftware ProCalV5 bietet wichtige Funktionen, die maximale Effizienz und Ergebnisse mit hohem Ergebnis erm\u00f6glichen. Sehen Sie sich die Highlights unten an, um viele der Funktionen\/Vorteile der Verwendung der ProCalv5-Software zu sehen.<\/p>\n\n\n\n<p><strong>Gesch\u00e4ftskritischer Anwendungsschutz f\u00fcr ein Always-On-Erlebnis<\/strong><\/p>\n\n\n\n<p>Die bereitgestellten Hosting-Services bieten hohe Verf\u00fcgbarkeit und umfassende Disaster Recovery. Redundante Kontrollen erm\u00f6glichen eine Echtzeitreplikation von Daten f\u00fcr eine sofortige Umschaltung. Eine Kombination aus physischen und Netzwerksicherheitssystemkomponenten stellt sicher, dass Daten wirklich vor den Folgen einer Sicherheitsverletzung gesch\u00fctzt sind. Eine zus\u00e4tzliche Ebene von Diensten wird hinzugef\u00fcgt, um Bedrohungen zu verhindern, zu sch\u00fctzen, zu erkennen und abzuschw\u00e4chen, um spezifische Sicherheitsanforderungen zu erf\u00fcllen. Dar\u00fcber hinaus entsprechen die Services f\u00fcr Kunden aus der Gesundheitsbranche den HIPAA-Sicherheitsanforderungen und -standards.<\/p>\n\n\n\n<p><\/p>\n\n\n\n<p><strong>Vollst\u00e4ndig konform, um die Anforderungen von 21CFR\/Part 11 zu erf\u00fcllen<\/strong><\/p>\n\n\n\n<p><\/p>\n\n\n\n<p>Als branchenweit erster Anbieter mit 21 CFR Part 11-konformer Kalibriersoftware folgt ProCal Direct auf ProCalV5 als branchenerprobte L\u00f6sung. Die Qualit\u00e4tsentwicklungs- und Validierungstestverfahren von Prime Technologies werden routinem\u00e4\u00dfig von gro\u00dfen Life-Science-Unternehmen gepr\u00fcft und genehmigt. IQ\/OQ-Skripte und Validierungsdienste sind Standardangebote.<\/p>\n\n\n\n<p><\/p>\n\n\n\n<p><strong>Leistungsstarke Berichterstellung und Analysen<\/strong><\/p>\n\n\n\n<p>Kommt mit \u00fcber 70 Standardberichten. Mit Crystal Reports k\u00f6nnen diese vom Benutzer ge\u00e4ndert und neue Berichte hinzugef\u00fcgt werden. Leistungsstarke erweiterte Abfragefunktionen bieten einen schnellen Abruf fokussierter und sortierter Daten. Nach der Erstellung k\u00f6nnen erweiterte Abfragen benannt und f\u00fcr die zuk\u00fcnftige Ausf\u00fchrung gespeichert werden. Es stehen auch Dienste zur Verf\u00fcgung, um benutzerdefinierte Berichte f\u00fcr Ihre spezifischen Anforderungen zu erstellen. <a href=\"https:\/\/www.agilelabs.co.za\/de\/powerful-reporting-and-analytics-with-procal-software\/\" data-type=\"URL\" data-id=\"https:\/\/www.agilelabs.co.za\/powerful-reporting-and-analytics-with-procal-software\/\"><strong>Klicken Sie hier, um mehr \u00fcber Berichte und Musterberichte zu erfahren<\/strong>.<\/a><\/p>\n\n\n\n<p>Zeitsparende papierlose Kalibrierung<\/p>\n\n\n\n<p><\/p>\n\n\n\n<div class=\"wp-block-image\"><figure class=\"aligncenter size-full\"><img decoding=\"async\" width=\"546\" height=\"461\" src=\"https:\/\/www.agilelabs.co.za\/wp-content\/uploads\/2021\/08\/ProCalPyramidNotify.png\" alt=\"\" class=\"wp-image-11535\" srcset=\"https:\/\/www.agilelabs.co.za\/wp-content\/uploads\/2021\/08\/ProCalPyramidNotify.png 546w, https:\/\/www.agilelabs.co.za\/wp-content\/uploads\/2021\/08\/ProCalPyramidNotify-350x296.png 350w, https:\/\/www.agilelabs.co.za\/wp-content\/uploads\/2021\/08\/ProCalPyramidNotify-300x253.png 300w\" sizes=\"(max-width: 546px) 100vw, 546px\" \/><\/figure><\/div>","protected":false},"excerpt":{"rendered":"<p>ProCal Direct &#8211; Cloud-Based Calibration Management Software Delivering All the Power and Performance of ProCalV5 Leave the management of software deployment, database maintenance, server validation and IT infrastructure to us. With ProCal Direct calibration software you can instantly access your professionally hosted calibration &amp; maintenance data from anywhere&nbsp;via a validated Cloud-based solution. Precision Asset Management<\/p>\n<p class=\"more-link\"><a href=\"https:\/\/www.agilelabs.co.za\/de\/procal-direct\/\" class=\"themebutton\">Weiterlesen<\/a><\/p>","protected":false},"author":1,"featured_media":0,"parent":0,"menu_order":0,"comment_status":"closed","ping_status":"closed","template":"","meta":{"_acf_changed":false,"_monsterinsights_skip_tracking":false,"_monsterinsights_sitenote_active":false,"_monsterinsights_sitenote_note":"","_monsterinsights_sitenote_category":0,"footnotes":""},"categories":[],"tags":[],"class_list":["post-11596","page","type-page","status-publish","hentry"],"acf":[],"aioseo_notices":[],"aioseo_head":"\n\t\t<!-- All in One SEO Pro 4.7.0 - aioseo.com -->\n\t\t<meta name=\"description\" content=\"ProCal Direct - Cloud-Based Calibration Management Software Delivering All the Power and Performance of ProCalV5 Leave the management of software deployment, database maintenance, server validation and IT infrastructure to us. With ProCal Direct calibration software you can instantly access your professionally hosted calibration &amp; maintenance data from anywhere via a validated Cloud-based solution. Precision Asset Management\" \/>\n\t\t<meta name=\"robots\" content=\"max-image-preview:large\" \/>\n\t\t<meta name=\"google-site-verification\" content=\"Nku-_1g-wtMYqihMzrUWbm5pdgO5gPY2D7l1ya5YPAU\" \/>\n\t\t<meta name=\"msvalidate.01\" content=\"9fc30828a433413eb7b3b5d32174774f\" \/>\n\t\t<meta name=\"yandex-verification\" content=\"c2122235dabe51e3\" \/>\n\t\t<link rel=\"canonical\" href=\"https:\/\/www.agilelabs.co.za\/de\/procal-direct\/\" \/>\n\t\t<meta name=\"generator\" content=\"All in One SEO Pro (AIOSEO) 4.7.0\" \/>\n\t\t<meta property=\"og:locale\" content=\"de_DE\" \/>\n\t\t<meta property=\"og:site_name\" content=\"Agile Labs - Industry and laboratory software solutions\" \/>\n\t\t<meta property=\"og:type\" content=\"article\" \/>\n\t\t<meta property=\"og:title\" content=\"ProCal Direct - Agile Labs\" \/>\n\t\t<meta property=\"og:description\" content=\"ProCal Direct - Cloud-Based Calibration Management Software Delivering All the Power and Performance of ProCalV5 Leave the management of software deployment, database maintenance, server validation and IT infrastructure to us. With ProCal Direct calibration software you can instantly access your professionally hosted calibration &amp; maintenance data from anywhere via a validated Cloud-based solution. Precision Asset Management\" \/>\n\t\t<meta property=\"og:url\" content=\"https:\/\/www.agilelabs.co.za\/de\/procal-direct\/\" \/>\n\t\t<meta property=\"og:image\" content=\"https:\/\/www.agilelabs.co.za\/wp-content\/uploads\/2021\/08\/TwitterLogo.png?wsr\" \/>\n\t\t<meta property=\"og:image:secure_url\" content=\"https:\/\/www.agilelabs.co.za\/wp-content\/uploads\/2021\/08\/TwitterLogo.png?wsr\" \/>\n\t\t<meta property=\"og:image:width\" content=\"189\" \/>\n\t\t<meta property=\"og:image:height\" content=\"168\" \/>\n\t\t<meta property=\"article:published_time\" content=\"2021-08-20T01:33:50+00:00\" \/>\n\t\t<meta property=\"article:modified_time\" content=\"2021-09-01T13:21:43+00:00\" \/>\n\t\t<meta property=\"article:publisher\" content=\"https:\/\/www.facebook.com\/AgileLabsTeam\" \/>\n\t\t<meta property=\"article:author\" content=\"https:\/\/www.facebook.com\/AgileLabsTeam\" \/>\n\t\t<meta name=\"twitter:card\" content=\"summary\" \/>\n\t\t<meta name=\"twitter:site\" content=\"@InfoAgileLabs\" \/>\n\t\t<meta name=\"twitter:title\" content=\"ProCal Direct - Agile Labs\" \/>\n\t\t<meta name=\"twitter:description\" content=\"ProCal Direct - Cloud-Based Calibration Management Software Delivering All the Power and Performance of ProCalV5 Leave the management of software deployment, database maintenance, server validation and IT infrastructure to us. With ProCal Direct calibration software you can instantly access your professionally hosted calibration &amp; maintenance data from anywhere via a validated Cloud-based solution. Precision Asset Management\" \/>\n\t\t<meta name=\"twitter:creator\" content=\"@InfoAgileLabs\" \/>\n\t\t<meta name=\"twitter:image\" content=\"https:\/\/www.agilelabs.co.za\/wp-content\/uploads\/2021\/08\/TwitterLogo.png?wsr\" \/>\n\t\t<script type=\"application\/ld+json\" class=\"aioseo-schema\">\n\t\t\t{\"@context\":\"https:\\\/\\\/schema.org\",\"@graph\":[{\"@type\":\"BreadcrumbList\",\"@id\":\"https:\\\/\\\/www.agilelabs.co.za\\\/de\\\/procal-direct\\\/#breadcrumblist\",\"itemListElement\":[{\"@type\":\"ListItem\",\"@id\":\"https:\\\/\\\/www.agilelabs.co.za\\\/de\\\/#listItem\",\"position\":1,\"name\":\"Home\",\"item\":\"https:\\\/\\\/www.agilelabs.co.za\\\/de\\\/\",\"nextItem\":\"https:\\\/\\\/www.agilelabs.co.za\\\/de\\\/procal-direct\\\/#listItem\"},{\"@type\":\"ListItem\",\"@id\":\"https:\\\/\\\/www.agilelabs.co.za\\\/de\\\/procal-direct\\\/#listItem\",\"position\":2,\"name\":\"ProCal Direct\",\"previousItem\":\"https:\\\/\\\/www.agilelabs.co.za\\\/de\\\/#listItem\"}]},{\"@type\":\"Organization\",\"@id\":\"https:\\\/\\\/www.agilelabs.co.za\\\/de\\\/#organization\",\"name\":\"Agile Labs\",\"url\":\"https:\\\/\\\/www.agilelabs.co.za\\\/de\\\/\",\"logo\":{\"@type\":\"ImageObject\",\"url\":\"https:\\\/\\\/www.agilelabs.co.za\\\/wp-content\\\/uploads\\\/2021\\\/08\\\/LogoTransparant.gif?wsr\",\"@id\":\"https:\\\/\\\/www.agilelabs.co.za\\\/de\\\/procal-direct\\\/#organizationLogo\",\"width\":125,\"height\":113},\"image\":{\"@id\":\"https:\\\/\\\/www.agilelabs.co.za\\\/de\\\/procal-direct\\\/#organizationLogo\"},\"sameAs\":[\"https:\\\/\\\/www.facebook.com\\\/AgileLabsTeam\",\"https:\\\/\\\/twitter.com\\\/InfoAgileLabs\"]},{\"@type\":\"WebPage\",\"@id\":\"https:\\\/\\\/www.agilelabs.co.za\\\/de\\\/procal-direct\\\/#webpage\",\"url\":\"https:\\\/\\\/www.agilelabs.co.za\\\/de\\\/procal-direct\\\/\",\"name\":\"ProCal Direct - Agile Labs\",\"description\":\"ProCal Direct - Cloud-Based Calibration Management Software Delivering All the Power and Performance of ProCalV5 Leave the management of software deployment, database maintenance, server validation and IT infrastructure to us. With ProCal Direct calibration software you can instantly access your professionally hosted calibration & maintenance data from anywhere via a validated Cloud-based solution. Precision Asset Management\",\"inLanguage\":\"de-DE\",\"isPartOf\":{\"@id\":\"https:\\\/\\\/www.agilelabs.co.za\\\/de\\\/#website\"},\"breadcrumb\":{\"@id\":\"https:\\\/\\\/www.agilelabs.co.za\\\/de\\\/procal-direct\\\/#breadcrumblist\"},\"datePublished\":\"2021-08-20T03:33:50+02:00\",\"dateModified\":\"2021-09-01T15:21:43+02:00\"},{\"@type\":\"WebSite\",\"@id\":\"https:\\\/\\\/www.agilelabs.co.za\\\/de\\\/#website\",\"url\":\"https:\\\/\\\/www.agilelabs.co.za\\\/de\\\/\",\"name\":\"Agile Labs\",\"description\":\"Industry and laboratory software solutions\",\"inLanguage\":\"de-DE\",\"publisher\":{\"@id\":\"https:\\\/\\\/www.agilelabs.co.za\\\/de\\\/#organization\"}}]}\n\t\t<\/script>\n\t\t<script type=\"text\/javascript\">\n\t\t\t(function(c,l,a,r,i,t,y){\n\t\t\tc[a]=c[a]||function(){(c[a].q=c[a].q||[]).push(arguments)};t=l.createElement(r);t.async=1;\n\t\t\tt.src=\"https:\/\/www.clarity.ms\/tag\/\"+i+\"?ref=aioseo\";y=l.getElementsByTagName(r)[0];y.parentNode.insertBefore(t,y);\n\t\t})(window, document, \"clarity\", \"script\", \"b88vlc75di\");\n\t\t<\/script>\n\t\t<!-- All in One SEO Pro -->\r\n\t\t<title>ProCal Direct - Agile Labs<\/title>\n\n","aioseo_head_json":{"title":"ProCal Direct - Agile Labs","description":"ProCal Direct - Cloud-Based Calibration Management Software Delivering All the Power and Performance of ProCalV5 Leave the management of software deployment, database maintenance, server validation and IT infrastructure to us. With ProCal Direct calibration software you can instantly access your professionally hosted calibration & maintenance data from anywhere via a validated Cloud-based solution. Precision Asset Management","canonical_url":"https:\/\/www.agilelabs.co.za\/de\/procal-direct\/","robots":"max-image-preview:large","keywords":"","webmasterTools":{"google-site-verification":"Nku-_1g-wtMYqihMzrUWbm5pdgO5gPY2D7l1ya5YPAU","msvalidate.01":"9fc30828a433413eb7b3b5d32174774f","yandex-verification":"c2122235dabe51e3","miscellaneous":""},"og:locale":"de_DE","og:site_name":"Agile Labs - Industry and laboratory software solutions","og:type":"article","og:title":"ProCal Direct - Agile Labs","og:description":"ProCal Direct - Cloud-Based Calibration Management Software Delivering All the Power and Performance of ProCalV5 Leave the management of software deployment, database maintenance, server validation and IT infrastructure to us. With ProCal Direct calibration software you can instantly access your professionally hosted calibration &amp; maintenance data from anywhere via a validated Cloud-based solution. Precision Asset Management","og:url":"https:\/\/www.agilelabs.co.za\/de\/procal-direct\/","og:image":"https:\/\/www.agilelabs.co.za\/wp-content\/uploads\/2021\/08\/TwitterLogo.png?wsr","og:image:secure_url":"https:\/\/www.agilelabs.co.za\/wp-content\/uploads\/2021\/08\/TwitterLogo.png?wsr","og:image:width":189,"og:image:height":168,"article:published_time":"2021-08-20T01:33:50+00:00","article:modified_time":"2021-09-01T13:21:43+00:00","article:publisher":"https:\/\/www.facebook.com\/AgileLabsTeam","article:author":"https:\/\/www.facebook.com\/AgileLabsTeam","twitter:card":"summary","twitter:site":"@InfoAgileLabs","twitter:title":"ProCal Direct - Agile Labs","twitter:description":"ProCal Direct - Cloud-Based Calibration Management Software Delivering All the Power and Performance of ProCalV5 Leave the management of software deployment, database maintenance, server validation and IT infrastructure to us. With ProCal Direct calibration software you can instantly access your professionally hosted calibration &amp; maintenance data from anywhere via a validated Cloud-based solution. Precision Asset Management","twitter:creator":"@InfoAgileLabs","twitter:image":"https:\/\/www.agilelabs.co.za\/wp-content\/uploads\/2021\/08\/TwitterLogo.png?wsr","schema":{"@context":"https:\/\/schema.org","@graph":[{"@type":"BreadcrumbList","@id":"https:\/\/www.agilelabs.co.za\/de\/procal-direct\/#breadcrumblist","itemListElement":[{"@type":"ListItem","@id":"https:\/\/www.agilelabs.co.za\/de\/#listItem","position":1,"name":"Home","item":"https:\/\/www.agilelabs.co.za\/de\/","nextItem":"https:\/\/www.agilelabs.co.za\/de\/procal-direct\/#listItem"},{"@type":"ListItem","@id":"https:\/\/www.agilelabs.co.za\/de\/procal-direct\/#listItem","position":2,"name":"ProCal Direct","previousItem":"https:\/\/www.agilelabs.co.za\/de\/#listItem"}]},{"@type":"Organization","@id":"https:\/\/www.agilelabs.co.za\/de\/#organization","name":"Agile Labs","url":"https:\/\/www.agilelabs.co.za\/de\/","logo":{"@type":"ImageObject","url":"https:\/\/www.agilelabs.co.za\/wp-content\/uploads\/2021\/08\/LogoTransparant.gif?wsr","@id":"https:\/\/www.agilelabs.co.za\/de\/procal-direct\/#organizationLogo","width":125,"height":113},"image":{"@id":"https:\/\/www.agilelabs.co.za\/de\/procal-direct\/#organizationLogo"},"sameAs":["https:\/\/www.facebook.com\/AgileLabsTeam","https:\/\/twitter.com\/InfoAgileLabs"]},{"@type":"WebPage","@id":"https:\/\/www.agilelabs.co.za\/de\/procal-direct\/#webpage","url":"https:\/\/www.agilelabs.co.za\/de\/procal-direct\/","name":"ProCal Direct - Agile Labs","description":"ProCal Direct - Cloud-Based Calibration Management Software Delivering All the Power and Performance of ProCalV5 Leave the management of software deployment, database maintenance, server validation and IT infrastructure to us. With ProCal Direct calibration software you can instantly access your professionally hosted calibration & maintenance data from anywhere via a validated Cloud-based solution. Precision Asset Management","inLanguage":"de-DE","isPartOf":{"@id":"https:\/\/www.agilelabs.co.za\/de\/#website"},"breadcrumb":{"@id":"https:\/\/www.agilelabs.co.za\/de\/procal-direct\/#breadcrumblist"},"datePublished":"2021-08-20T03:33:50+02:00","dateModified":"2021-09-01T15:21:43+02:00"},{"@type":"WebSite","@id":"https:\/\/www.agilelabs.co.za\/de\/#website","url":"https:\/\/www.agilelabs.co.za\/de\/","name":"Agile Labs","description":"Industry and laboratory software solutions","inLanguage":"de-DE","publisher":{"@id":"https:\/\/www.agilelabs.co.za\/de\/#organization"}}]}},"aioseo_meta_data":{"post_id":"11596","title":null,"description":null,"keywords":null,"keyphrases":null,"primary_term":null,"canonical_url":null,"og_title":null,"og_description":null,"og_object_type":"default","og_image_type":"default","og_image_url":null,"og_image_width":null,"og_image_height":null,"og_image_custom_url":null,"og_image_custom_fields":null,"og_video":null,"og_custom_url":null,"og_article_section":null,"og_article_tags":null,"twitter_use_og":false,"twitter_card":"default","twitter_image_type":"default","twitter_image_url":null,"twitter_image_custom_url":null,"twitter_image_custom_fields":null,"twitter_title":null,"twitter_description":null,"schema":{"blockGraphs":[],"customGraphs":[],"default":{"data":{"Article":[],"Course":[],"Dataset":[],"FAQPage":[],"Movie":[],"Person":[],"Product":[],"Recipe":[],"Service":[],"SoftwareApplication":[],"WebPage":[]},"graphName":"","isEnabled":true},"graphs":[]},"schema_type":"default","schema_type_options":null,"pillar_content":false,"robots_default":true,"robots_noindex":false,"robots_noarchive":false,"robots_nosnippet":false,"robots_nofollow":false,"robots_noimageindex":false,"robots_noodp":false,"robots_notranslate":false,"robots_max_snippet":null,"robots_max_videopreview":null,"robots_max_imagepreview":"large","priority":null,"frequency":null,"local_seo":null,"limit_modified_date":false,"open_ai":null,"created":"2022-02-09 02:39:01","updated":"2022-09-13 21:13:06"},"_links":{"self":[{"href":"https:\/\/www.agilelabs.co.za\/de\/wp-json\/wp\/v2\/pages\/11596","targetHints":{"allow":["GET"]}}],"collection":[{"href":"https:\/\/www.agilelabs.co.za\/de\/wp-json\/wp\/v2\/pages"}],"about":[{"href":"https:\/\/www.agilelabs.co.za\/de\/wp-json\/wp\/v2\/types\/page"}],"author":[{"embeddable":true,"href":"https:\/\/www.agilelabs.co.za\/de\/wp-json\/wp\/v2\/users\/1"}],"replies":[{"embeddable":true,"href":"https:\/\/www.agilelabs.co.za\/de\/wp-json\/wp\/v2\/comments?post=11596"}],"version-history":[{"count":0,"href":"https:\/\/www.agilelabs.co.za\/de\/wp-json\/wp\/v2\/pages\/11596\/revisions"}],"wp:attachment":[{"href":"https:\/\/www.agilelabs.co.za\/de\/wp-json\/wp\/v2\/media?parent=11596"}],"wp:term":[{"taxonomy":"category","embeddable":true,"href":"https:\/\/www.agilelabs.co.za\/de\/wp-json\/wp\/v2\/categories?post=11596"},{"taxonomy":"post_tag","embeddable":true,"href":"https:\/\/www.agilelabs.co.za\/de\/wp-json\/wp\/v2\/tags?post=11596"}],"curies":[{"name":"wp","href":"https:\/\/api.w.org\/{rel}","templated":true}]}}