{"id":11592,"date":"2021-08-20T02:44:41","date_gmt":"2021-08-20T00:44:41","guid":{"rendered":"https:\/\/www.agilelabs.co.za\/?page_id=11447"},"modified":"2021-11-23T20:27:26","modified_gmt":"2021-11-23T18:27:26","slug":"overview","status":"publish","type":"page","link":"https:\/\/www.agilelabs.co.za\/de\/overview\/","title":{"rendered":"\u00dcberblick"},"content":{"rendered":"<blockquote class=\"wp-block-quote is-layout-flow wp-block-quote-is-layout-flow\"><p>Kalibriermanagement-Software \u2013 CMS<\/p><\/blockquote>\n\n\n\n<p>Prime Technologies bietet bew\u00e4hrte Softwarel\u00f6sungen f\u00fcr das Kalibrierungsmanagement (CMS) zur Verwaltung von Assets f\u00fcr Kalibrierung, Wartung und Validierung. Ein ProCal-System gew\u00e4hrleistet die Einhaltung gesetzlicher Vorschriften, verbesserte Praktiken, spart Zeit, erh\u00f6ht die Produktivit\u00e4t und senkt die Betriebskosten. Sowohl ProCalV5 als auch ProCal Direct Schnittstelle mit <a href=\"https:\/\/www.agilelabs.co.za\/de\/sap-enterprise\/\" data-type=\"URL\" data-id=\"https:\/\/www.agilelabs.co.za\/sap-enterprise\/\">SAP-Unternehmen<\/a>.<\/p>\n\n\n\n<p><\/p>\n\n\n\n<figure class=\"wp-block-image size-full\"><img decoding=\"async\" src=\"https:\/\/www.agilelabs.co.za\/wp-content\/uploads\/2021\/08\/PrimeTechnologiesLogo3.png\" alt=\"\" class=\"wp-image-11625\"\/><\/figure>\n\n\n\n<p><\/p>\n\n\n\n<p><strong>Zwei Bereitstellungsoptionen f\u00fcr gro\u00dfe und kleine Unternehmen weltweit<\/strong><\/p>\n\n\n\n<p><\/p>\n\n\n\n<p><strong>P<\/strong>R<strong>oCal Direkt<\/strong><\/p>\n\n\n\n<ul class=\"wp-block-list\"><li>ProCalV5 in der Cloud<\/li><li>\u00dcber einen Webbrowser \u00fcberall verbinden<\/li><li>Optionen f\u00fcr Agile Labs oder Prime Technologies zur Bereitstellung der gesamten IT-Infrastruktur<\/li><\/ul>\n\n\n\n<figure class=\"wp-block-image size-full\"><img decoding=\"async\" src=\"https:\/\/www.agilelabs.co.za\/wp-content\/uploads\/2021\/08\/ProCalDirect.jpg\" alt=\"\" class=\"wp-image-11460\"\/><\/figure>\n\n\n\n<p><strong>ProCalV5<\/strong><\/p>\n\n\n\n<ul class=\"wp-block-list\"><li>Software f\u00fcr das lokale Kalibrierungsmanagement<\/li><li>Die branchenweit erste 21 CFR Part 11-konforme papierlose Kalibrierl\u00f6sung<\/li><li>Die Kalibrierverfahren von ProCal werden von Tausenden von Unternehmen weltweit verwendet<\/li><\/ul>\n\n\n\n<figure class=\"wp-block-image size-full\"><img decoding=\"async\" src=\"https:\/\/www.agilelabs.co.za\/wp-content\/uploads\/2021\/08\/ProCalV5.jpg\" alt=\"\" class=\"wp-image-11461\"\/><\/figure>\n\n\n\n<p><strong><a href=\"https:\/\/www.primetechpa.com\/procal-software\/procalv5-features-benefits\/\">Liste der schnellen Funktionen und Vorteile<\/a><\/strong><\/p>\n\n\n\n<ul class=\"wp-block-list\"><li>Skalierbar vom Einzelbenutzer bis zum Unternehmen mit unbegrenzten Einzelkonten, Benutzern, Benutzergruppen oder Assets<\/li><li>Unterst\u00fctzt mehrere Standorte\/Abteilungen<\/li><li>Arbeitssparende, papierlose Echtzeit-Funktionalit\u00e4t<\/li><li>Weisen Sie Technikern schnell Aufgaben zu und generieren Sie Arbeitsauftr\u00e4ge<\/li><li>Die Kalibrierungsplanung wird einfach auf dem Master Instrument Record abgeschlossen und das Kalibrierungssystem plant automatisch das n\u00e4chste F\u00e4lligkeitsdatum und benachrichtigt Sie, wenn es f\u00e4llig ist<\/li><li>Validiert\/21 CFR Part 11, FDA- und GxP-konform<\/li><li>Wartungsmanagement und Teileinventar<\/li><li>In Offline importieren\/exportieren <a href=\"https:\/\/www.primetechpa.com\/procal-software\/mobile-workstation\/\">Mobile Workstations<\/a><\/li><li>Hochladen\/Herunterladen auf <a href=\"https:\/\/www.primetechpa.com\/documenting-calibrators\/\">Dokumentieren von Prozesskalibratoren<\/a><\/li><li>Erzeugt Kalibrierzertifikate und kann automatisch Kalibrieraufkleber drucken<\/li><li>Mehrsprachig mit Unterst\u00fctzung f\u00fcr sechs verschiedene Sprachen<\/li><li>80+ Standardberichte<\/li><li>Und vieles mehr!<\/li><\/ul>\n\n\n\n<blockquote class=\"wp-block-quote is-layout-flow wp-block-quote-is-layout-flow\"><p>\u201eFirst in Class\u201c Asset Management f\u00fcr Kalibrierung und Wartung<\/p><\/blockquote>\n\n\n\n<p>ProCalV5-Produkte sind hochgradig konfigurierbar und k\u00f6nnen leicht an Ihre Unternehmensziele angepasst werden, einschlie\u00dflich:<\/p>\n\n\n\n<ul class=\"wp-block-list\"><li><strong>Papierlose Echtzeitl\u00f6sungen:<\/strong> ProCalV5 bietet die Verwaltungsvorteile, Leistungsvorteile und Berichtseffizienz, die nur mit einer wirklich voll funktionsf\u00e4higen papierlosen L\u00f6sung verf\u00fcgbar sind. Unser branchenerprobtes, robustes Programm wird mit der Zuverl\u00e4ssigkeit funktionieren, die nur mit den allerbesten Softwaresystemen erreicht wird.<\/li><li><strong>Einhaltung:<\/strong> ProCalV5 wurde speziell entwickelt, um die Funktionen bereitzustellen, die erforderlich sind, um die strengsten Anforderungen an die Datenerfassung und Berichterstellung zur Einhaltung gesetzlicher Vorschriften zu erf\u00fcllen. Diese branchenweit erste 21 CFR Part 11-konforme L\u00f6sung unterst\u00fctzt auch ISO 9000-2001, QS 9000, ISO 17025, ANSI 254, AS9100 und andere Qualit\u00e4ts-, Umwelt- und Sicherheitsanforderungen.<\/li><li><strong>Hybridl\u00f6sungen:<\/strong> Nicht bereit, in eine papierlose Umgebung zu wechseln? Mit ProCalV5 bestimmen Sie den Umfang Ihrer weiteren Nutzung von gedruckten Arbeitsbl\u00e4ttern, Formularen und Berichten. Wenn Sie ProCalV5 als Ihr . ausw\u00e4hlen <a href=\"https:\/\/www.primetechpa.com\/procal-software\/procalv5\/\">Kalibriermanagement-Software - CMS<\/a>, entscheiden Sie, wie Sie Ihre Operationen ausf\u00fchren und das Programm so konfigurieren, dass es Ihren Praktiken entspricht, nicht umgekehrt.<\/li><li><strong>Eigenst\u00e4ndige L\u00f6sungen:<\/strong> Suchen Sie ein umfassendes Managementsystem; aber eine, die zun\u00e4chst nur Ihre individuellen Standortbed\u00fcrfnisse befriedigt? Kein Problem! ProCalV5 kann problemlos als eigenst\u00e4ndige Anwendung verwendet werden und wird in Zukunft problemlos skaliert, wenn Sie zus\u00e4tzliche autonome Konten hinzuf\u00fcgen m\u00f6chten.<\/li><li><strong>Multi-Site-L\u00f6sungen:<\/strong> Unternehmen und Organisationen ben\u00f6tigen oft eine einzige, zentral bereitgestellte Anwendung, die jedoch viele Abteilungen und Standorte unterst\u00fctzen kann. ProCalV5 bietet einzigartige Funktionen zur Kontentrennung, jedoch mit Funktionen, die eine einfache Konfiguration f\u00fcr standardisierte Praktiken im gesamten Unternehmen f\u00f6rdern und erm\u00f6glichen.<\/li><li><strong>ProCalV5 bietet un\u00fcbertroffene Funktionalit\u00e4t.<\/strong> Papier oder papierlos, die umfassende Liste der <a href=\"https:\/\/www.primetechpa.com\/procal-software\/procalv5-features-benefits\/\">Programmfunktionen und erweiterte Funktionen<\/a> reduziert Ihre Betriebskosten, eliminiert menschliche Fehler und stellt die Einhaltung gesetzlicher Vorschriften sicher.<\/li><\/ul>\n\n\n\n<p><\/p>\n\n\n\n<div class=\"wp-block-image\"><figure class=\"aligncenter size-full is-resized\"><img decoding=\"async\" src=\"https:\/\/www.agilelabs.co.za\/wp-content\/uploads\/2021\/08\/ProCalV5-With-SAP-1.jpg\" alt=\"\" class=\"wp-image-11462\" width=\"326\" height=\"100\"\/><\/figure><\/div>\n\n\n\n<div class=\"wp-block-image\"><figure class=\"aligncenter size-full\"><img decoding=\"async\" src=\"https:\/\/www.agilelabs.co.za\/wp-content\/uploads\/2021\/08\/ProCalV5-With-Fluke.jpg\" alt=\"\" class=\"wp-image-11463\"\/><\/figure><\/div>\n\n\n\n<div class=\"wp-block-image\"><figure class=\"aligncenter size-full\"><img decoding=\"async\" src=\"https:\/\/www.agilelabs.co.za\/wp-content\/uploads\/2021\/08\/Upgrade-DPCTrack2-Honeywell-Documint.jpg\" alt=\"\" class=\"wp-image-11464\"\/><\/figure><\/div>\n\n\n\n<div class=\"wp-block-image\"><figure class=\"aligncenter size-full\"><img decoding=\"async\" src=\"https:\/\/www.agilelabs.co.za\/wp-content\/uploads\/2021\/08\/Encompass_Product_Partner_Americas_Web2.jpg\" alt=\"\" class=\"wp-image-11466\"\/><\/figure><\/div>","protected":false},"excerpt":{"rendered":"<p>Calibration Management Software &#8211; CMS Prime Technologies offers proven calibration management software (CMS) solutions to manage assets for Calibration, Maintenance and Validation. A ProCal system ensures regulatory compliance, improved practices, saves time, increases productivity and reduces operational costs. Both ProCalV5 and ProCal Direct interface with SAP Enterprise. Two Deployment Options For Large And Small Companies<\/p>\n<p class=\"more-link\"><a href=\"https:\/\/www.agilelabs.co.za\/de\/overview\/\" class=\"themebutton\">Weiterlesen<\/a><\/p>","protected":false},"author":1,"featured_media":0,"parent":0,"menu_order":0,"comment_status":"closed","ping_status":"closed","template":"","meta":{"_acf_changed":false,"_monsterinsights_skip_tracking":false,"_monsterinsights_sitenote_active":false,"_monsterinsights_sitenote_note":"","_monsterinsights_sitenote_category":0,"footnotes":""},"categories":[],"tags":[],"class_list":["post-11592","page","type-page","status-publish","hentry"],"acf":[],"aioseo_notices":[],"aioseo_head":"\n\t\t<!-- All in One SEO Pro 4.7.0 - aioseo.com -->\n\t\t<meta name=\"description\" content=\"Calibration Management Software - CMS Prime Technologies offers proven calibration management software (CMS) solutions to manage assets for Calibration, Maintenance and Validation. A ProCal system ensures regulatory compliance, improved practices, saves time, increases productivity and reduces operational costs. Both ProCalV5 and ProCal Direct interface with SAP Enterprise. Two Deployment Options For Large And Small Companies\" \/>\n\t\t<meta name=\"robots\" content=\"max-image-preview:large\" \/>\n\t\t<meta name=\"google-site-verification\" content=\"Nku-_1g-wtMYqihMzrUWbm5pdgO5gPY2D7l1ya5YPAU\" \/>\n\t\t<meta name=\"msvalidate.01\" content=\"9fc30828a433413eb7b3b5d32174774f\" \/>\n\t\t<meta name=\"yandex-verification\" content=\"c2122235dabe51e3\" \/>\n\t\t<link rel=\"canonical\" href=\"https:\/\/www.agilelabs.co.za\/de\/overview\/\" \/>\n\t\t<meta name=\"generator\" content=\"All in One SEO Pro (AIOSEO) 4.7.0\" \/>\n\t\t<meta property=\"og:locale\" content=\"de_DE\" \/>\n\t\t<meta property=\"og:site_name\" content=\"Agile Labs - Industry and laboratory software solutions\" \/>\n\t\t<meta property=\"og:type\" content=\"article\" \/>\n\t\t<meta property=\"og:title\" content=\"Overview - Agile Labs\" \/>\n\t\t<meta property=\"og:description\" content=\"Calibration Management Software - CMS Prime Technologies offers proven calibration management software (CMS) solutions to manage assets for Calibration, Maintenance and Validation. A ProCal system ensures regulatory compliance, improved practices, saves time, increases productivity and reduces operational costs. Both ProCalV5 and ProCal Direct interface with SAP Enterprise. Two Deployment Options For Large And Small Companies\" \/>\n\t\t<meta property=\"og:url\" content=\"https:\/\/www.agilelabs.co.za\/de\/overview\/\" \/>\n\t\t<meta property=\"og:image\" content=\"https:\/\/www.agilelabs.co.za\/wp-content\/uploads\/2021\/08\/TwitterLogo.png?wsr\" \/>\n\t\t<meta property=\"og:image:secure_url\" content=\"https:\/\/www.agilelabs.co.za\/wp-content\/uploads\/2021\/08\/TwitterLogo.png?wsr\" \/>\n\t\t<meta property=\"og:image:width\" content=\"189\" \/>\n\t\t<meta property=\"og:image:height\" content=\"168\" \/>\n\t\t<meta property=\"article:published_time\" content=\"2021-08-20T00:44:41+00:00\" \/>\n\t\t<meta property=\"article:modified_time\" content=\"2021-11-23T18:27:26+00:00\" \/>\n\t\t<meta property=\"article:publisher\" content=\"https:\/\/www.facebook.com\/AgileLabsTeam\" \/>\n\t\t<meta property=\"article:author\" content=\"https:\/\/www.facebook.com\/AgileLabsTeam\" \/>\n\t\t<meta name=\"twitter:card\" content=\"summary\" \/>\n\t\t<meta name=\"twitter:site\" content=\"@InfoAgileLabs\" \/>\n\t\t<meta name=\"twitter:title\" content=\"Overview - Agile Labs\" \/>\n\t\t<meta name=\"twitter:description\" content=\"Calibration Management Software - CMS Prime Technologies offers proven calibration management software (CMS) solutions to manage assets for Calibration, Maintenance and Validation. A ProCal system ensures regulatory compliance, improved practices, saves time, increases productivity and reduces operational costs. Both ProCalV5 and ProCal Direct interface with SAP Enterprise. Two Deployment Options For Large And Small Companies\" \/>\n\t\t<meta name=\"twitter:creator\" content=\"@InfoAgileLabs\" \/>\n\t\t<meta name=\"twitter:image\" content=\"https:\/\/www.agilelabs.co.za\/wp-content\/uploads\/2021\/08\/TwitterLogo.png?wsr\" \/>\n\t\t<script type=\"application\/ld+json\" class=\"aioseo-schema\">\n\t\t\t{\"@context\":\"https:\\\/\\\/schema.org\",\"@graph\":[{\"@type\":\"BreadcrumbList\",\"@id\":\"https:\\\/\\\/www.agilelabs.co.za\\\/de\\\/overview\\\/#breadcrumblist\",\"itemListElement\":[{\"@type\":\"ListItem\",\"@id\":\"https:\\\/\\\/www.agilelabs.co.za\\\/de\\\/#listItem\",\"position\":1,\"name\":\"Home\",\"item\":\"https:\\\/\\\/www.agilelabs.co.za\\\/de\\\/\",\"nextItem\":\"https:\\\/\\\/www.agilelabs.co.za\\\/de\\\/overview\\\/#listItem\"},{\"@type\":\"ListItem\",\"@id\":\"https:\\\/\\\/www.agilelabs.co.za\\\/de\\\/overview\\\/#listItem\",\"position\":2,\"name\":\"Overview\",\"previousItem\":\"https:\\\/\\\/www.agilelabs.co.za\\\/de\\\/#listItem\"}]},{\"@type\":\"Organization\",\"@id\":\"https:\\\/\\\/www.agilelabs.co.za\\\/de\\\/#organization\",\"name\":\"Agile Labs\",\"url\":\"https:\\\/\\\/www.agilelabs.co.za\\\/de\\\/\",\"logo\":{\"@type\":\"ImageObject\",\"url\":\"https:\\\/\\\/www.agilelabs.co.za\\\/wp-content\\\/uploads\\\/2021\\\/08\\\/LogoTransparant.gif?wsr\",\"@id\":\"https:\\\/\\\/www.agilelabs.co.za\\\/de\\\/overview\\\/#organizationLogo\",\"width\":125,\"height\":113},\"image\":{\"@id\":\"https:\\\/\\\/www.agilelabs.co.za\\\/de\\\/overview\\\/#organizationLogo\"},\"sameAs\":[\"https:\\\/\\\/www.facebook.com\\\/AgileLabsTeam\",\"https:\\\/\\\/twitter.com\\\/InfoAgileLabs\"]},{\"@type\":\"WebPage\",\"@id\":\"https:\\\/\\\/www.agilelabs.co.za\\\/de\\\/overview\\\/#webpage\",\"url\":\"https:\\\/\\\/www.agilelabs.co.za\\\/de\\\/overview\\\/\",\"name\":\"Overview - Agile Labs\",\"description\":\"Calibration Management Software - CMS Prime Technologies offers proven calibration management software (CMS) solutions to manage assets for Calibration, Maintenance and Validation. A ProCal system ensures regulatory compliance, improved practices, saves time, increases productivity and reduces operational costs. Both ProCalV5 and ProCal Direct interface with SAP Enterprise. Two Deployment Options For Large And Small Companies\",\"inLanguage\":\"de-DE\",\"isPartOf\":{\"@id\":\"https:\\\/\\\/www.agilelabs.co.za\\\/de\\\/#website\"},\"breadcrumb\":{\"@id\":\"https:\\\/\\\/www.agilelabs.co.za\\\/de\\\/overview\\\/#breadcrumblist\"},\"datePublished\":\"2021-08-20T02:44:41+02:00\",\"dateModified\":\"2021-11-23T20:27:26+02:00\"},{\"@type\":\"WebSite\",\"@id\":\"https:\\\/\\\/www.agilelabs.co.za\\\/de\\\/#website\",\"url\":\"https:\\\/\\\/www.agilelabs.co.za\\\/de\\\/\",\"name\":\"Agile Labs\",\"description\":\"Industry and laboratory software solutions\",\"inLanguage\":\"de-DE\",\"publisher\":{\"@id\":\"https:\\\/\\\/www.agilelabs.co.za\\\/de\\\/#organization\"}}]}\n\t\t<\/script>\n\t\t<script type=\"text\/javascript\">\n\t\t\t(function(c,l,a,r,i,t,y){\n\t\t\tc[a]=c[a]||function(){(c[a].q=c[a].q||[]).push(arguments)};t=l.createElement(r);t.async=1;\n\t\t\tt.src=\"https:\/\/www.clarity.ms\/tag\/\"+i+\"?ref=aioseo\";y=l.getElementsByTagName(r)[0];y.parentNode.insertBefore(t,y);\n\t\t})(window, document, \"clarity\", \"script\", \"b88vlc75di\");\n\t\t<\/script>\n\t\t<!-- All in One SEO Pro -->\r\n\t\t<title>Overview - Agile Labs<\/title>\n\n","aioseo_head_json":{"title":"Overview - Agile Labs","description":"Calibration Management Software - CMS Prime Technologies offers proven calibration management software (CMS) solutions to manage assets for Calibration, Maintenance and Validation. A ProCal system ensures regulatory compliance, improved practices, saves time, increases productivity and reduces operational costs. Both ProCalV5 and ProCal Direct interface with SAP Enterprise. Two Deployment Options For Large And Small Companies","canonical_url":"https:\/\/www.agilelabs.co.za\/de\/overview\/","robots":"max-image-preview:large","keywords":"","webmasterTools":{"google-site-verification":"Nku-_1g-wtMYqihMzrUWbm5pdgO5gPY2D7l1ya5YPAU","msvalidate.01":"9fc30828a433413eb7b3b5d32174774f","yandex-verification":"c2122235dabe51e3","miscellaneous":""},"og:locale":"de_DE","og:site_name":"Agile Labs - Industry and laboratory software solutions","og:type":"article","og:title":"Overview - Agile Labs","og:description":"Calibration Management Software - CMS Prime Technologies offers proven calibration management software (CMS) solutions to manage assets for Calibration, Maintenance and Validation. A ProCal system ensures regulatory compliance, improved practices, saves time, increases productivity and reduces operational costs. Both ProCalV5 and ProCal Direct interface with SAP Enterprise. Two Deployment Options For Large And Small Companies","og:url":"https:\/\/www.agilelabs.co.za\/de\/overview\/","og:image":"https:\/\/www.agilelabs.co.za\/wp-content\/uploads\/2021\/08\/TwitterLogo.png?wsr","og:image:secure_url":"https:\/\/www.agilelabs.co.za\/wp-content\/uploads\/2021\/08\/TwitterLogo.png?wsr","og:image:width":189,"og:image:height":168,"article:published_time":"2021-08-20T00:44:41+00:00","article:modified_time":"2021-11-23T18:27:26+00:00","article:publisher":"https:\/\/www.facebook.com\/AgileLabsTeam","article:author":"https:\/\/www.facebook.com\/AgileLabsTeam","twitter:card":"summary","twitter:site":"@InfoAgileLabs","twitter:title":"Overview - Agile Labs","twitter:description":"Calibration Management Software - CMS Prime Technologies offers proven calibration management software (CMS) solutions to manage assets for Calibration, Maintenance and Validation. A ProCal system ensures regulatory compliance, improved practices, saves time, increases productivity and reduces operational costs. Both ProCalV5 and ProCal Direct interface with SAP Enterprise. Two Deployment Options For Large And Small Companies","twitter:creator":"@InfoAgileLabs","twitter:image":"https:\/\/www.agilelabs.co.za\/wp-content\/uploads\/2021\/08\/TwitterLogo.png?wsr","schema":{"@context":"https:\/\/schema.org","@graph":[{"@type":"BreadcrumbList","@id":"https:\/\/www.agilelabs.co.za\/de\/overview\/#breadcrumblist","itemListElement":[{"@type":"ListItem","@id":"https:\/\/www.agilelabs.co.za\/de\/#listItem","position":1,"name":"Home","item":"https:\/\/www.agilelabs.co.za\/de\/","nextItem":"https:\/\/www.agilelabs.co.za\/de\/overview\/#listItem"},{"@type":"ListItem","@id":"https:\/\/www.agilelabs.co.za\/de\/overview\/#listItem","position":2,"name":"Overview","previousItem":"https:\/\/www.agilelabs.co.za\/de\/#listItem"}]},{"@type":"Organization","@id":"https:\/\/www.agilelabs.co.za\/de\/#organization","name":"Agile Labs","url":"https:\/\/www.agilelabs.co.za\/de\/","logo":{"@type":"ImageObject","url":"https:\/\/www.agilelabs.co.za\/wp-content\/uploads\/2021\/08\/LogoTransparant.gif?wsr","@id":"https:\/\/www.agilelabs.co.za\/de\/overview\/#organizationLogo","width":125,"height":113},"image":{"@id":"https:\/\/www.agilelabs.co.za\/de\/overview\/#organizationLogo"},"sameAs":["https:\/\/www.facebook.com\/AgileLabsTeam","https:\/\/twitter.com\/InfoAgileLabs"]},{"@type":"WebPage","@id":"https:\/\/www.agilelabs.co.za\/de\/overview\/#webpage","url":"https:\/\/www.agilelabs.co.za\/de\/overview\/","name":"Overview - Agile Labs","description":"Calibration Management Software - CMS Prime Technologies offers proven calibration management software (CMS) solutions to manage assets for Calibration, Maintenance and Validation. A ProCal system ensures regulatory compliance, improved practices, saves time, increases productivity and reduces operational costs. Both ProCalV5 and ProCal Direct interface with SAP Enterprise. Two Deployment Options For Large And Small Companies","inLanguage":"de-DE","isPartOf":{"@id":"https:\/\/www.agilelabs.co.za\/de\/#website"},"breadcrumb":{"@id":"https:\/\/www.agilelabs.co.za\/de\/overview\/#breadcrumblist"},"datePublished":"2021-08-20T02:44:41+02:00","dateModified":"2021-11-23T20:27:26+02:00"},{"@type":"WebSite","@id":"https:\/\/www.agilelabs.co.za\/de\/#website","url":"https:\/\/www.agilelabs.co.za\/de\/","name":"Agile Labs","description":"Industry and laboratory software solutions","inLanguage":"de-DE","publisher":{"@id":"https:\/\/www.agilelabs.co.za\/de\/#organization"}}]}},"aioseo_meta_data":{"post_id":"11592","title":null,"description":null,"keywords":null,"keyphrases":null,"primary_term":null,"canonical_url":null,"og_title":null,"og_description":null,"og_object_type":"default","og_image_type":"default","og_image_url":null,"og_image_width":null,"og_image_height":null,"og_image_custom_url":null,"og_image_custom_fields":null,"og_video":null,"og_custom_url":null,"og_article_section":null,"og_article_tags":null,"twitter_use_og":false,"twitter_card":"default","twitter_image_type":"default","twitter_image_url":null,"twitter_image_custom_url":null,"twitter_image_custom_fields":null,"twitter_title":null,"twitter_description":null,"schema":{"blockGraphs":[],"customGraphs":[],"default":{"data":{"Article":[],"Course":[],"Dataset":[],"FAQPage":[],"Movie":[],"Person":[],"Product":[],"Recipe":[],"Service":[],"SoftwareApplication":[],"WebPage":[]},"graphName":"","isEnabled":true},"graphs":[]},"schema_type":"default","schema_type_options":null,"pillar_content":false,"robots_default":true,"robots_noindex":false,"robots_noarchive":false,"robots_nosnippet":false,"robots_nofollow":false,"robots_noimageindex":false,"robots_noodp":false,"robots_notranslate":false,"robots_max_snippet":null,"robots_max_videopreview":null,"robots_max_imagepreview":"large","priority":null,"frequency":null,"local_seo":null,"limit_modified_date":false,"open_ai":null,"created":"2022-02-09 02:39:01","updated":"2022-09-13 21:12:00"},"_links":{"self":[{"href":"https:\/\/www.agilelabs.co.za\/de\/wp-json\/wp\/v2\/pages\/11592","targetHints":{"allow":["GET"]}}],"collection":[{"href":"https:\/\/www.agilelabs.co.za\/de\/wp-json\/wp\/v2\/pages"}],"about":[{"href":"https:\/\/www.agilelabs.co.za\/de\/wp-json\/wp\/v2\/types\/page"}],"author":[{"embeddable":true,"href":"https:\/\/www.agilelabs.co.za\/de\/wp-json\/wp\/v2\/users\/1"}],"replies":[{"embeddable":true,"href":"https:\/\/www.agilelabs.co.za\/de\/wp-json\/wp\/v2\/comments?post=11592"}],"version-history":[{"count":0,"href":"https:\/\/www.agilelabs.co.za\/de\/wp-json\/wp\/v2\/pages\/11592\/revisions"}],"wp:attachment":[{"href":"https:\/\/www.agilelabs.co.za\/de\/wp-json\/wp\/v2\/media?parent=11592"}],"wp:term":[{"taxonomy":"category","embeddable":true,"href":"https:\/\/www.agilelabs.co.za\/de\/wp-json\/wp\/v2\/categories?post=11592"},{"taxonomy":"post_tag","embeddable":true,"href":"https:\/\/www.agilelabs.co.za\/de\/wp-json\/wp\/v2\/tags?post=11592"}],"curies":[{"name":"wp","href":"https:\/\/api.w.org\/{rel}","templated":true}]}}